{"id":100,"date":"2024-07-18T14:25:37","date_gmt":"2024-07-18T17:25:37","guid":{"rendered":"http:\/\/institutopeabiru.wordpress.com\/?page_id=100"},"modified":"2024-07-18T14:25:37","modified_gmt":"2024-07-18T17:25:37","slug":"programa-casa-da-virada","status":"publish","type":"page","link":"https:\/\/peabiru.org.br\/en\/programa-casa-da-virada\/","title":{"rendered":"Casa da Virada"},"content":{"rendered":"<p><img loading=\"lazy\" decoding=\"async\" class=\"aligncenter size-large wp-image-1032\" title=\"Top-Casa-da-Virada\" src=\"http:\/\/peabiru.org.br\/wp-content\/uploads\/2012\/08\/top-casa-da-virada2.jpg?w=1680\" alt=\"\" width=\"1680\" height=\"307\" \/>Com in\u00edcio em 2007, o Instituto Peabiru atuou no munic\u00edpio de Curu\u00e7\u00e1, no Salgado Paraense, atrav\u00e9s do Programa Casa da Virada, em pesquisas cient\u00edficas para identificar as principais problem\u00e1ticas socioecon\u00f4micas e ambientais e fortalecer os grupos tradicionais locais. Este trabalho foi financiado pelo edital p\u00fablico PETROBRAS Ambiental, complementado por recursos dos editais p\u00fablicos Crian\u00e7a Esperan\u00e7a (Rede Globo e UNESCO) e Minist\u00e9rio do Turismo.<\/p>\n<p>A regi\u00e3o apresenta baixo IDH e altos \u00edndices de desmatamento, por\u00e9m possui muitas riquezas em biodiversidade e cultura. \u00c9 onde est\u00e1 localizada a Reserva Extrativista M\u00e3e Grande de Curu\u00e7\u00e1, que conserva cerca de 20 mil hectares de manguezais. Ao mesmo tempo, Curu\u00e7\u00e1 atrai forte debate sobre dois mega-projetos: o Super Porto do Espadarte, e a Esta\u00e7\u00e3o Flutuante de Transbordo, por est\u00e1 situada ao extremo sul do Estu\u00e1rio do Amazonas-Tocantins, com caracter\u00edsticas naturais ideais para portos off-shore.<\/p>\n<p>Diante destes desafios, o Programa desenvolveu a\u00e7\u00f5es de valoriza\u00e7\u00e3o da biodiversidade e consolida\u00e7\u00e3o de pesquisas cient\u00edficas com o Museu Goeldi, al\u00e9m do fortalecer\u00a0 o Ecoturismo de Base Comunit\u00e1ria e a produ\u00e7\u00e3o de mel de Abelhas Nativas e forma\u00e7\u00e3o de novos agentes ambientais.<\/p>\n<p>Na primeira etapa, realizada entre 2007 e 2009, o Programa Casa da Virada conquistou os seguintes resultados:<\/p>\n<ol>\n<li>O lan\u00e7amento do F\u00f3rum da Agenda 21 abrangendo 52 comunidades rurais;<\/li>\n<li>A forma\u00e7\u00e3o de 120 agentes ambientais, estudantes de escolas p\u00fablicas locais;<\/li>\n<li>O desenvolvimento de duas cadeias de valor inclusivas: o ecoturismo de base comunit\u00e1ri e a produ\u00e7\u00e3o de mel de abelhas nativas, com a associa\u00e7\u00e3o local, a ASMELC;<\/li>\n<li>Pesquisas cient\u00edficas que, entre outros resultados, levaram ao registro das cinco esp\u00e9cies tartarugas marinhas presentes na costa brasileira, bem como ind\u00edcios de um novo tipo de ecossistema &#8211; a Floresta Amaz\u00f4nica Atl\u00e2ntica.<\/li>\n<\/ol>\n<p><a href=\"http:\/\/institutopeabiru.wordpress.com\/multimidia-2\/galeria-de-imagens\/programa-casa-da-virada\/\">Galeria de Imagens<\/a><\/p>\n<p><span style=\"color: #800000;\">Patroc\u00ednio\u00a0<\/span><\/p>\n<p style=\"text-align: center;\"><img loading=\"lazy\" decoding=\"async\" class=\"aligncenter wp-image-2615 size-full\" src=\"http:\/\/peabiru.org.br\/wp-content\/uploads\/2014\/01\/marcas-casa-da-virada_corte.png\" alt=\"marcas-casa-da-virada_corte\" width=\"1370\" height=\"247\" \/><\/p>","protected":false},"excerpt":{"rendered":"<p>Com in\u00edcio em 2007, o Instituto Peabiru atuou no munic\u00edpio de Curu\u00e7\u00e1, no Salgado Paraense, atrav\u00e9s do Programa Casa da Virada<\/p>","protected":false},"author":2,"featured_media":7748,"parent":0,"menu_order":2,"comment_status":"open","ping_status":"open","template":"template-fullwidth.php","meta":{"advanced_seo_description":"","jetpack_seo_html_title":"","jetpack_seo_noindex":false,"footnotes":""},"class_list":["post-100","page","type-page","status-publish","has-post-thumbnail","hentry"],"jetpack_sharing_enabled":false,"_links":{"self":[{"href":"https:\/\/peabiru.org.br\/en\/wp-json\/wp\/v2\/pages\/100","targetHints":{"allow":["GET"]}}],"collection":[{"href":"https:\/\/peabiru.org.br\/en\/wp-json\/wp\/v2\/pages"}],"about":[{"href":"https:\/\/peabiru.org.br\/en\/wp-json\/wp\/v2\/types\/page"}],"author":[{"embeddable":true,"href":"https:\/\/peabiru.org.br\/en\/wp-json\/wp\/v2\/users\/2"}],"replies":[{"embeddable":true,"href":"https:\/\/peabiru.org.br\/en\/wp-json\/wp\/v2\/comments?post=100"}],"version-history":[{"count":2,"href":"https:\/\/peabiru.org.br\/en\/wp-json\/wp\/v2\/pages\/100\/revisions"}],"predecessor-version":[{"id":14689,"href":"https:\/\/peabiru.org.br\/en\/wp-json\/wp\/v2\/pages\/100\/revisions\/14689"}],"wp:featuredmedia":[{"embeddable":true,"href":"https:\/\/peabiru.org.br\/en\/wp-json\/wp\/v2\/media\/7748"}],"wp:attachment":[{"href":"https:\/\/peabiru.org.br\/en\/wp-json\/wp\/v2\/media?parent=100"}],"curies":[{"name":"wp","href":"https:\/\/api.w.org\/{rel}","templated":true}]}}