{"id":105,"date":"2012-08-16T20:24:27","date_gmt":"2012-08-16T20:24:27","guid":{"rendered":"http:\/\/institutopeabiru.wordpress.com\/?page_id=105"},"modified":"2012-08-16T20:24:27","modified_gmt":"2012-08-16T20:24:27","slug":"cadeiasdevalor","status":"publish","type":"page","link":"https:\/\/peabiru.org.br\/en\/cadeiasdevalor\/","title":{"rendered":"Cadeias de Valor"},"content":{"rendered":"<p><img loading=\"lazy\" decoding=\"async\" class=\"aligncenter size-medium wp-image-836\" title=\"Top-Ecoturismo\" src=\"http:\/\/peabiru.org.br\/wp-content\/uploads\/2012\/08\/top-ecoturismo1.jpg?w=1024\" alt=\"\" width=\"1024\" height=\"187\" \/><\/p>\n<p><span style=\"font-size:14.84px;\">O fortalecimento das cadeias de valor da sociobiodiversidade \u00e9 a principal estrat\u00e9gia do Instituto Peabiru em diversas frentes de atua\u00e7\u00e3o, como no Amap\u00e1. A prioridade \u00e9 para a cria\u00e7\u00e3o de abelhas nativas sem ferr\u00e3o e o ecoturismo de base comunit\u00e1ria (EBC), mas novas cadeias de valor, como o a\u00e7a\u00ed, cacau, castanha s\u00e3o demandas recentes das comunidades.<br \/>\nO Instituto Peabiru acredita que a gera\u00e7\u00e3o de renda local a partir dos produtos das florestas e das \u00e1guas resultam em fortalecimento das comunidades de unidades de conserva\u00e7\u00e3o de uso sustent\u00e1vel (RESEX e RDS) e do entorno de unidades de conserva\u00e7\u00e3o de prote\u00e7\u00e3o integral. E isto \u00e9 ainda mais importante no maior corredor da biodiversidade de florestas tropicais do planeta \u2013 o das Guianas, que no Brasil, abrange \u00e1reas dos Estados do Par\u00e1, Amap\u00e1 e Amazonas.<br \/>\n<\/span><\/p>\n<h2><\/h2>\n<h2>Abelhas Nativas<\/h2>\n<p><span style=\"font-size:14.84px;\">A meliponicultura refor\u00e7a, ainda, quest\u00f5es essenciais ao fortalecimento do tecido social local, como o associativismo e a formaliza\u00e7\u00e3o de rela\u00e7\u00f5es, bem como a posi\u00e7\u00e3o na cadeia de valor. Na quest\u00e3o social, esta \u00e9 a oportunidade de priorizar quest\u00f5es de g\u00eanero, fortalecendo a posi\u00e7\u00e3o da mulher e de jovens na gera\u00e7\u00e3o e controle de recursos financeiros e recursos naturais.<br \/>\nForam cinco anos de aprendizado com cerca de 350 fam\u00edlias entre comunidades tradicionais \u2013 quilombolas do Amap\u00e1, \u00edndios do Oiapoque, ribeirinhos do Maraj\u00f3 e agricultores familiares de Curu\u00e7\u00e1 \u2013 para avan\u00e7ar na estrutura\u00e7\u00e3o de um programa de meliponicultura.<\/span><\/p>\n<p><a href=\"http:\/\/peabiru.org.br\/en\/multimidia-2\/galeria-de-imagens\/galeria-abelhas-nativas\/\" target=\"_blank\" rel=\"noopener\">Galeria de Imagens<\/a><\/p>\n<h2><strong>Ecoturismo<\/strong><\/h2>\n<p>No Ecoturismo, as comunidades participam de oficinas e cursos de forma\u00e7\u00e3o para a constru\u00e7\u00e3o roteiros e outros neg\u00f3cios ecotur\u00edsticos, visando a gera\u00e7\u00e3o complementar de renda, o fortalecimento das capacidades humanas locais e a melhoria da organiza\u00e7\u00e3o social. O trabalho \u00e9 direcionado especialmente para mulheres e jovens.<br \/>\nJ\u00e1 o programa de Abelhas Nativas \u00e9 focado para a capacita\u00e7\u00e3o t\u00e9cnica em Meliponicultura de comunidades tradicionais. As fam\u00edlias aprendem a produzir mel a partir das mel\u00edponas, abelhas nativas da Amaz\u00f4nia, que n\u00e3o possuem ferr\u00e3o. Essa esp\u00e9cie est\u00e1 entre os principais polinizadores da Amaz\u00f4nia e \u00e9 um dos grupos que mais sofre com a degrada\u00e7\u00e3o ambiental.<br \/>\nPor isso, al\u00e9m de gera\u00e7\u00e3o de renda complementar a partir da venda do mel, o Programa tem papel importante na conserva\u00e7\u00e3o da biodiversidade local e refor\u00e7a outras cadeias de valor. A cria\u00e7\u00e3o de abelhas oferece maior disponibilidade de frutos no pomar, garante a maior produ\u00e7\u00e3o de frutos comerciais como a\u00e7a\u00ed, cacau, urucum, caf\u00e9 e frutos para polpa. As abelhas contribuem ainda para diminui\u00e7\u00e3o de queimadas, desmatamento, polui\u00e7\u00e3o da \u00e1gua e disposi\u00e7\u00e3o do lixo, com efeitos mensur\u00e1veis na emiss\u00e3o de gases para o efeito estufa (REED).<\/p>\n<p><a href=\"http:\/\/institutopeabiru.wordpress.com\/multimidia-2\/galeria-de-imagens\/ecoturismo-de-base-comunitaria\/\" target=\"_blank\" rel=\"noopener\">Galeria de Imagens<\/a><\/p>","protected":false},"excerpt":{"rendered":"<p>O fortalecimento das cadeias de valor da sociobiodiversidade \u00e9 a principal estrat\u00e9gia do Instituto Peabiru em diversas frentes de atua\u00e7\u00e3o, como no Amap\u00e1. A prioridade \u00e9 para a cria\u00e7\u00e3o de abelhas nativas sem ferr\u00e3o e o ecoturismo de base comunit\u00e1ria (EBC), mas novas cadeias de valor, como o a\u00e7a\u00ed, cacau, castanha s\u00e3o demandas recentes das [&hellip;]<\/p>","protected":false},"author":2,"featured_media":836,"parent":0,"menu_order":4,"comment_status":"open","ping_status":"open","template":"template-fullwidth.php","meta":{"advanced_seo_description":"","jetpack_seo_html_title":"","jetpack_seo_noindex":false,"footnotes":""},"class_list":["post-105","page","type-page","status-publish","has-post-thumbnail","hentry"],"jetpack_sharing_enabled":false,"_links":{"self":[{"href":"https:\/\/peabiru.org.br\/en\/wp-json\/wp\/v2\/pages\/105","targetHints":{"allow":["GET"]}}],"collection":[{"href":"https:\/\/peabiru.org.br\/en\/wp-json\/wp\/v2\/pages"}],"about":[{"href":"https:\/\/peabiru.org.br\/en\/wp-json\/wp\/v2\/types\/page"}],"author":[{"embeddable":true,"href":"https:\/\/peabiru.org.br\/en\/wp-json\/wp\/v2\/users\/2"}],"replies":[{"embeddable":true,"href":"https:\/\/peabiru.org.br\/en\/wp-json\/wp\/v2\/comments?post=105"}],"version-history":[{"count":0,"href":"https:\/\/peabiru.org.br\/en\/wp-json\/wp\/v2\/pages\/105\/revisions"}],"wp:featuredmedia":[{"embeddable":true,"href":"https:\/\/peabiru.org.br\/en\/wp-json\/wp\/v2\/media\/836"}],"wp:attachment":[{"href":"https:\/\/peabiru.org.br\/en\/wp-json\/wp\/v2\/media?parent=105"}],"curies":[{"name":"wp","href":"https:\/\/api.w.org\/{rel}","templated":true}]}}