{"id":11126,"date":"2024-06-26T16:36:06","date_gmt":"2024-06-26T19:36:06","guid":{"rendered":"https:\/\/peabiru.org.br\/?page_id=11126"},"modified":"2024-07-15T14:23:20","modified_gmt":"2024-07-15T17:23:20","slug":"onde-estamos","status":"publish","type":"page","link":"https:\/\/peabiru.org.br\/en\/onde-estamos\/","title":{"rendered":"Where we are"},"content":{"rendered":"","protected":false},"excerpt":{"rendered":"<p>Confira onde os projetos e iniciativas do Instituto Peabiru est\u00e3o localizadas<\/p>","protected":false},"author":2,"featured_media":0,"parent":0,"menu_order":0,"comment_status":"closed","ping_status":"closed","template":"page-templates\/onde-estamos.php","meta":{"advanced_seo_description":"Territ\u00f3rios de atua\u00e7\u00e3o dos projetos do Instituto Peabiru.","jetpack_seo_html_title":"Onde estamos","jetpack_seo_noindex":false,"footnotes":""},"class_list":["post-11126","page","type-page","status-publish","hentry"],"jetpack_sharing_enabled":true,"_links":{"self":[{"href":"https:\/\/peabiru.org.br\/en\/wp-json\/wp\/v2\/pages\/11126","targetHints":{"allow":["GET"]}}],"collection":[{"href":"https:\/\/peabiru.org.br\/en\/wp-json\/wp\/v2\/pages"}],"about":[{"href":"https:\/\/peabiru.org.br\/en\/wp-json\/wp\/v2\/types\/page"}],"author":[{"embeddable":true,"href":"https:\/\/peabiru.org.br\/en\/wp-json\/wp\/v2\/users\/2"}],"replies":[{"embeddable":true,"href":"https:\/\/peabiru.org.br\/en\/wp-json\/wp\/v2\/comments?post=11126"}],"version-history":[{"count":3,"href":"https:\/\/peabiru.org.br\/en\/wp-json\/wp\/v2\/pages\/11126\/revisions"}],"predecessor-version":[{"id":14627,"href":"https:\/\/peabiru.org.br\/en\/wp-json\/wp\/v2\/pages\/11126\/revisions\/14627"}],"wp:attachment":[{"href":"https:\/\/peabiru.org.br\/en\/wp-json\/wp\/v2\/media?parent=11126"}],"curies":[{"name":"wp","href":"https:\/\/api.w.org\/{rel}","templated":true}]}}