{"id":12690,"date":"2022-07-04T20:41:08","date_gmt":"2022-07-04T23:41:08","guid":{"rendered":"https:\/\/peabiru.org.br\/?page_id=12690"},"modified":"2022-11-23T17:25:39","modified_gmt":"2022-11-23T20:25:39","slug":"psea","status":"publish","type":"page","link":"https:\/\/peabiru.org.br\/en\/psea\/","title":{"rendered":"Pol\u00edtica de Prote\u00e7\u00e3o contra o Abuso e Explora\u00e7\u00e3o Sexual"},"content":{"rendered":"<figure class=\"wp-block-image size-large wp-duotone-333-ccc-1\"><img loading=\"lazy\" decoding=\"async\" width=\"1024\" height=\"358\" src=\"https:\/\/peabiru.org.br\/wp-content\/uploads\/2022\/07\/closeup-portrait-young-annoyed-angry-woman-with-bad-attitude-giving-talk-to-hand-gesture-with-palm-outward-isolated-grey-wall-background-negative-human-emotion-face-expression-feeling-body-language-1024x358.jpg\" alt=\"\" class=\"wp-image-12697\" srcset=\"https:\/\/peabiru.org.br\/wp-content\/uploads\/2022\/07\/closeup-portrait-young-annoyed-angry-woman-with-bad-attitude-giving-talk-to-hand-gesture-with-palm-outward-isolated-grey-wall-background-negative-human-emotion-face-expression-feeling-body-language-1024x358.jpg 1024w, https:\/\/peabiru.org.br\/wp-content\/uploads\/2022\/07\/closeup-portrait-young-annoyed-angry-woman-with-bad-attitude-giving-talk-to-hand-gesture-with-palm-outward-isolated-grey-wall-background-negative-human-emotion-face-expression-feeling-body-language-300x105.jpg 300w, https:\/\/peabiru.org.br\/wp-content\/uploads\/2022\/07\/closeup-portrait-young-annoyed-angry-woman-with-bad-attitude-giving-talk-to-hand-gesture-with-palm-outward-isolated-grey-wall-background-negative-human-emotion-face-expression-feeling-body-language-768x269.jpg 768w, https:\/\/peabiru.org.br\/wp-content\/uploads\/2022\/07\/closeup-portrait-young-annoyed-angry-woman-with-bad-attitude-giving-talk-to-hand-gesture-with-palm-outward-isolated-grey-wall-background-negative-human-emotion-face-expression-feeling-body-language-1536x538.jpg 1536w, https:\/\/peabiru.org.br\/wp-content\/uploads\/2022\/07\/closeup-portrait-young-annoyed-angry-woman-with-bad-attitude-giving-talk-to-hand-gesture-with-palm-outward-isolated-grey-wall-background-negative-human-emotion-face-expression-feeling-body-language-18x6.jpg 18w, https:\/\/peabiru.org.br\/wp-content\/uploads\/2022\/07\/closeup-portrait-young-annoyed-angry-woman-with-bad-attitude-giving-talk-to-hand-gesture-with-palm-outward-isolated-grey-wall-background-negative-human-emotion-face-expression-feeling-body-language.jpg 1920w\" sizes=\"auto, (max-width: 1024px) 100vw, 1024px\" \/><\/figure>\n\n\n\n<p>A Pol\u00edtica de Prote\u00e7\u00e3o contra o Abuso e Explora\u00e7\u00e3o Sexual tem como prop\u00f3sito ser um marco de refer\u00eancia para que o Instituto Peabiru construa uma cultura de preven\u00e7\u00e3o ao abuso e \u00e0 explora\u00e7\u00e3o sexual. Esta Pol\u00edtica serve para que todas as pessoas que comp\u00f5em o Instituto Peabiru compreendam seu papel e responsabilidades na garantia de um ambiente seguro, conhecendo tanto o seu papel na preven\u00e7\u00e3o ao abuso e a explora\u00e7\u00e3o sexual, quanto as consequ\u00eancias da quebra desta Pol\u00edtica.<\/p>\n\n\n\n<div style=\"height:40px\" aria-hidden=\"true\" class=\"wp-block-spacer\"><\/div>\n\n\n\n<div class=\"wp-block-buttons is-content-justification-center is-layout-flex wp-container-core-buttons-is-layout-16018d1d wp-block-buttons-is-layout-flex\">\n<div class=\"wp-block-button is-style-outline is-style-outline--2\"><a class=\"wp-block-button__link wp-element-button\" href=\"https:\/\/peabiru.org.br\/wp-content\/uploads\/2022\/07\/Politica-PSEA-2022.pdf\" style=\"border-radius:0px\">Acesse a Pol\u00edtica de Prote\u00e7\u00e3o contra o Abuso e Explora\u00e7\u00e3o Sexual<\/a><\/div>\n<\/div>\n\n\n\n<div style=\"height:70px\" aria-hidden=\"true\" class=\"wp-block-spacer\"><\/div>\n\n\n\n<h2 class=\"wp-block-heading\">Pol\u00edtica de den\u00fancias de ass\u00e9dio, abuso e explora\u00e7\u00e3o sexual<\/h2>\n\n\n\n<p>Ao estabelecermos uma Pol\u00edtica de Den\u00fancias de Ass\u00e9dio, Abuso e Explora\u00e7\u00e3o sexual, buscamos definir mecanismos e procedimentos para transpar\u00eancia e assertividade no encaminhamento de den\u00fancias recebidas, bem como estabelecer regras a serem observadas no processo de investiga\u00e7\u00e3o destas den\u00fancias. Em todas as a\u00e7\u00f5es conduzidas pelo Instituto Peabiru, sejam projetos, atividades isoladas ou compostas, formaliza\u00e7\u00e3o de parcerias, entre outras, s\u00e3o estabelecidos e publicitados para todos os atores envolvidos, os mecanismos dispon\u00edveis de formula\u00e7\u00e3o de den\u00fancias, com o intuito de garantir a prote\u00e7\u00e3o integral de todas as pessoas envolvidas, principalmente crian\u00e7as e adolescentes.<\/p>\n\n\n\n<div style=\"height:100px\" aria-hidden=\"true\" class=\"wp-block-spacer\"><\/div>\n\n\n\n<h2 class=\"wp-block-heading\">Canais de den\u00fancia<\/h2>\n\n\n\n<p>As den\u00fancias feitas por meio dos canais de den\u00fancia s\u00e3o recebidas pelo Comit\u00ea da Pol\u00edtica PSEA, respons\u00e1vel pela gest\u00e3o destes canais, que ir\u00e1 realizar uma triagem inicial das informa\u00e7\u00f5es e assegurar\u00e1 seu sigilo e confidencialidade.<\/p>\n\n\n\n<p>Os canais de den\u00fancia podem ser acessados de forma gratuita e a qualquer tempo, pelos seguintes meios:<\/p>\n\n\n\n<ol class=\"wp-block-list\">\n<li><strong>Comit\u00ea da Pol\u00edtica PSEA atrav\u00e9s de e-mail.<\/strong><\/li>\n<\/ol>\n\n\n\n<div style=\"height:50px\" aria-hidden=\"true\" class=\"wp-block-spacer\"><\/div>\n\n\n\n<div class=\"wp-block-buttons is-content-justification-center is-layout-flex wp-container-core-buttons-is-layout-16018d1d wp-block-buttons-is-layout-flex\">\n<div class=\"wp-block-button is-style-fill\"><a class=\"wp-block-button__link has-white-color has-text-color has-background wp-element-button\" href=\"mailto:denuncia@peabiru.org.br\" style=\"border-radius:0px;background-color:#1d874a\">Enviar email para <strong>denuncia@peabiru.org.br<\/strong><\/a><\/div>\n<\/div>\n\n\n\n<div style=\"height:50px\" aria-hidden=\"true\" class=\"wp-block-spacer\"><\/div>\n\n\n\n<ol class=\"wp-block-list\" start=\"2\">\n<li><strong>Canal de den\u00fancia an\u00f4nima<\/strong>:<\/li>\n<\/ol>\n\n\n\n<div style=\"height:50px\" aria-hidden=\"true\" class=\"wp-block-spacer\"><\/div>\n\n\n\n<div class=\"wp-block-buttons is-content-justification-center is-layout-flex wp-container-core-buttons-is-layout-16018d1d wp-block-buttons-is-layout-flex\">\n<div class=\"wp-block-button has-custom-width wp-block-button__width-50 is-style-fill\"><a class=\"wp-block-button__link has-white-color has-text-color has-background wp-element-button\" href=\"https:\/\/forms.gle\/UVHvmvdjqwaLwrvT7\" style=\"border-radius:0px;background-color:#1d874a\">Acessar formul\u00e1rio para fazer sua den\u00fancia anonimamente<\/a><\/div>\n<\/div>\n\n\n\n<div style=\"height:100px\" aria-hidden=\"true\" class=\"wp-block-spacer\"><\/div>\n\n\n\n<h2 class=\"wp-block-heading\">Tratamento de den\u00fancias<\/h2>\n\n\n\n<p>As den\u00fancias feitas por meio dos canais de den\u00fancias s\u00e3o recebidas e encaminhadas pelo Comit\u00ea da Pol\u00edtica PSEA do Instituto Peabiru, respons\u00e1vel pela gest\u00e3o destes canais, que realiza uma triagem inicial das informa\u00e7\u00f5es e assegura seu sigilo e confidencialidade. Veja abaixo o fluxo de tratamento de den\u00fancias estabelecido em nossa Pol\u00edtica.<\/p>\n\n\n\n<div style=\"height:53px\" aria-hidden=\"true\" class=\"wp-block-spacer\"><\/div>\n\n\n<div class=\"wp-block-image is-style-default\">\n<figure class=\"aligncenter size-large\"><img loading=\"lazy\" decoding=\"async\" width=\"1024\" height=\"768\" src=\"https:\/\/peabiru.org.br\/wp-content\/uploads\/2022\/11\/Fluxograma3-1-3-1024x768.png\" alt=\"\" class=\"wp-image-13424\" srcset=\"https:\/\/peabiru.org.br\/wp-content\/uploads\/2022\/11\/Fluxograma3-1-3-1024x768.png 1024w, https:\/\/peabiru.org.br\/wp-content\/uploads\/2022\/11\/Fluxograma3-1-3-300x225.png 300w, https:\/\/peabiru.org.br\/wp-content\/uploads\/2022\/11\/Fluxograma3-1-3-768x576.png 768w, https:\/\/peabiru.org.br\/wp-content\/uploads\/2022\/11\/Fluxograma3-1-3-1536x1152.png 1536w, https:\/\/peabiru.org.br\/wp-content\/uploads\/2022\/11\/Fluxograma3-1-3-16x12.png 16w, https:\/\/peabiru.org.br\/wp-content\/uploads\/2022\/11\/Fluxograma3-1-3.png 2048w\" sizes=\"auto, (max-width: 1024px) 100vw, 1024px\" \/><figcaption class=\"wp-element-caption\">Fluxo do tratamento de den\u00fancias. <\/figcaption><\/figure>\n<\/div>","protected":false},"excerpt":{"rendered":"<p>A Pol\u00edtica de Prote\u00e7\u00e3o contra o Abuso e Explora\u00e7\u00e3o Sexual tem como prop\u00f3sito ser um marco de refer\u00eancia para que o Instituto Peabiru construa uma cultura de preven\u00e7\u00e3o ao abuso e \u00e0 explora\u00e7\u00e3o sexual. Esta Pol\u00edtica serve para que todas as pessoas que comp\u00f5em o Instituto Peabiru compreendam seu papel e responsabilidades na garantia de [&hellip;]<\/p>","protected":false},"author":2,"featured_media":0,"parent":0,"menu_order":0,"comment_status":"closed","ping_status":"closed","template":"","meta":{"advanced_seo_description":"","jetpack_seo_html_title":"","jetpack_seo_noindex":false,"footnotes":""},"class_list":["post-12690","page","type-page","status-publish","hentry"],"jetpack_sharing_enabled":true,"_links":{"self":[{"href":"https:\/\/peabiru.org.br\/en\/wp-json\/wp\/v2\/pages\/12690","targetHints":{"allow":["GET"]}}],"collection":[{"href":"https:\/\/peabiru.org.br\/en\/wp-json\/wp\/v2\/pages"}],"about":[{"href":"https:\/\/peabiru.org.br\/en\/wp-json\/wp\/v2\/types\/page"}],"author":[{"embeddable":true,"href":"https:\/\/peabiru.org.br\/en\/wp-json\/wp\/v2\/users\/2"}],"replies":[{"embeddable":true,"href":"https:\/\/peabiru.org.br\/en\/wp-json\/wp\/v2\/comments?post=12690"}],"version-history":[{"count":12,"href":"https:\/\/peabiru.org.br\/en\/wp-json\/wp\/v2\/pages\/12690\/revisions"}],"predecessor-version":[{"id":13425,"href":"https:\/\/peabiru.org.br\/en\/wp-json\/wp\/v2\/pages\/12690\/revisions\/13425"}],"wp:attachment":[{"href":"https:\/\/peabiru.org.br\/en\/wp-json\/wp\/v2\/media?parent=12690"}],"curies":[{"name":"wp","href":"https:\/\/api.w.org\/{rel}","templated":true}]}}