{"id":12969,"date":"2024-07-18T15:16:18","date_gmt":"2024-07-18T18:16:18","guid":{"rendered":"https:\/\/peabiru.org.br\/?page_id=12969"},"modified":"2024-07-18T15:16:18","modified_gmt":"2024-07-18T18:16:18","slug":"galeria","status":"publish","type":"page","link":"https:\/\/peabiru.org.br\/en\/galeria\/","title":{"rendered":"Galeria"},"content":{"rendered":"<figure class=\"wp-block-gallery has-nested-images columns-default is-cropped wp-block-gallery-1 is-layout-flex wp-block-gallery-is-layout-flex\">\n<figure class=\"wp-block-image size-large\"><img loading=\"lazy\" decoding=\"async\" width=\"469\" height=\"625\" data-id=\"13033\" src=\"https:\/\/peabiru.org.br\/wp-content\/uploads\/2022\/09\/image-1.jpg\" alt=\"\" class=\"wp-image-13033\" srcset=\"https:\/\/peabiru.org.br\/wp-content\/uploads\/2022\/09\/image-1.jpg 469w, https:\/\/peabiru.org.br\/wp-content\/uploads\/2022\/09\/image-1-225x300.jpg 225w, https:\/\/peabiru.org.br\/wp-content\/uploads\/2022\/09\/image-1-9x12.jpg 9w\" sizes=\"auto, (max-width: 469px) 100vw, 469px\" \/><\/figure>\n\n\n\n<figure class=\"wp-block-image size-large\"><img loading=\"lazy\" decoding=\"async\" width=\"1920\" height=\"1440\" data-id=\"12923\" src=\"https:\/\/peabiru.org.br\/wp-content\/uploads\/2022\/08\/IMG_20150513_135849761_HDR.jpg\" alt=\"\" class=\"wp-image-12923\" srcset=\"https:\/\/peabiru.org.br\/wp-content\/uploads\/2022\/08\/IMG_20150513_135849761_HDR.jpg 1920w, https:\/\/peabiru.org.br\/wp-content\/uploads\/2022\/08\/IMG_20150513_135849761_HDR-300x225.jpg 300w, https:\/\/peabiru.org.br\/wp-content\/uploads\/2022\/08\/IMG_20150513_135849761_HDR-1024x768.jpg 1024w, https:\/\/peabiru.org.br\/wp-content\/uploads\/2022\/08\/IMG_20150513_135849761_HDR-768x576.jpg 768w, https:\/\/peabiru.org.br\/wp-content\/uploads\/2022\/08\/IMG_20150513_135849761_HDR-1536x1152.jpg 1536w, https:\/\/peabiru.org.br\/wp-content\/uploads\/2022\/08\/IMG_20150513_135849761_HDR-16x12.jpg 16w\" sizes=\"auto, (max-width: 1920px) 100vw, 1920px\" \/><\/figure>\n\n\n\n<figure class=\"wp-block-image size-large\"><img loading=\"lazy\" decoding=\"async\" width=\"1920\" height=\"1280\" data-id=\"12950\" src=\"https:\/\/peabiru.org.br\/wp-content\/uploads\/2022\/08\/DSC00112-2.jpg\" alt=\"\" class=\"wp-image-12950\" srcset=\"https:\/\/peabiru.org.br\/wp-content\/uploads\/2022\/08\/DSC00112-2.jpg 1920w, https:\/\/peabiru.org.br\/wp-content\/uploads\/2022\/08\/DSC00112-2-300x200.jpg 300w, https:\/\/peabiru.org.br\/wp-content\/uploads\/2022\/08\/DSC00112-2-1024x683.jpg 1024w, https:\/\/peabiru.org.br\/wp-content\/uploads\/2022\/08\/DSC00112-2-768x512.jpg 768w, https:\/\/peabiru.org.br\/wp-content\/uploads\/2022\/08\/DSC00112-2-1536x1024.jpg 1536w, https:\/\/peabiru.org.br\/wp-content\/uploads\/2022\/08\/DSC00112-2-18x12.jpg 18w\" sizes=\"auto, (max-width: 1920px) 100vw, 1920px\" \/><\/figure>\n\n\n\n<figure class=\"wp-block-image size-large\"><img loading=\"lazy\" decoding=\"async\" width=\"1920\" height=\"1280\" data-id=\"12914\" src=\"https:\/\/peabiru.org.br\/wp-content\/uploads\/2022\/08\/M9A2301.jpeg\" alt=\"\" class=\"wp-image-12914\" srcset=\"https:\/\/peabiru.org.br\/wp-content\/uploads\/2022\/08\/M9A2301.jpeg 1920w, https:\/\/peabiru.org.br\/wp-content\/uploads\/2022\/08\/M9A2301-300x200.jpeg 300w, https:\/\/peabiru.org.br\/wp-content\/uploads\/2022\/08\/M9A2301-1024x683.jpeg 1024w, https:\/\/peabiru.org.br\/wp-content\/uploads\/2022\/08\/M9A2301-768x512.jpeg 768w, https:\/\/peabiru.org.br\/wp-content\/uploads\/2022\/08\/M9A2301-1536x1024.jpeg 1536w, https:\/\/peabiru.org.br\/wp-content\/uploads\/2022\/08\/M9A2301-18x12.jpeg 18w\" sizes=\"auto, (max-width: 1920px) 100vw, 1920px\" \/><figcaption class=\"wp-element-caption\">O Selo UNICEF \u00e9 uma iniciativa de apoio aos munic\u00edpios participantes\nna defini\u00e7\u00e3o e execu\u00e7\u00e3o de uma agenda em prol da defesa dos direitos das crian\u00e7as e dos adolescentes. O processo de mobiliza\u00e7\u00e3o dos munic\u00edpios \u00e9 fundamental para o engajamento dos mesmos em todas as etapas. Para fomentar a atua\u00e7\u00e3o dos mesmos, o projeto disp\u00f5e de uma s\u00e9rie de a\u00e7\u00f5es resultantes de uma agenda constru\u00edda com o UNICEF. Uma das agendas \u00e9 a realiza\u00e7\u00e3o de um encontro pela educa\u00e7\u00e3o do selo UNICEF com as equipes dos munic\u00edpios. Para potencializar o advocacy local, realiza\u00e7\u00e3o a\u00e7\u00f5es de comunica\u00e7\u00e3o e composi\u00e7\u00e3o de relat\u00f3rios, faz- se necess\u00e1rio a realiza\u00e7\u00e3o dos registros em fotos do encontro.\n\n\nO Instituto Peabiru \u00e9 uma Organiza\u00e7\u00e3o da Sociedade Civil de Interesse P\u00fablico \u2013 OSCIP com a miss\u00e3o de \u201cFacilitar processos de fortalecimento da organiza\u00e7\u00e3o social e da valoriza\u00e7\u00e3o da sociobiodiversidade para que as popula\u00e7\u00f5es extrativistas e os agricultores familiares da Amaz\u00f4nia sejam protagonistas de sua realidade\u201d.<\/figcaption><\/figure>\n\n\n\n<figure class=\"wp-block-image size-large\"><img loading=\"lazy\" decoding=\"async\" width=\"1280\" height=\"960\" data-id=\"12892\" src=\"https:\/\/peabiru.org.br\/wp-content\/uploads\/2022\/08\/WhatsApp-Image-2022-08-22-at-15.40.52.jpeg\" alt=\"\" class=\"wp-image-12892\" srcset=\"https:\/\/peabiru.org.br\/wp-content\/uploads\/2022\/08\/WhatsApp-Image-2022-08-22-at-15.40.52.jpeg 1280w, https:\/\/peabiru.org.br\/wp-content\/uploads\/2022\/08\/WhatsApp-Image-2022-08-22-at-15.40.52-300x225.jpeg 300w, https:\/\/peabiru.org.br\/wp-content\/uploads\/2022\/08\/WhatsApp-Image-2022-08-22-at-15.40.52-1024x768.jpeg 1024w, https:\/\/peabiru.org.br\/wp-content\/uploads\/2022\/08\/WhatsApp-Image-2022-08-22-at-15.40.52-768x576.jpeg 768w, https:\/\/peabiru.org.br\/wp-content\/uploads\/2022\/08\/WhatsApp-Image-2022-08-22-at-15.40.52-16x12.jpeg 16w\" sizes=\"auto, (max-width: 1280px) 100vw, 1280px\" \/><\/figure>\n\n\n\n<figure class=\"wp-block-image size-large\"><img loading=\"lazy\" decoding=\"async\" width=\"1085\" height=\"820\" data-id=\"12835\" src=\"https:\/\/peabiru.org.br\/wp-content\/uploads\/2022\/08\/22072012\u00a9Rafael-Araujo-Curuca-Peabiru-01375.jpg\" alt=\"\" class=\"wp-image-12835\" srcset=\"https:\/\/peabiru.org.br\/wp-content\/uploads\/2022\/08\/22072012\u00a9Rafael-Araujo-Curuca-Peabiru-01375.jpg 1085w, https:\/\/peabiru.org.br\/wp-content\/uploads\/2022\/08\/22072012\u00a9Rafael-Araujo-Curuca-Peabiru-01375-300x227.jpg 300w, https:\/\/peabiru.org.br\/wp-content\/uploads\/2022\/08\/22072012\u00a9Rafael-Araujo-Curuca-Peabiru-01375-1024x774.jpg 1024w, https:\/\/peabiru.org.br\/wp-content\/uploads\/2022\/08\/22072012\u00a9Rafael-Araujo-Curuca-Peabiru-01375-768x580.jpg 768w, https:\/\/peabiru.org.br\/wp-content\/uploads\/2022\/08\/22072012\u00a9Rafael-Araujo-Curuca-Peabiru-01375-16x12.jpg 16w\" sizes=\"auto, (max-width: 1085px) 100vw, 1085px\" \/><\/figure>\n\n\n\n<figure class=\"wp-block-image size-large\"><img loading=\"lazy\" decoding=\"async\" width=\"1920\" height=\"1101\" data-id=\"12818\" src=\"https:\/\/peabiru.org.br\/wp-content\/uploads\/2022\/07\/DJI_0031.jpg\" alt=\"\" class=\"wp-image-12818\" srcset=\"https:\/\/peabiru.org.br\/wp-content\/uploads\/2022\/07\/DJI_0031.jpg 1920w, https:\/\/peabiru.org.br\/wp-content\/uploads\/2022\/07\/DJI_0031-300x172.jpg 300w, https:\/\/peabiru.org.br\/wp-content\/uploads\/2022\/07\/DJI_0031-1024x587.jpg 1024w, https:\/\/peabiru.org.br\/wp-content\/uploads\/2022\/07\/DJI_0031-768x440.jpg 768w, https:\/\/peabiru.org.br\/wp-content\/uploads\/2022\/07\/DJI_0031-1536x881.jpg 1536w, https:\/\/peabiru.org.br\/wp-content\/uploads\/2022\/07\/DJI_0031-18x10.jpg 18w\" sizes=\"auto, (max-width: 1920px) 100vw, 1920px\" \/><\/figure>\n\n\n\n<figure class=\"wp-block-image size-large\"><img loading=\"lazy\" decoding=\"async\" width=\"1607\" height=\"903\" data-id=\"12791\" src=\"https:\/\/peabiru.org.br\/wp-content\/uploads\/2022\/07\/Foto-2.jpg\" alt=\"\" class=\"wp-image-12791\" srcset=\"https:\/\/peabiru.org.br\/wp-content\/uploads\/2022\/07\/Foto-2.jpg 1607w, https:\/\/peabiru.org.br\/wp-content\/uploads\/2022\/07\/Foto-2-300x169.jpg 300w, https:\/\/peabiru.org.br\/wp-content\/uploads\/2022\/07\/Foto-2-1024x575.jpg 1024w, https:\/\/peabiru.org.br\/wp-content\/uploads\/2022\/07\/Foto-2-768x432.jpg 768w, https:\/\/peabiru.org.br\/wp-content\/uploads\/2022\/07\/Foto-2-1536x863.jpg 1536w, https:\/\/peabiru.org.br\/wp-content\/uploads\/2022\/07\/Foto-2-18x10.jpg 18w\" sizes=\"auto, (max-width: 1607px) 100vw, 1607px\" \/><\/figure>\n\n\n\n<figure class=\"wp-block-image size-large\"><img loading=\"lazy\" decoding=\"async\" width=\"1011\" height=\"568\" data-id=\"12721\" src=\"https:\/\/peabiru.org.br\/wp-content\/uploads\/2022\/07\/ATIVA-BARCARENA_63.jpg\" alt=\"\" class=\"wp-image-12721\" srcset=\"https:\/\/peabiru.org.br\/wp-content\/uploads\/2022\/07\/ATIVA-BARCARENA_63.jpg 1011w, https:\/\/peabiru.org.br\/wp-content\/uploads\/2022\/07\/ATIVA-BARCARENA_63-300x169.jpg 300w, https:\/\/peabiru.org.br\/wp-content\/uploads\/2022\/07\/ATIVA-BARCARENA_63-768x431.jpg 768w, https:\/\/peabiru.org.br\/wp-content\/uploads\/2022\/07\/ATIVA-BARCARENA_63-18x10.jpg 18w\" sizes=\"auto, (max-width: 1011px) 100vw, 1011px\" \/><\/figure>\n\n\n\n<figure class=\"wp-block-image size-large\"><img loading=\"lazy\" decoding=\"async\" width=\"1920\" height=\"1440\" data-id=\"12176\" src=\"https:\/\/peabiru.org.br\/wp-content\/uploads\/2022\/04\/20210617_173604.jpg\" alt=\"\" class=\"wp-image-12176\" srcset=\"https:\/\/peabiru.org.br\/wp-content\/uploads\/2022\/04\/20210617_173604.jpg 1920w, https:\/\/peabiru.org.br\/wp-content\/uploads\/2022\/04\/20210617_173604-300x225.jpg 300w, https:\/\/peabiru.org.br\/wp-content\/uploads\/2022\/04\/20210617_173604-1024x768.jpg 1024w, https:\/\/peabiru.org.br\/wp-content\/uploads\/2022\/04\/20210617_173604-768x576.jpg 768w, https:\/\/peabiru.org.br\/wp-content\/uploads\/2022\/04\/20210617_173604-1536x1152.jpg 1536w, https:\/\/peabiru.org.br\/wp-content\/uploads\/2022\/04\/20210617_173604-2048x1536.jpg 2048w\" sizes=\"auto, (max-width: 1920px) 100vw, 1920px\" \/><\/figure>\n\n\n\n<figure class=\"wp-block-image size-large\"><img loading=\"lazy\" decoding=\"async\" width=\"1920\" height=\"1080\" data-id=\"12248\" src=\"https:\/\/peabiru.org.br\/wp-content\/uploads\/2022\/05\/DOW-PROJETO-YBA-Fred-Ferreira-6.jpg\" alt=\"\" class=\"wp-image-12248\" srcset=\"https:\/\/peabiru.org.br\/wp-content\/uploads\/2022\/05\/DOW-PROJETO-YBA-Fred-Ferreira-6.jpg 1920w, https:\/\/peabiru.org.br\/wp-content\/uploads\/2022\/05\/DOW-PROJETO-YBA-Fred-Ferreira-6-300x169.jpg 300w, https:\/\/peabiru.org.br\/wp-content\/uploads\/2022\/05\/DOW-PROJETO-YBA-Fred-Ferreira-6-1024x576.jpg 1024w, https:\/\/peabiru.org.br\/wp-content\/uploads\/2022\/05\/DOW-PROJETO-YBA-Fred-Ferreira-6-768x432.jpg 768w, https:\/\/peabiru.org.br\/wp-content\/uploads\/2022\/05\/DOW-PROJETO-YBA-Fred-Ferreira-6-1536x864.jpg 1536w, https:\/\/peabiru.org.br\/wp-content\/uploads\/2022\/05\/DOW-PROJETO-YBA-Fred-Ferreira-6-2048x1152.jpg 2048w, https:\/\/peabiru.org.br\/wp-content\/uploads\/2022\/05\/DOW-PROJETO-YBA-Fred-Ferreira-6-18x10.jpg 18w\" sizes=\"auto, (max-width: 1920px) 100vw, 1920px\" \/><\/figure>\n\n\n\n<figure class=\"wp-block-image size-large\"><img loading=\"lazy\" decoding=\"async\" width=\"1200\" height=\"800\" data-id=\"12232\" src=\"https:\/\/peabiru.org.br\/wp-content\/uploads\/2022\/05\/M9A7009_reduzida.png\" alt=\"\" class=\"wp-image-12232\" srcset=\"https:\/\/peabiru.org.br\/wp-content\/uploads\/2022\/05\/M9A7009_reduzida.png 1200w, https:\/\/peabiru.org.br\/wp-content\/uploads\/2022\/05\/M9A7009_reduzida-300x200.png 300w, https:\/\/peabiru.org.br\/wp-content\/uploads\/2022\/05\/M9A7009_reduzida-1024x683.png 1024w, https:\/\/peabiru.org.br\/wp-content\/uploads\/2022\/05\/M9A7009_reduzida-768x512.png 768w, https:\/\/peabiru.org.br\/wp-content\/uploads\/2022\/05\/M9A7009_reduzida-18x12.png 18w\" sizes=\"auto, (max-width: 1200px) 100vw, 1200px\" \/><\/figure>\n\n\n\n<figure class=\"wp-block-image size-large\"><img loading=\"lazy\" decoding=\"async\" width=\"1920\" height=\"1324\" data-id=\"12239\" src=\"https:\/\/peabiru.org.br\/wp-content\/uploads\/2022\/05\/Game-protetores-do-mangue-2048x1412-1.png\" alt=\"\" class=\"wp-image-12239\" srcset=\"https:\/\/peabiru.org.br\/wp-content\/uploads\/2022\/05\/Game-protetores-do-mangue-2048x1412-1.png 1920w, https:\/\/peabiru.org.br\/wp-content\/uploads\/2022\/05\/Game-protetores-do-mangue-2048x1412-1-300x207.png 300w, https:\/\/peabiru.org.br\/wp-content\/uploads\/2022\/05\/Game-protetores-do-mangue-2048x1412-1-1024x706.png 1024w, https:\/\/peabiru.org.br\/wp-content\/uploads\/2022\/05\/Game-protetores-do-mangue-2048x1412-1-768x530.png 768w, https:\/\/peabiru.org.br\/wp-content\/uploads\/2022\/05\/Game-protetores-do-mangue-2048x1412-1-1536x1059.png 1536w, https:\/\/peabiru.org.br\/wp-content\/uploads\/2022\/05\/Game-protetores-do-mangue-2048x1412-1-18x12.png 18w\" sizes=\"auto, (max-width: 1920px) 100vw, 1920px\" \/><\/figure>\n\n\n\n<figure class=\"wp-block-image size-large\"><img loading=\"lazy\" decoding=\"async\" width=\"1200\" height=\"800\" data-id=\"12105\" src=\"https:\/\/peabiru.org.br\/wp-content\/uploads\/2022\/04\/210929_tipitix_produtoreseprodutos_chicoatanasio-61-reduzida.png\" alt=\"\" class=\"wp-image-12105\" srcset=\"https:\/\/peabiru.org.br\/wp-content\/uploads\/2022\/04\/210929_tipitix_produtoreseprodutos_chicoatanasio-61-reduzida.png 1200w, https:\/\/peabiru.org.br\/wp-content\/uploads\/2022\/04\/210929_tipitix_produtoreseprodutos_chicoatanasio-61-reduzida-300x200.png 300w, https:\/\/peabiru.org.br\/wp-content\/uploads\/2022\/04\/210929_tipitix_produtoreseprodutos_chicoatanasio-61-reduzida-1024x683.png 1024w, https:\/\/peabiru.org.br\/wp-content\/uploads\/2022\/04\/210929_tipitix_produtoreseprodutos_chicoatanasio-61-reduzida-768x512.png 768w\" sizes=\"auto, (max-width: 1200px) 100vw, 1200px\" \/><\/figure>\n\n\n\n<figure class=\"wp-block-image size-large\"><img loading=\"lazy\" decoding=\"async\" width=\"1200\" height=\"800\" data-id=\"11782\" src=\"https:\/\/peabiru.org.br\/wp-content\/uploads\/2022\/02\/210820_Tipitix_Produtos1Ciclo_AnaLuRocha-160reduzida.png\" alt=\"\" class=\"wp-image-11782\" srcset=\"https:\/\/peabiru.org.br\/wp-content\/uploads\/2022\/02\/210820_Tipitix_Produtos1Ciclo_AnaLuRocha-160reduzida.png 1200w, https:\/\/peabiru.org.br\/wp-content\/uploads\/2022\/02\/210820_Tipitix_Produtos1Ciclo_AnaLuRocha-160reduzida-300x200.png 300w, https:\/\/peabiru.org.br\/wp-content\/uploads\/2022\/02\/210820_Tipitix_Produtos1Ciclo_AnaLuRocha-160reduzida-1024x683.png 1024w, https:\/\/peabiru.org.br\/wp-content\/uploads\/2022\/02\/210820_Tipitix_Produtos1Ciclo_AnaLuRocha-160reduzida-768x512.png 768w\" sizes=\"auto, (max-width: 1200px) 100vw, 1200px\" \/><\/figure>\n<\/figure>","protected":false},"excerpt":{"rendered":"<p>Galeria de fotos dos projetos do Instituto Peabiru.<\/p>","protected":false},"author":1,"featured_media":0,"parent":0,"menu_order":0,"comment_status":"closed","ping_status":"closed","template":"page-templates\/galeria.php","meta":{"advanced_seo_description":"","jetpack_seo_html_title":"","jetpack_seo_noindex":false,"footnotes":""},"class_list":["post-12969","page","type-page","status-publish","hentry"],"jetpack_sharing_enabled":true,"_links":{"self":[{"href":"https:\/\/peabiru.org.br\/en\/wp-json\/wp\/v2\/pages\/12969","targetHints":{"allow":["GET"]}}],"collection":[{"href":"https:\/\/peabiru.org.br\/en\/wp-json\/wp\/v2\/pages"}],"about":[{"href":"https:\/\/peabiru.org.br\/en\/wp-json\/wp\/v2\/types\/page"}],"author":[{"embeddable":true,"href":"https:\/\/peabiru.org.br\/en\/wp-json\/wp\/v2\/users\/1"}],"replies":[{"embeddable":true,"href":"https:\/\/peabiru.org.br\/en\/wp-json\/wp\/v2\/comments?post=12969"}],"version-history":[{"count":3,"href":"https:\/\/peabiru.org.br\/en\/wp-json\/wp\/v2\/pages\/12969\/revisions"}],"predecessor-version":[{"id":14721,"href":"https:\/\/peabiru.org.br\/en\/wp-json\/wp\/v2\/pages\/12969\/revisions\/14721"}],"wp:attachment":[{"href":"https:\/\/peabiru.org.br\/en\/wp-json\/wp\/v2\/media?parent=12969"}],"curies":[{"name":"wp","href":"https:\/\/api.w.org\/{rel}","templated":true}]}}