{"id":1400,"date":"2012-11-08T11:37:19","date_gmt":"2012-11-08T14:37:19","guid":{"rendered":"http:\/\/peabiru.org.br\/?page_id=1400"},"modified":"2012-11-08T11:37:19","modified_gmt":"2012-11-08T14:37:19","slug":"frentes-de-atuacao","status":"publish","type":"page","link":"https:\/\/peabiru.org.br\/en\/publicacoes\/frentes-de-atuacao\/","title":{"rendered":"Eixos de atua\u00e7\u00e3o"},"content":{"rendered":"<h2 class=\"wp-block-heading\"><\/h2>\n\n\n\n<hr class=\"wp-block-separator\" \/>\n\n\n\n<div style=\"height:100px;\" aria-hidden=\"true\" class=\"wp-block-spacer\"><\/div>\n\n\n\n<h2 class=\"wp-block-heading\" id=\"cadeias-de-valor-amazonicas\">Cadeias de valor amaz\u00f4nicas<\/h2>\n\n\n\n<h3 class=\"wp-block-heading\" id=\"abelhas-sem-ferrao-meliponicultura\">Abelhas sem Ferr\u00e3o (Meliponicultura)<\/h3>\n\n\n\n<p><strong>Dossi\u00ea<\/strong><\/p>\n\n\n\n<p><a href=\"https:\/\/peabiru.org.br\/wp-content\/uploads\/2020\/04\/instituto-peabiru-2020-dossic3aa-cadeia-abelhas-amazc3b4nia-1.pdf\">Dossi\u00ea Cadeia de Valor das Abelhas sem Ferr\u00e3o da Amaz\u00f4nia<\/a> [Novo!]<br>Publicado por Instituto Peabiru, 2020.<\/p>\n\n\n\n<p><strong>Caderno e Manuais<\/strong><br><a rel=\"attachment wp-att-2030 noopener\" href=\"https:\/\/peabiru.org.br\/wp-content\/uploads\/2012\/09\/projeto-casa-da-virada-manual-do-mel-nativo.pdf\" target=\"_blank\">Manual de Meliponicultura. Abelhas Nativas da Amaz\u00f4nia e Popula\u00e7\u00f5es Tradicionais<\/a>. <br>Richardson Fraz\u00e3o.<br>Publicado em: Instituto Peabiru. Bel\u00e9m, Brasil. Setembro, 2013.<\/p>\n\n\n\n<p><strong>Relat\u00f3rios<\/strong><\/p>\n\n\n\n<ul class=\"wp-block-list\"><li><a href=\"http:\/\/Campanha para a autoriza\u00e7\u00e3o de manejo simplificado da meliponicultura na Amaz\u00f4nia\">Campanha&nbsp;para a autoriza\u00e7\u00e3o de manejo simplificado da meliponicultura na Amaz\u00f4nia<\/a>. Novembro, 2016.<\/li><li><a href=\"https:\/\/peabiru.org.br\/wp-content\/uploads\/2016\/07\/160606-relatoriopeabiru-abelhasnativas.pdf\">Relat\u00f3rio de visita sobre potencial de meliponicultura no Maraj\u00f3<\/a>. Fernando Oliveira.<br>Publicado em: Instituto Peabiru. Bel\u00e9m, Brasil. Julho, 2016.<\/li><\/ul>\n\n\n\n<p><strong>Nota T\u00e9cnica<\/strong><\/p>\n\n\n\n<ul class=\"wp-block-list\"><li><a title=\"IBAM - Nota Tecnica 45-um olhar sobre a meliponicultura na amazo\u0302nia\" href=\"https:\/\/peabiru.org.br\/wp-content\/uploads\/2018\/03\/ibam-nota-tecnica-45-um-olhar-sobre-a-meliponicultura-na-amazocc82nia.pdf\">Um Olhar sobre a Meliponicultura na Amazo\u0302nia<\/a>.<br>Jo\u00e3o Meirelles Filho, Thiara Fernandes e Herm\u00f3genes S\u00e1. Publicado pelo IBAM. Rio de Janeiro, Brasil. Outubro, 2016.<\/li><\/ul>\n\n\n\n<h3 class=\"wp-block-heading\" id=\"acai\">A\u00e7a\u00ed<\/h3>\n\n\n\n<ul class=\"wp-block-list\"><li><a rel=\"attachment wp-att-2127 noopener\" href=\"https:\/\/peabiru.org.br\/wp-content\/uploads\/2012\/09\/apl_relatocc81rio-oficina-accca7aicc81.pdf\" target=\"_blank\">Oficina de Elabora\u00e7\u00e3o de Estrat\u00e9gia de promo\u00e7\u00e3o da Cadeia de Valor do A\u00e7a\u00ed Marajoara<\/a><br>Peabiru Institute<br><\/li><li><a href=\"https:\/\/peabiru.org.br\/wp-content\/uploads\/2014\/11\/peabiru_apl-acai.pdf\">Planejamento Estrat\u00e9gico da Cadeia de Valor do a\u00e7a\u00ed do Maraj\u00f3<\/a> \u2013 Instituto Peabiru<br><\/li><li><a href=\"https:\/\/peabiru.org.br\/wp-content\/uploads\/2016\/06\/160505_livreto_pnud.pdf\">Planejamento Estrat\u00e9gico para o Fortalecimento do Arranjo Produtivo Local da&nbsp;Cadeia de Valor do a\u00e7a\u00ed do Maraj\u00f3<\/a><br>Manoel Potiguar e Herm\u00f3genes J. S\u00e1 de Oliveira &#8211; Instituto Peabiru.<br><\/li><li><a rel=\"noopener\" href=\"https:\/\/peabiru.org.br\/wp-content\/uploads\/2016\/11\/o-peconheiro-diagnostico-acai-peabiru-fundacentro.pdf\" target=\"_blank\">Estudo do Peabiru e Fundacentro aponta a dura realidade das condi\u00e7\u00f5es de trabalho na coleta do a\u00e7a\u00ed.<\/a><\/li><\/ul>\n\n\n\n<p><b>Publica\u00e7\u00f5es <\/b><strong>de terceiros<\/strong><\/p>\n\n\n\n<ul class=\"wp-block-list\"><li><a title=\"Research Paper-Luciana\" href=\"https:\/\/peabiru.org.br\/wp-content\/uploads\/2018\/02\/research-paper-luciana.pdf\">From the Amazon to the World: Gender Divisions of Labour in an Emerging Value Chain<\/a>.<br>Luciana Batista Pereira. Erasmus University, The Hague, Netherlands.<br><\/li><li><a title=\"A\u00e7a\u00ed_POR_LeonoraPepper\" href=\"https:\/\/peabiru.org.br\/wp-content\/uploads\/2017\/11\/ac3a7ac3ad_por_leonorapepper.pdf\">A\u00e7a\u00ed Ribeirinho no Mercado Global: Adicionando Valor para Garantir Renda Duradoura para Agroextrativistas do Estu\u00e1rio Amaz\u00f4nico<\/a>.<br>Leonora Genya Pepper, Dra L\u00edvia de Freitas Navegantes Alves.<br><\/li><li>Cartilha <a title=\"CartilhaCertifica\u00e7\u00e3oA\u00e7a\u00ed_LeonoraPepperbaixa\" href=\"https:\/\/peabiru.org.br\/wp-content\/uploads\/2017\/12\/cartilhacertificac3a7c3a3oac3a7ac3ad_leonorapepperbaixa.pdf\">Possibilidades de Certifica\u00e7\u00e3o como Mecanismo para Valorizar Produ\u00e7\u00e3o Tradicional em Sistemas Agroextrativistas<\/a>.<br>Leonora Genya Pepper, L\u00edvia de Freitas Navegantes Alves.<\/li><\/ul>\n\n\n\n<h3 class=\"wp-block-heading\" id=\"outros\">Outros<\/h3>\n\n\n\n<h4 class=\"wp-block-heading\" id=\"andiroba\">Andiroba<\/h4>\n\n\n\n<ul class=\"wp-block-list\"><li><a rel=\"attachment wp-att-2128 noopener\" href=\"https:\/\/peabiru.org.br\/wp-content\/uploads\/2012\/09\/apl_relatocc81rio-oficina-andiroba.pdf\" target=\"_blank\">Oficina de Elabora\u00e7\u00e3o de Estrat\u00e9gias de promo\u00e7\u00e3o da Cadeira de Valor da Andiroba Marajoara<\/a><br>Peabiru Institute<\/li><\/ul>\n\n\n\n<h4 class=\"wp-block-heading\" id=\"mangaba\">Mangaba<\/h4>\n\n\n\n<p><strong>Artigos<\/strong><\/p>\n\n\n\n<ul class=\"wp-block-list\"><li><a rel=\"noopener\" href=\"http:\/\/www.scielo.br\/scielo.php?script=sci_arttext&amp;pid=S0103-20032014000100001&amp;lng=en&amp;nrm=iso\" target=\"_blank\">&#8220;\u00c9 sempre bom ter o nosso dinheirinho&#8221;: Sobre a autonomia da mulher no extrativismo da mangaba no Par\u00e1<\/a>. <br>Thiara Fernandes e&nbsp;Dalva Maria Mota.<br>Publicado em: Revista de Economia e Sociologia Rural, vol.52 no.1 Bras\u00edlia Jan.\/Mar. 2014.<\/li><\/ul>\n\n\n\n<h4 class=\"wp-block-heading\" id=\"trabalho-precario\">Trabalho Prec\u00e1rio<\/h4>\n\n\n\n<ul class=\"wp-block-list\"><li><a href=\"https:\/\/peabiru.org.br\/en\/amazoniarural\/\" target=\"_blank\" rel=\"noopener\">EVENTO AMAZ\u00d4NIA RURAL, TRABALHO PREC\u00c1RIO &#8211; apresenta\u00e7\u00f5es, documentos, artigos e v\u00eddeos.<\/a><\/li><\/ul>\n\n\n\n<h4 class=\"wp-block-heading\" id=\"acesso-a-agua\">Acesso \u00e0 \u00e1gua<\/h4>\n\n\n\n<p><b>Artigos<\/b><\/p>\n\n\n\n<ul class=\"wp-block-list\"><li><a title=\"ABASTECIMENTO DE A\u0301GUA E SANEAMENTO EM POPULAC\u0327O\u0303ES RIBEIRINHAS DO MARAJO\u0301\" href=\"https:\/\/peabiru.org.br\/wp-content\/uploads\/2018\/04\/abastecimento-de-acc81gua-e-saneamento-em-populaccca7occ83es-ribeirinhas-do-marajocc81.pdf\">\u201cAbastecimento de \u00c1gua e Saneamento em Popula\u00e7\u00f5es Ribeirinhas do Maraj\u00f3: Problemas e Alternativas Desenvolvidas pela Comunidade Boa Esperan\u00e7a, Curralinho &#8211; PA\u201d<\/a>. <br>Tha\u00edssa Oliveira, Lucy Anne Guitierrez, Fernanda Silva, La\u00eds Santos, Rayana Amorim, Sandy Ferreira, Leandro Quaresma, Verena Novaes.<br>XXI Simp\u00f3sio Brasileiro de Recursos H\u00eddricos. Novembro de 2015.<\/li><\/ul>\n\n\n\n<h4 class=\"wp-block-heading\" id=\"ecoturismo-de-base-comunitaria\">Ecoturismo de Base Comunit\u00e1ria<\/h4>\n\n\n\n<p><strong>Artigos<\/strong><\/p>\n\n\n\n<ul class=\"wp-block-list\"><li><a href=\"http:\/\/www.slideshare.net\/institutopeabiru\/communitybased-ecotourism-in-the-brazilian-amazon-the-experience-of-the-institute-peabiru-ana-gabriela-da-cruz-fontoura\">Community-Based Ecotourism in the Brazilian Amazon: The experience of the Institute Peabiru.<br>\n<\/a>Ana Gabriela da Cruz Fontoura.&nbsp;Publicado em: DevISSues \u2013 Erasmus University. Rotterdam, Holanda. Junho, 2012.<\/li><\/ul>\n\n\n\n<div><strong>Ensaios<\/strong><\/div>\n\n\n\n<ul class=\"wp-block-list\"><li><a href=\"http:\/\/www.slideshare.net\/institutopeabiru\/ecoturismo-o-equilbrio-entre-a-atividade-econmica-e-a-sustentabilidade-socioambiental\">Ecoturismo:&nbsp;o equil\u00edbrio entre a atividade econ\u00f4mica e a sustentabilidade socioambiental<\/a>.<br>Jo\u00e3o Meirelles Filho<br><\/li><li><a href=\"http:\/\/www.slideshare.net\/institutopeabiru\/2005-ecoturismoamazonia-meirelles\">Ecoturismo &amp; Amaz\u00f4nia \u2013 biodiversidade, etnodiversidade e diversidade cultural.<\/a><br> Jo\u00e3o Meirelles Filho<br><\/li><\/ul>\n\n\n\n<h4 class=\"wp-block-heading\" id=\"energias-sustentaveis\">Energias Sustent\u00e1veis<\/h4>\n\n\n\n<p><strong>Relat\u00f3rios<\/strong><\/p>\n\n\n\n<ul class=\"wp-block-list\"><li><a title=\"171130-relatviagem_CotijubaPaqueta_Capacitac\u0327a\u0303oAgentesTecnicosSolares_site\" href=\"https:\/\/peabiru.org.br\/wp-content\/uploads\/2017\/11\/171130-relatviagem_cotijubapaqueta_capacitaccca7acc83oagentestecnicossolares_site.pdf\">Capacita\u00e7\u00e3o de agentes t\u00e9cnicos solares para o Programa Luz para uma Vida Melhor<\/a><br>Mariana Buoro<br>Novembro, 2017.<\/li><\/ul>\n\n\n\n<h2 class=\"wp-block-heading\"><\/h2>\n\n\n\n<hr class=\"wp-block-separator\" \/>\n\n\n\n<div style=\"height:100px;\" aria-hidden=\"true\" class=\"wp-block-spacer\"><\/div>\n\n\n\n<h2 class=\"wp-block-heading\" id=\"engajamento-socioambiental-do-setor-privado\">Engajamento socioambiental do setor privado<\/h2>\n\n\n\n<p><strong>Estudos<\/strong><\/p>\n\n\n\n<p><a title=\"Barney-KIT-Amazon\" href=\"https:\/\/peabiru.org.br\/wp-content\/uploads\/2019\/05\/barney-kit-amazon.pdf\">Challenges and opportunities for the business sector in the fight against poverty. The case of Brazil\u2019s Amazon River estuary<\/a>.<br>Maria Jose Barney Gonzalez e Joao Meirelles.<br>KIT Working Papers Series, 2008.<\/p>\n\n\n\n<h4 class=\"wp-block-heading\" id=\"cadeias-de-valor\">Cadeias de valor<\/h4>\n\n\n\n<p><strong>Palma<\/strong><\/p>\n\n\n\n<p><strong>Caderno e Manuais<\/strong><\/p>\n\n\n\n<ul class=\"wp-block-list\"><li><a href=\"http:\/\/www.slideshare.net\/institutopeabiru\/programa-dend-caderno-de-indicadores-de-sustentabilidade-programa-de-agricultura-familiar\">Programa Dend\u00ea: Caderno de Indicadores de Sustentabilidade. Programa de Agricultura Familiar<\/a><\/li><\/ul>\n\n\n\n<p><strong>Relat\u00f3rios<\/strong><\/p>\n\n\n\n<ul class=\"wp-block-list\"><li><a href=\"https:\/\/peabiru.org.br\/wp-content\/uploads\/2016\/08\/160721_peabiru-indicadores-socioambientais-agric-familiar.pdf\">Relat\u00f3rio de Monitoramento dos Indicadores de Sustentabilidade: Agricultura Familiar e Produ\u00e7\u00e3o de Palma. <\/a><\/li><\/ul>\n\n\n\n<p><strong>Artigos<\/strong><\/p>\n\n\n\n<ul class=\"wp-block-list\"><li><a rel=\"noopener\" href=\"https:\/\/peabiru.org.br\/wp-content\/uploads\/2015\/02\/140115-agenda-21.pdf\" target=\"_blank\">A Agenda 21 e as adapta\u00e7\u00f5es metodol\u00f3gicas para desenvolvimento e aplica\u00e7\u00e3o em Diferentes realidades na Amaz\u00f4nia Brasileira: O caso da Vila dos Palmares, Tail\u00e2ndia, PA<\/a>. Luis Ricardo Ravagnani, Thiara Fernandes,&nbsp;Maria Jos\u00e9 Barney Gonzalez, Jo\u00e3o Meirelles Filho.<\/li><\/ul>\n\n\n\n<p><strong>Ensaios<\/strong><\/p>\n\n\n\n<ul class=\"wp-block-list\"><li><a rel=\"noopener\" href=\"https:\/\/peabiru.org.br\/wp-content\/uploads\/2015\/02\/150115-indicadores-socioambientais.pdf\" target=\"_blank\">\u201cA luz da pesquisa-a\u00e7\u00e3o no projeto Indicadores de Sustentabilidade: um caminho para o desenvolvimento local\u201d<\/a>. Ana Carolina C. Vieira, Thiara Fernandes,&nbsp;Maria Jos\u00e9 Barney Gonzalez, Jo\u00e3o Meirelles Filho.<\/li><\/ul>\n\n\n\n<p><strong>Disserta\u00e7\u00f5es<\/strong><\/p>\n\n\n\n<ul class=\"wp-block-list\"><li><a href=\"https:\/\/peabiru.org.br\/wp-content\/uploads\/2012\/11\/dissertation_wanessa-marques.pdf\">What does social upgrading mean for small-scale producers? Family Farmers and Oil Palm Cultivation \u2013 A View of Possibilities and Constraints<\/a>. <br>Wan\u00eassa Marques Silva,&nbsp;University of Antwerp<br>Institute of Development Policy and Management<\/li><\/ul>\n\n\n\n<hr class=\"wp-block-separator\" \/>\n\n\n\n<div style=\"height:100px;\" aria-hidden=\"true\" class=\"wp-block-spacer\"><\/div>\n\n\n\n<h2 class=\"wp-block-heading\" id=\"protecao-social\">Social protection<\/h2>\n\n\n\n<h3 class=\"wp-block-heading\" id=\"selo-unicef\">Selo Unicef<\/h3>\n\n\n\n<ul class=\"wp-block-list\"><li><a rel=\"noopener\" href=\"http:\/\/www.seloamazonia.org.br\/upload\/arq_arquivo\/2014\/11\/1740.pdf\" target=\"_blank\">Revista do Selo Munic\u00edpio Aprovado<\/a>.<\/li><li><a title=\"APRESENTA\u00c3\u2021\u00c3\u0192O VO UNICEF 21 11 2017\" href=\"https:\/\/peabiru.org.br\/wp-content\/uploads\/2018\/01\/apresentac3a3e280a1c3a3c692o-vo-unicef-21-11-2017.pptx\">Vigil\u00e2ncia de \u00d3bitos &#8211; Maranh\u00e3o<\/a><\/li><li><a title=\"Dados_Estrategia_BAE_Selo_Maranh\u00c3\u00a3o_final\" href=\"https:\/\/peabiru.org.br\/wp-content\/uploads\/2018\/01\/dados_estrategia_bae_selo_maranhc3a3c2a3o_final.pptx\">An\u00e1lise de Dados de Crian\u00e7as e Adolescentes Fora da Escola &#8211; Maranh\u00e3o<\/a><\/li><li><a title=\"PPT Anyoli\" href=\"https:\/\/peabiru.org.br\/wp-content\/uploads\/2018\/01\/ppt-anyoli.pptx\">O Selo UNICEF &#8211; Uma Agenda Pela Inf\u00e2ncia &#8211; Maranh\u00e3o<\/a><\/li><li><a title=\"PPT Apresenta\u00c3\u00a7\u00c3\u00a3o Metodologia_Guia Metodol\u00c3\u00b3gico_final\" rel=\"noopener\" href=\"https:\/\/peabiru.org.br\/wp-content\/uploads\/2018\/01\/ppt-apresentac3a3c2a7c3a3c2a3o-metodologia_guia-metodolc3a3c2b3gico_final.pptx\" target=\"_blank\">Metodologia Selo UNICEF<\/a><\/li><li><a title=\"S\u00c3\u00adntese Selo Unicef.\" href=\"https:\/\/peabiru.org.br\/wp-content\/uploads\/2018\/01\/sc3a3c2adntese-selo-unicef.pptx\">O Desafio de Qualificar o Cuidado &#8211; Da Linha de Base \u00e0 Qualifica\u00e7\u00e3o da Gest\u00e3o<\/a><\/li><li><a title=\"PPT Apresenta\u00c3\u00a7\u00c3\u00a3o Guia F\u00c3\u00b3runs Comunit\u00c3\u00a1rios\" href=\"https:\/\/peabiru.org.br\/wp-content\/uploads\/2018\/02\/ppt-apresentac3a3c2a7c3a3c2a3o-guia-fc3a3c2b3runs-comunitc3a3c2a1rios.pptx\">F\u00f3runs Comunit\u00e1rios<\/a><\/li><li><a title=\"PPT_ ACC _Par\u00c3\u00a1\" href=\"https:\/\/peabiru.org.br\/wp-content\/uploads\/2018\/02\/ppt_-acc-_parc3a3c2a1.pptx\">O Selo UNICEF &#8211; Uma Agenda Pela Inf\u00e2ncia &#8211; Par\u00e1<\/a><\/li><li><a title=\"BAE_Selo_Par\u00c3\u00a1\" href=\"https:\/\/peabiru.org.br\/wp-content\/uploads\/2018\/02\/bae_selo_parc3a3c2a1.pptx\">An\u00e1lise de Dados de Crian\u00e7as e Adolescentes Fora da Escola &#8211; Par\u00e1<\/a><\/li><li><a title=\"Mortalidade Materna e Infantil no estado do Par\u00e1_ Avan\u00e7os e Desafios, Vigil\u00e2ncia do \u00d3bito Materno, Infanti\" rel=\"noopener\" href=\"https:\/\/peabiru.org.br\/wp-content\/uploads\/2018\/02\/mortalidade-materna-e-infantil-no-estado-do-parc3a1_-avanc3a7os-e-desafios-vigilc3a2ncia-do-c3b3bito-materno-infanti.pptx\" target=\"_blank\">Mortalidade Materna e Infantil no Estado do Par\u00e1<\/a><\/li><li><a title=\"GRAVIDEZ NA ADOLESCENCIA\" rel=\"noopener\" href=\"https:\/\/peabiru.org.br\/wp-content\/uploads\/2018\/02\/gravidez-na-adolescencia.xlsx\" target=\"_blank\">Gravidez na Adolesc\u00eancia<\/a><\/li><li><a title=\"Apresenta\u00e7\u00e3o Propaz STM\" href=\"https:\/\/peabiru.org.br\/wp-content\/uploads\/2018\/02\/apresentac3a7c3a3o-propaz-stm.pptx\">Propaz &#8211; Por Uma Cultura de Paz<\/a><\/li><li><a title=\"camisa oficial\" rel=\"noopener\" href=\"https:\/\/peabiru.org.br\/wp-content\/uploads\/2018\/03\/camisa-oficial.pdf\" target=\"_blank\">Camisa Oficial Amaz\u00f4nia<\/a><\/li><li><a title=\"Banner amaz\u00c3\u00b4nia\" rel=\"noopener\" href=\"https:\/\/peabiru.org.br\/wp-content\/uploads\/2018\/03\/banner-amazc3a3c2b4nia.pdf\" target=\"_blank\">Banner Oficial Amaz\u00f4nia<\/a><\/li><\/ul>","protected":false},"excerpt":{"rendered":"<p>Cadeias de valor amaz\u00f4nicas Abelhas sem Ferr\u00e3o (Meliponicultura) Dossi\u00ea Dossi\u00ea Cadeia de Valor das Abelhas sem Ferr\u00e3o da Amaz\u00f4nia [Novo!]Publicado por Instituto Peabiru, 2020. Caderno e ManuaisManual de Meliponicultura. Abelhas Nativas da Amaz\u00f4nia e Popula\u00e7\u00f5es Tradicionais. Richardson Fraz\u00e3o.Publicado em: Instituto Peabiru. Bel\u00e9m, Brasil. Setembro, 2013. Relat\u00f3rios Campanha&nbsp;para a autoriza\u00e7\u00e3o de manejo simplificado da meliponicultura na [&hellip;]<\/p>","protected":false},"author":2,"featured_media":0,"parent":403,"menu_order":0,"comment_status":"open","ping_status":"closed","template":"template-fullwidth.php","meta":{"advanced_seo_description":"","jetpack_seo_html_title":"","jetpack_seo_noindex":false,"footnotes":""},"class_list":["post-1400","page","type-page","status-publish","hentry"],"jetpack_sharing_enabled":false,"_links":{"self":[{"href":"https:\/\/peabiru.org.br\/en\/wp-json\/wp\/v2\/pages\/1400","targetHints":{"allow":["GET"]}}],"collection":[{"href":"https:\/\/peabiru.org.br\/en\/wp-json\/wp\/v2\/pages"}],"about":[{"href":"https:\/\/peabiru.org.br\/en\/wp-json\/wp\/v2\/types\/page"}],"author":[{"embeddable":true,"href":"https:\/\/peabiru.org.br\/en\/wp-json\/wp\/v2\/users\/2"}],"replies":[{"embeddable":true,"href":"https:\/\/peabiru.org.br\/en\/wp-json\/wp\/v2\/comments?post=1400"}],"version-history":[{"count":0,"href":"https:\/\/peabiru.org.br\/en\/wp-json\/wp\/v2\/pages\/1400\/revisions"}],"up":[{"embeddable":true,"href":"https:\/\/peabiru.org.br\/en\/wp-json\/wp\/v2\/pages\/403"}],"wp:attachment":[{"href":"https:\/\/peabiru.org.br\/en\/wp-json\/wp\/v2\/media?parent=1400"}],"curies":[{"name":"wp","href":"https:\/\/api.w.org\/{rel}","templated":true}]}}