{"id":1414,"date":"2012-11-08T11:54:46","date_gmt":"2012-11-08T14:54:46","guid":{"rendered":"http:\/\/peabiru.org.br\/?page_id=1414"},"modified":"2024-08-20T14:57:41","modified_gmt":"2024-08-20T17:57:41","slug":"terceiro-setor","status":"publish","type":"page","link":"https:\/\/peabiru.org.br\/en\/publicacoes\/terceiro-setor\/","title":{"rendered":"Especial Terceiro Setor"},"content":{"rendered":"<figure class=\"wp-block-image size-large\"><img loading=\"lazy\" decoding=\"async\" width=\"1620\" height=\"1080\" src=\"https:\/\/peabiru.org.br\/wp-content\/uploads\/2019\/02\/dsc0334.jpg?w=1575\" alt=\"\" class=\"wp-image-6843\" srcset=\"https:\/\/peabiru.org.br\/wp-content\/uploads\/2019\/02\/dsc0334.jpg 1620w, https:\/\/peabiru.org.br\/wp-content\/uploads\/2019\/02\/dsc0334-300x200.jpg 300w, https:\/\/peabiru.org.br\/wp-content\/uploads\/2019\/02\/dsc0334-1024x682.jpg 1024w, https:\/\/peabiru.org.br\/wp-content\/uploads\/2019\/02\/dsc0334-768x512.jpg 768w, https:\/\/peabiru.org.br\/wp-content\/uploads\/2019\/02\/dsc0334-1536x1024.jpg 1536w\" sizes=\"auto, (max-width: 1620px) 100vw, 1620px\" \/><\/figure>\n\n\n\n<hr class=\"wp-block-separator has-css-opacity\"\/>\n\n\n\n<hr class=\"wp-block-separator has-text-color has-css-opacity has-background\" style=\"background-color:#ffffff;color:#ffffff\"\/>\n\n\n\n<p><strong><span style=\"color:#339966;\">Artigos<\/span><\/strong><\/p>\n\n\n\n<p>1. <a href=\"https:\/\/peabiru.org.br\/wp-content\/uploads\/2024\/08\/Challenges-and-opportunities-for-the-business-sector-in-the-fight-against-poverty.-The-case-of-Brazils-Amazon-River-estuary.pdf\">Challenges and opportunities&nbsp;for the business sector in the fight against poverty&nbsp;.The case of Brazil\u2019s Amazon River estuary.<br><\/a>Maria Jos\u00e9 Barney e Jo\u00e3o Meirelles Filho.<br>Publicado em: KIT Working Papers. Royal Tropical Institute. Amsterdam, 2008.<\/p>\n\n\n\n<p>2. <a title=\"181119-MEIRELLES-IBICT-2018 -4397-13210-1-PB\" rel=\"noopener\" href=\"https:\/\/peabiru.org.br\/wp-content\/uploads\/2018\/11\/181119-meirelles-ibict-2018-4397-13210-1-pb.pdf\" target=\"_blank\">Escola de gest\u00e3o da Amaz\u00f4nia<\/a><br>Jo\u00e3o Meirelles Filho.<br>Publicado em: Revista Ibict. Instituto Ibict. Bras\u00edlia, 2018.<\/p>\n\n\n\n<hr class=\"wp-block-separator has-css-opacity\"\/>\n\n\n\n<p><span style=\"color:#339966;\"><strong>Cadernos e Manuais<\/strong><\/span><\/p>\n\n\n\n<p>1. <a href=\"https:\/\/peabiru.org.br\/wp-content\/uploads\/2024\/08\/Indicador-de-Sustentabilidade-Institucional-para-o-3o-Setor.-Um-ferramenta-de-auto-aplicacao-Portugues.pdf\">Indicador de Sustentabilidade Institucional para o 3\u00ba Setor. Um ferramenta de auto-aplica\u00e7\u00e3o (Portugu\u00eas)<\/a><br> Baixe <a href=\"http:\/\/www.slideshare.net\/institutopeabiru\/2005-caderno-indicadoresterceirosetortabela\">aqui<\/a> a tabela de auto-avalia\u00e7\u00e3o deste artigo<\/p>\n\n\n\n<p><br> 2. <a href=\"https:\/\/peabiru.org.br\/wp-content\/uploads\/2024\/08\/Indicador-de-Sustentabilidade-Institucional-para-o-3o-Setor.-Um-ferramenta-de-auto-aplicacao-English.pdf\">Indicador de Sustentabilidade Institucional para o 3\u00ba Setor. Um ferramenta de auto-aplica\u00e7\u00e3o (English)<\/a><br> Baixe <a href=\"http:\/\/www.slideshare.net\/institutopeabiru\/2005-caderno-indicadoresterceirosetorself-evaluation-table\">aqui<\/a> a tabela de auto-avalia\u00e7\u00e3o deste artigo<\/p>\n\n\n\n<p><br> 3. <a href=\"https:\/\/peabiru.org.br\/wp-content\/uploads\/2024\/08\/Indicador-de-Sustentabilidade-Institucional-para-o-3o-Setor.-Um-ferramenta-de-auto-aplicacao-Espanol.pdf\">Indicador de Sustentabilidade Institucional para o 3\u00ba Setor. Um ferramenta de auto-aplica\u00e7\u00e3o&nbsp;(Espa\u00f1ol)<\/a><br> Baixe <a href=\"http:\/\/www.slideshare.net\/institutopeabiru\/2005-caderno-indicadoresterceirosetortabelaespaol\">aqui<\/a> a tabela de auto-avalia\u00e7\u00e3o deste artigo<\/p>\n\n\n\n<hr class=\"wp-block-separator has-css-opacity\"\/>\n\n\n\n<p><strong><span style=\"color:#339966;\">Ensaios<br> <\/span><br> <\/strong><a href=\"https:\/\/peabiru.org.br\/wp-content\/uploads\/2024\/08\/Parcerias-empresas-e-3o-setor-na-Amazonia.-Um-documento-para-discussao.pdf\">Parcerias empresas e 3\u00ba setor na Amaz\u00f4nia. Um documento para discuss\u00e3o<\/a>.<br> Jo\u00e3o Meirelles Filho. Colabora\u00e7\u00e3o Carolina Toledo e Daniel Ferreira<\/p>\n\n\n\n<hr class=\"wp-block-separator has-css-opacity\"\/>\n\n\n\n<p><span style=\"color:#339966;\"><strong>Livros<\/strong><\/span><\/p>\n\n\n\n<p><a href=\"https:\/\/peabiru.org.br\/wp-content\/uploads\/2024\/08\/Livro-Mobilizacao-de-Recursos-do-3o-setor_organized-1.pdf\" data-type=\"link\" data-id=\"https:\/\/peabiru.org.br\/wp-content\/uploads\/2024\/08\/Livro-Mobilizacao-de-Recursos-do-3o-setor.pdf\">Mobiliza\u00e7\u00e3o de Recursos para o Terceiro Setor<\/a><br> Jo\u00e3o Meirelles Filho e Ricardo Maluf.<br>Instituto Peabiru e Funda\u00e7\u00e3o Konrad Adenauer. Cear\u00e1, 2006.<\/p>\n\n\n\n<p><\/p>","protected":false},"excerpt":{"rendered":"<p>Artigos 1. Challenges and opportunities&nbsp;for the business sector in the fight against poverty&nbsp;.The case of Brazil\u2019s Amazon River estuary.Maria Jos\u00e9 Barney e Jo\u00e3o Meirelles Filho.Publicado em: KIT Working Papers. Royal Tropical Institute. Amsterdam, 2008. 2. Escola de gest\u00e3o da Amaz\u00f4niaJo\u00e3o Meirelles Filho.Publicado em: Revista Ibict. Instituto Ibict. Bras\u00edlia, 2018. Cadernos e Manuais 1. Indicador de [&hellip;]<\/p>","protected":false},"author":2,"featured_media":6843,"parent":403,"menu_order":0,"comment_status":"open","ping_status":"closed","template":"template-fullwidth.php","meta":{"advanced_seo_description":"Publica\u00e7\u00f5es do Instituto Peabiru para o terceiro setor","jetpack_seo_html_title":"Publica\u00e7\u00f5es do Instituto Peabiru para o terceiro setor","jetpack_seo_noindex":false,"footnotes":""},"class_list":["post-1414","page","type-page","status-publish","has-post-thumbnail","hentry"],"jetpack_sharing_enabled":false,"_links":{"self":[{"href":"https:\/\/peabiru.org.br\/en\/wp-json\/wp\/v2\/pages\/1414","targetHints":{"allow":["GET"]}}],"collection":[{"href":"https:\/\/peabiru.org.br\/en\/wp-json\/wp\/v2\/pages"}],"about":[{"href":"https:\/\/peabiru.org.br\/en\/wp-json\/wp\/v2\/types\/page"}],"author":[{"embeddable":true,"href":"https:\/\/peabiru.org.br\/en\/wp-json\/wp\/v2\/users\/2"}],"replies":[{"embeddable":true,"href":"https:\/\/peabiru.org.br\/en\/wp-json\/wp\/v2\/comments?post=1414"}],"version-history":[{"count":4,"href":"https:\/\/peabiru.org.br\/en\/wp-json\/wp\/v2\/pages\/1414\/revisions"}],"predecessor-version":[{"id":14752,"href":"https:\/\/peabiru.org.br\/en\/wp-json\/wp\/v2\/pages\/1414\/revisions\/14752"}],"up":[{"embeddable":true,"href":"https:\/\/peabiru.org.br\/en\/wp-json\/wp\/v2\/pages\/403"}],"wp:featuredmedia":[{"embeddable":true,"href":"https:\/\/peabiru.org.br\/en\/wp-json\/wp\/v2\/media\/6843"}],"wp:attachment":[{"href":"https:\/\/peabiru.org.br\/en\/wp-json\/wp\/v2\/media?parent=1414"}],"curies":[{"name":"wp","href":"https:\/\/api.w.org\/{rel}","templated":true}]}}