{"id":2900,"date":"2024-07-18T13:49:06","date_gmt":"2024-07-18T16:49:06","guid":{"rendered":"http:\/\/peabiru.org.br\/?page_id=2900"},"modified":"2024-07-18T13:49:06","modified_gmt":"2024-07-18T16:49:06","slug":"amazoniarural","status":"publish","type":"page","link":"https:\/\/peabiru.org.br\/en\/amazoniarural\/","title":{"rendered":"Amaz\u00f4nia Trabalho Prec\u00e1rio"},"content":{"rendered":"<div id=\"attachment_3020\" style=\"width: 510px\" class=\"wp-caption aligncenter\"><img loading=\"lazy\" decoding=\"async\" aria-describedby=\"caption-attachment-3020\" class=\"wp-image-3020 size-full\" src=\"https:\/\/peabiru.org.br\/wp-content\/uploads\/2014\/11\/15953327865_964302ceed_o.jpg\" alt=\"15953327865_964302ceed_o\" width=\"500\" height=\"333\" \/><p id=\"caption-attachment-3020\" class=\"wp-caption-text\">Evento Amaz\u00f4nia Rural &#8211; Trabalho Prec\u00e1rio, realizado nos dias 4 e 5 de dezembro, no TRT 8 (foto: Flickr\/TRT8_oficial)<\/p><\/div>\n<h3>Evento Amaz\u00f4nia Rural, Trabalho Prec\u00e1rio &#8211; Seguran\u00e7a e Sa\u00fade do Trabalhador no Par\u00e1 e Amap\u00e1<\/h3>\n<p>As dimens\u00f5es do trabalho, o trabalho infantil e o trabalho escravo no meio rural amaz\u00f4nico, fizeram parte dos temas debatidos durante o evento \u201cAmaz\u00f4nia Rural, Trabalho Prec\u00e1rio \u2013 Seguran\u00e7a e Sa\u00fade do Trabalhador no Par\u00e1 e Amap\u00e1\u201d, promovido pelo Tribunal Regional do Trabalho da 8\u00aa Regi\u00e3o, em parceria com Minist\u00e9rio P\u00fablico do Trabalho, o UNICEF e o Instituto Peabiru, nos \u00faltimos dias 04 e 05 de dezembro. Durante a abertura, o Presidente do TRT8, Desembargador do Trabalho Francisco S\u00e9rgio Silva Rocha, destacou que &#8220;o evento representa um compromisso institucional, que visa fomentar e promover um di\u00e1logo com a sociedade civil, estabelecendo padr\u00f5es comportamentais que auxiliem no trabalho seguro&#8221;.<\/p>\n<p>De acordo com o Desembargador do Trabalho Walter Roberto Paro, Gestor Regional do Programa Trabalho Seguro, implementado pelo CSJT e TST, e desenvolvido regionalmente pelos TRTs, o objetivo do evento foi plantar uma semente de reflex\u00e3o, disponibilizando ideias e dados \u00e0 sociedade, para oxigenar a nossa forma de ver e de pensar. \u201cEntendo que este \u00e9 o primeiro passo, que promete dar muitos frutos\u201d, afirmou. Representando a Procuradoria Regional do Trabalho da 8\u00aa Regi\u00e3o, a Procuradora-Chefe, Gisele G\u00f3es, destacou durante a abertura que &#8220;\u00e9 muito importante este momento de di\u00e1logo com a sociedade, pois n\u00e3o adianta somente a atua\u00e7\u00e3o repressiva, \u00e9 preciso come\u00e7ar a entender a realidade que se tem hoje na Amaz\u00f4nia Rural, n\u00e3o no sentido da universaliza\u00e7\u00e3o, mas da regionaliza\u00e7\u00e3o&#8221;.<\/p>\n<p><a href=\"http:\/\/www.trt8.jus.br\/index.php?option=com_content&amp;view=article&amp;id=4576:091214-trt8-promove-debate-sobre-trabalho-rural-na-amazonia-e-suas-precariedades&amp;catid=360:noticias&amp;Itemid=229\" target=\"_blank\" rel=\"noopener\">Clique aqui <\/a>e leia a cobertura completa\u00a0do evento\u00a0na p\u00e1gina do TRT 8.<\/p>\n<p>Leia tamb\u00e9m<strong>:\u00a0<\/strong><a href=\"https:\/\/peabiru.org.br\/en\/2014\/11\/20\/evento-no-trt8-debate-a-realidade-do-trabalhador-rural-amazonico\/\" target=\"_blank\" rel=\"noopener\">Evento debate a realidade do trabalhador rural amaz\u00f4nico<\/a><\/p>\n<h3>Fotos do Evento<\/h3>\n<p>Acesse as\u00a0fotos do evento\u00a0pelo Flickr do TRT8. <a href=\"https:\/\/www.flickr.com\/photos\/trt8_oficial\/sets\/72157649609812172\/\" target=\"_blank\" rel=\"noopener\">Clique aqui<\/a>.<\/p>\n<h3>Objetivos do evento:<\/h3>\n<p>Aumentar a visibilidade da quest\u00e3o da seguran\u00e7a e sa\u00fade do trabalhador relacionada ao meio rural da Amaz\u00f4nia, especialmente do Par\u00e1 e Amap\u00e1;<\/p>\n<p>Demonstrar a relev\u00e2ncia do trabalho prec\u00e1rio, trabalho escravo e trabalho infantil no meio rural;<\/p>\n<h3>A quem se dirigiu:<\/h3>\n<ul>\n<li>Operadores do direito &#8211; magistrados, procuradores do trabalho, advogados, professores e estudantes e profissionais da \u00e1rea de sa\u00fade e trabalho;<\/li>\n<li>Gestores regionais e nacionais do trabalho seguro;<\/li>\n<li>Profissionais da \u00e1rea p\u00fablica e privada de sa\u00fade do trabalho, como participantes de CIPA, m\u00e9dicos do trabalho e respons\u00e1veis na elabora\u00e7\u00e3o de programas de sa\u00fade PPRA, PCMSO, LTCAT e outros;<\/li>\n<li>Gestores p\u00fablicos estaduais e municipais, especialmente no Par\u00e1 e Amap\u00e1;<\/li>\n<li>Associa\u00e7\u00f5es de munic\u00edpios do Par\u00e1 e Amap\u00e1;<\/li>\n<li>Associa\u00e7\u00f5es e Sindicatos patronais rurais e sindicatos de ind\u00fastrias relacionadas;<\/li>\n<li>Sindicatos das trabalhadoras e trabalhadores rurais (STTR);<\/li>\n<li>Profissionais da \u00e1rea ambiental \u2013 Policia Ambiental, Secretaria de Meio Ambiente de Estado etc.;<\/li>\n<li>Organiza\u00e7\u00f5es da sociedade civil relacionadas \u00e0s tem\u00e1ticas;<\/li>\n<li>Imprensa.<\/li>\n<\/ul>\n<h3>Documentos<\/h3>\n<p><strong>Programa\u00e7\u00e3o<\/strong><\/p>\n<ul>\n<li><a href=\"https:\/\/peabiru.org.br\/wp-content\/uploads\/2014\/11\/141210-minuta-programacao-amazonia-rural.pdf\">Clique para ver a programa\u00e7\u00e3o do evento<\/a><\/li>\n<\/ul>\n<p><strong>Apresenta\u00e7\u00f5es<\/strong><\/p>\n<p>Clique nos arquivos abaixo para fazer o download das apresenta\u00e7\u00f5es utilizadas pelos palestrantes do evento.<\/p>\n<ul>\n<li><a href=\"https:\/\/peabiru.org.br\/wp-content\/uploads\/2014\/11\/2-adelina-idesp-trt-apresentac3a7c3a3o.pdf\">Apresenta\u00e7\u00e3o &#8211; Adelina Braglia &#8211;\u00a0Idesp<\/a><\/li>\n<li><a href=\"https:\/\/peabiru.org.br\/wp-content\/uploads\/2014\/11\/3-cordeiro-ufra-trabalho-seguro-ministc3a9rio-do-trabalho.pdf\">Apresenta\u00e7\u00e3o &#8211; Ant\u00f4nio Cordeiro &#8211; UFRA<\/a><\/li>\n<li><a href=\"https:\/\/peabiru.org.br\/wp-content\/uploads\/2014\/11\/13-daniel-avelino-trabalho-precu00e1rio-e-agronegu00f3cio.pdf\">Apresenta\u00e7\u00e3o &#8211; Daniel Avelino &#8211; MPF-PA<\/a><\/li>\n<li><a href=\"https:\/\/peabiru.org.br\/wp-content\/uploads\/2014\/11\/15-edna-rocha-palestra-trt-05-12-2014.pdf\">Apresenta\u00e7\u00e3o &#8211; Edna Rocha &#8211; MTE<\/a><\/li>\n<li><a href=\"https:\/\/peabiru.org.br\/wp-content\/uploads\/2014\/11\/4-ida-unicef-palestra_amazoniarural_ida.pdf\">Apresenta\u00e7\u00e3o &#8211; Ida Pietricovsky\u00a0&#8211; UNICEF<\/a><\/li>\n<li><a href=\"https:\/\/peabiru.org.br\/wp-content\/uploads\/2014\/11\/9-nahum-amazonia-rural-modelo-joc3a3o-nahum.pdf\">Apresenta\u00e7\u00e3o &#8211; Jo\u00e3o Nahum &#8211; UFPA<\/a><\/li>\n<li><a href=\"https:\/\/peabiru.org.br\/wp-content\/uploads\/2014\/11\/14-jonatas-palestra-trabalho-escravo-ejud-pa.pdf\">Apresenta\u00e7\u00e3o &#8211; J\u00f4natas Andrade &#8211; 2a Vara de Trabalho de Marab\u00e1<\/a><\/li>\n<li><a href=\"https:\/\/peabiru.org.br\/wp-content\/uploads\/2014\/11\/7-manoel-potiguar-amazonia-rural-slides-manoel.pdf\">Apresenta\u00e7\u00e3o &#8211; Manoel Potiguar &#8211; Instituto Peabiru<\/a><\/li>\n<li><a href=\"https:\/\/peabiru.org.br\/wp-content\/uploads\/2014\/11\/11-maria-cristina-gonzaga-fundacentro-apresentac3a7c3a3otrabalho-abacaxi-28-novembro-pptx.pdf\">Apresenta\u00e7\u00e3o &#8211; Maria Cristina Gonzaga &#8211; Fundacentro<\/a><\/li>\n<li><a href=\"https:\/\/peabiru.org.br\/wp-content\/uploads\/2014\/11\/12-mercia-inpacto-belc3a9m-do-parc3a1-amazonia-rural-4-e-5-dez-2014.pdf\">Apresenta\u00e7\u00e3o &#8211; M\u00e9rcia Silva &#8211; Inpacto<\/a><\/li>\n<li><a href=\"https:\/\/peabiru.org.br\/wp-content\/uploads\/2014\/11\/5-nazare-sa-palestra-trt-trabalho-infantil.pdf\">Apresenta\u00e7\u00e3o &#8211; Nazar\u00e9 S\u00e1 de Oliveira &#8211; TRT<\/a><\/li>\n<li><a href=\"https:\/\/peabiru.org.br\/wp-content\/uploads\/2014\/11\/1-reinaldo-canto-trabalho-no-meio-rural_imprensa.pdf\">Apresenta\u00e7\u00e3o &#8211; Reinaldo Canto &#8211; Carta Capital<\/a><\/li>\n<li><a href=\"https:\/\/peabiru.org.br\/wp-content\/uploads\/2014\/11\/6-rejane-amazc3b4nia-rural.pdf\">Apresenta\u00e7\u00e3o &#8211; Rejane de Barros &#8211; MPT<\/a><\/li>\n<\/ul>\n<h3>Bibliografia<\/h3>\n<p><strong>Dra. Suzy Elizabeth Koury<\/strong><\/p>\n<ul>\n<li><a href=\"https:\/\/peabiru.org.br\/wp-content\/uploads\/2014\/11\/amazoniaedesenvolvimentosustentc3a1vel.pdf\">Direito ambiental internacional e pol\u00edticas sobre a sustentabilidade &#8211; Suzy Elizabeth Cavalcante Koury<\/a><\/li>\n<li><a href=\"https:\/\/peabiru.org.br\/wp-content\/uploads\/2014\/11\/artigo-revista-tst.pdf\">Meio Ambiente e condi\u00e7\u00f5es de trabalho na Amaz\u00f4nia Oriental: uma an\u00e1lise sobre as rela\u00e7\u00f5es de trabalho na minera\u00e7\u00e3o &#8211;\u00a0Suzy Elizabeth Cavalcante Koury<\/a><\/li>\n<li><a href=\"https:\/\/peabiru.org.br\/wp-content\/uploads\/2014\/11\/trabalho-desenvolvimento-e-globalizac3a7c3a3o-economica-completo.pdf\">Direito ao trabalho, desenvolvimento e globaliza\u00e7\u00e3o econ\u00f4mica: o trabalho escravo contempor\u00e2neo &#8211; Suzy Elizabeth Cavalcante Koury<\/a><\/li>\n<\/ul>\n<p><strong>Fundacentro<\/strong><\/p>\n<p>1 &#8211; Cana de a\u00e7\u00facar<\/p>\n<ul>\n<li><a href=\"https:\/\/peabiru.org.br\/wp-content\/uploads\/2014\/11\/2002-fundacentro-cana-de-acucar-boa-vista.pdf\">Cultura da Cana de A\u00e7\u00facar &#8211; Boa Vista &#8211; Fundacentro, 2002<\/a><\/li>\n<li><a href=\"https:\/\/peabiru.org.br\/wp-content\/uploads\/2014\/11\/2008-fundacentrosaopauloanalise-coletiva-cortadores-de-cana.pdf\">An\u00e1lise Coletiva &#8211; Cortadores de Cana -S\u00e3o Paulo &#8211; Fundacentro, 2008<\/a><\/li>\n<li><a href=\"https:\/\/peabiru.org.br\/wp-content\/uploads\/2014\/11\/parecer_fuligem.pdf\">Efeitos da fuligem sobre os olhos no trabalho de corte de cana &#8211; Fundacentro<\/a><\/li>\n<li><a href=\"https:\/\/peabiru.org.br\/wp-content\/uploads\/2014\/11\/c3b3culos-corte-manual-da-cana-setembro2009.pdf\">Discuss\u00e3o sobre \u00f3culos de prote\u00e7\u00e3o para o corte manual da cana\u00a0&#8211; Fundacentro,\u00a02009<\/a><\/li>\n<\/ul>\n<p>2 &#8211; Abacaxi<\/p>\n<ul>\n<li><a href=\"https:\/\/peabiru.org.br\/wp-content\/uploads\/2014\/11\/2014-fundacentro-saopaulo-cultivo_do_abacaxi.pdf\">Cultivo do Abacaxi &#8211; S\u00e3o Paulo &#8211; Fundacentro, 2014<\/a><\/li>\n<\/ul>\n<p><strong>Dr. Guata\u00e7ara Gabriel<\/strong><\/p>\n<ul>\n<li><a href=\"https:\/\/peabiru.org.br\/wp-content\/uploads\/2014\/11\/guatacaragabriel-manualacai.pdf\">Resgate m\u00e9dico na realidade da Amaz\u00f4nia &#8211; Dr. GuatacaraGAbriel-Manual<\/a><\/li>\n<\/ul>\n<p><strong>Peabiru Institute<\/strong><\/p>\n<ul>\n<li><a href=\"https:\/\/peabiru.org.br\/wp-content\/uploads\/2012\/09\/apl_relatocc81rio-oficina-accca7aicc81.pdf\" target=\"_blank\" rel=\"attachment wp-att-2127 noopener\">Oficina de Elabora\u00e7\u00e3o de Estrat\u00e9gia de promo\u00e7\u00e3o da Cadeia de Valor do A\u00e7a\u00ed Marajoara<\/a>\u00a0&#8211;\u00a0Instituto Peabiru<\/li>\n<li><a href=\"https:\/\/peabiru.org.br\/wp-content\/uploads\/2012\/09\/apl_relatocc81rio-oficina-andiroba.pdf\" target=\"_blank\" rel=\"attachment wp-att-2128 noopener\">Oficina de Elabora\u00e7\u00e3o de Estrat\u00e9gias de promo\u00e7\u00e3o da Cadeira de Valor da Andiroba Marajoara<\/a>\u00a0&#8211;\u00a0Instituto Peabiru<\/li>\n<li><a href=\"https:\/\/peabiru.org.br\/wp-content\/uploads\/2014\/11\/peabiru_apl-acai.pdf\">Planejamento Estrat\u00e9gico da Cadeia de Valor do a\u00e7a\u00ed do Maraj\u00f3<\/a> &#8211; Instituto Peabiru<\/li>\n<\/ul>\n<h3>Artigos<\/h3>\n<ul>\n<li><a href=\"http:\/\/envolverde.com.br\/ambiente\/hora-e-vez-de-extinguir-o-trabalho-precario-na-amazonia\/\" target=\"_blank\" rel=\"noopener\">A hora e a vez de extinguir o trabalho prec\u00e1rio na Amaz\u00f4nia<\/a>. Por Jo\u00e3o Meirelles Filho, publicado em <a href=\"http:\/\/envolverde.com.br\/ambiente\/hora-e-vez-de-extinguir-o-trabalho-precario-na-amazonia\/\" target=\"_blank\" rel=\"noopener\">Envolverde<\/a>, dezembro de 2014.<\/li>\n<\/ul>\n<h3>Videos<\/h3>\n<p>Em breve confira tamb\u00e9m\u00a0os demais v\u00eddeos das apresenta\u00e7\u00f5es do evento<\/p>\n<p><strong>Tema 3 &#8211;\u00a0Trabalho prec\u00e1rio na agricultura familiar e no agroneg\u00f3cio<\/strong><\/p>\n<ul>\n<li>Dr. Guata\u00e7ara Gabriel,\u00a0traumatologista e coordenador do pronto-atendimento e acolhimento do Hospital Metropolitano, Bel\u00e9m, PA &#8211; Acidentes no contexto do extrativismo do a\u00e7a\u00ed.<\/li>\n<\/ul>\n<p style=\"text-align: left;\">[youtube https:\/\/www.youtube.com\/watch?v=W2n3s6gcqKI&amp;w=320&amp;h=180]<\/p>\n<p>[youtube https:\/\/www.youtube.com\/watch?v=0hgEIclk6pc&amp;w=320&amp;h=180]<\/p>\n<p>[youtube https:\/\/www.youtube.com\/watch?v=0hgEIclk6pc&amp;w=320&amp;h=180]<\/p>","protected":false},"excerpt":{"rendered":"<p>Confira as informa\u00e7\u00f5es sobre o evento Amaz\u00f4nia Rural, Trabalho Prec\u00e1rio &#8211; Seguran\u00e7a e Sa\u00fade do Trabalhador no Par\u00e1 e Amap\u00e1 realizado pelo Tribunal Regional do Trabalho da 8\u00aa Regi\u00e3o, em parceria com Minist\u00e9rio P\u00fablico do Trabalho, o UNICEF e o Instituto Peabiru<\/p>","protected":false},"author":2,"featured_media":3020,"parent":0,"menu_order":0,"comment_status":"open","ping_status":"closed","template":"template-fullwidth.php","meta":{"advanced_seo_description":"","jetpack_seo_html_title":"","jetpack_seo_noindex":false,"footnotes":""},"class_list":["post-2900","page","type-page","status-publish","has-post-thumbnail","hentry"],"jetpack_sharing_enabled":true,"_links":{"self":[{"href":"https:\/\/peabiru.org.br\/en\/wp-json\/wp\/v2\/pages\/2900","targetHints":{"allow":["GET"]}}],"collection":[{"href":"https:\/\/peabiru.org.br\/en\/wp-json\/wp\/v2\/pages"}],"about":[{"href":"https:\/\/peabiru.org.br\/en\/wp-json\/wp\/v2\/types\/page"}],"author":[{"embeddable":true,"href":"https:\/\/peabiru.org.br\/en\/wp-json\/wp\/v2\/users\/2"}],"replies":[{"embeddable":true,"href":"https:\/\/peabiru.org.br\/en\/wp-json\/wp\/v2\/comments?post=2900"}],"version-history":[{"count":1,"href":"https:\/\/peabiru.org.br\/en\/wp-json\/wp\/v2\/pages\/2900\/revisions"}],"predecessor-version":[{"id":14642,"href":"https:\/\/peabiru.org.br\/en\/wp-json\/wp\/v2\/pages\/2900\/revisions\/14642"}],"wp:featuredmedia":[{"embeddable":true,"href":"https:\/\/peabiru.org.br\/en\/wp-json\/wp\/v2\/media\/3020"}],"wp:attachment":[{"href":"https:\/\/peabiru.org.br\/en\/wp-json\/wp\/v2\/media?parent=2900"}],"curies":[{"name":"wp","href":"https:\/\/api.w.org\/{rel}","templated":true}]}}