{"id":3250,"date":"2024-07-18T14:20:49","date_gmt":"2024-07-18T17:20:49","guid":{"rendered":"http:\/\/peabiru.org.br\/?page_id=3250"},"modified":"2024-07-18T14:20:49","modified_gmt":"2024-07-18T17:20:49","slug":"sigmarajovivapesca","status":"publish","type":"page","link":"https:\/\/peabiru.org.br\/en\/sigmarajovivapesca\/","title":{"rendered":"Sistema de Informa\u00e7\u00f5es Georreferenciadas Maraj\u00f3 Viva Pesca"},"content":{"rendered":"<p><img loading=\"lazy\" decoding=\"async\" class=\"aligncenter wp-image-2245 size-full\" src=\"https:\/\/peabiru.org.br\/wp-content\/uploads\/2014\/01\/banner_vivapesca.png\" alt=\"banner_vivapesca\" width=\"800\" height=\"147\" srcset=\"https:\/\/peabiru.org.br\/wp-content\/uploads\/2014\/01\/banner_vivapesca.png 800w, https:\/\/peabiru.org.br\/wp-content\/uploads\/2014\/01\/banner_vivapesca-300x55.png 300w, https:\/\/peabiru.org.br\/wp-content\/uploads\/2014\/01\/banner_vivapesca-768x141.png 768w\" sizes=\"auto, (max-width: 800px) 100vw, 800px\" \/><\/p>\n<p>&nbsp;<\/p>\n<p><strong>1 &#8211; Mapas produzidos<\/strong><\/p>\n<ul>\n<li>Mapa de comunidades e congrega\u00e7\u00f5es do Rio Canaticu\n<ul>\n<li><a href=\"https:\/\/peabiru.org.br\/wp-content\/uploads\/2015\/08\/201507_mapa_rio_canaticu_comunidades_congregacoes_total.pdf\" target=\"_blank\" rel=\"noopener\">Clique aqui<\/a> para baixar\u00a0(.pdf)<\/li>\n<\/ul>\n<\/li>\n<\/ul>\n<ul>\n<li>Mapa de furos e bra\u00e7os do\u00a0Rio Canaticu\n<ul>\n<li><a href=\"https:\/\/peabiru.org.br\/wp-content\/uploads\/2015\/08\/201507_mapa_rio_canaticu_rios_bracos_furos_ilhas_total.pdf\" target=\"_blank\" rel=\"noopener\">Clique aqui <\/a>para baixar\u00a0(.pdf)<\/li>\n<\/ul>\n<\/li>\n<\/ul>\n<ul>\n<li>Carta-imagem\u00a0da bacia hidrogr\u00e1fica do Rio Canaticu\n<ul>\n<li><a href=\"https:\/\/peabiru.org.br\/wp-content\/uploads\/2015\/08\/201507_bacia_rio_canaticu_landsat.pdf\" target=\"_blank\" rel=\"noopener\">Clique aqui<\/a> para baixar (.pdf)<\/li>\n<\/ul>\n<\/li>\n<\/ul>\n<ul>\n<li>Mapa da bacia hidrogr\u00e1fica do Rio Canaticu\n<ul>\n<li><a href=\"https:\/\/peabiru.org.br\/wp-content\/uploads\/2015\/08\/201507_bacia_rio_canaticu_srtm.pdf\" target=\"_blank\" rel=\"noopener\">Clique aqui<\/a> para baixar (.pdf)<\/li>\n<\/ul>\n<\/li>\n<\/ul>\n<p>&nbsp;<\/p>\n<p><strong>2 &#8211; Shapefiles<\/strong><\/p>\n<ul>\n<li>Shapefiles de comunidades e congrega\u00e7\u00f5es e rios, bra\u00e7os e furos do Rio Canaticu\n<ul>\n<li><a href=\"http:\/\/www.mediafire.com\/download\/09uxgvmbaad5ux4\/SHAPEFILES.zip\" target=\"_blank\" rel=\"noopener\">Clique aqui<\/a> para baixar os arquivos compactados via MediaFire (.zip)<\/li>\n<\/ul>\n<\/li>\n<\/ul>\n<p>&nbsp;<\/p>\n<p><strong>3 &#8211; Pontos\u00a0de\u00a0GPS<\/strong><\/p>\n<ul>\n<li>Tabela de pontos de GPS de comunidades e congrega\u00e7\u00f5es do Rio Canaticu\n<ul>\n<li><a href=\"https:\/\/peabiru.org.br\/wp-content\/uploads\/2015\/08\/201507_gps_rio_canaticu_comunidades_congregacoes_total_pts.xlsx\" target=\"_blank\" rel=\"noopener\">Clique aqui <\/a>para baixar (.xlsx)<\/li>\n<\/ul>\n<\/li>\n<\/ul>\n<ul>\n<li>Tabela de pontos de GPS de furos e bra\u00e7os\u00a0do Rio Canaticu\n<ul>\n<li><a href=\"https:\/\/peabiru.org.br\/wp-content\/uploads\/2015\/08\/201507_gps_rio_canaticu_rios_bracos_furos_ilhas_total_pts.xlsx\" target=\"_blank\" rel=\"noopener\">Clique aqui <\/a>para baixar (.xlsx)<\/li>\n<\/ul>\n<\/li>\n<\/ul>\n<p>&nbsp;<\/p>\n<p><strong>4\u00a0&#8211; Imagens\u00a0de Sat\u00e9lite<\/strong><\/p>\n<ul>\n<li>Imagens de sat\u00e9lite\u00a0do munic\u00edpio de Curralinho e da bacia hidrogr\u00e1fica do Rio Canaticu\n<ul>\n<li><a href=\"http:\/\/www.mediafire.com\/download\/url7gcjxceycaqe\/IMAGENS_SATELITE.zip\" target=\"_blank\" rel=\"noopener\">Clique aqui<\/a> para baixar os arquivos compactados via mediafire (.zip)<\/li>\n<\/ul>\n<\/li>\n<\/ul>\n<p>&nbsp;<\/p>\n<p><strong>Patroc\u00ednio<\/strong><\/p>\n<p><img loading=\"lazy\" decoding=\"async\" class=\"alignleft wp-image-2842 size-full\" src=\"https:\/\/peabiru.org.br\/wp-content\/uploads\/2014\/01\/petrobras_gf_logos.png\" alt=\"petrobras_gf_logos\" width=\"1472\" height=\"247\" \/><\/p>\n<p>&nbsp;<\/p>\n<p>&nbsp;<\/p>\n<p>&nbsp;<\/p>","protected":false},"excerpt":{"rendered":"<p>Sistema de Informa\u00e7\u00f5es Georreferenciadas Maraj\u00f3 Viva Pesca produzidos pelo Instituto Peabiru<\/p>","protected":false},"author":2,"featured_media":2245,"parent":0,"menu_order":0,"comment_status":"open","ping_status":"closed","template":"template-fullwidth.php","meta":{"advanced_seo_description":"","jetpack_seo_html_title":"","jetpack_seo_noindex":false,"footnotes":""},"class_list":["post-3250","page","type-page","status-publish","has-post-thumbnail","hentry"],"jetpack_sharing_enabled":true,"_links":{"self":[{"href":"https:\/\/peabiru.org.br\/en\/wp-json\/wp\/v2\/pages\/3250","targetHints":{"allow":["GET"]}}],"collection":[{"href":"https:\/\/peabiru.org.br\/en\/wp-json\/wp\/v2\/pages"}],"about":[{"href":"https:\/\/peabiru.org.br\/en\/wp-json\/wp\/v2\/types\/page"}],"author":[{"embeddable":true,"href":"https:\/\/peabiru.org.br\/en\/wp-json\/wp\/v2\/users\/2"}],"replies":[{"embeddable":true,"href":"https:\/\/peabiru.org.br\/en\/wp-json\/wp\/v2\/comments?post=3250"}],"version-history":[{"count":1,"href":"https:\/\/peabiru.org.br\/en\/wp-json\/wp\/v2\/pages\/3250\/revisions"}],"predecessor-version":[{"id":14680,"href":"https:\/\/peabiru.org.br\/en\/wp-json\/wp\/v2\/pages\/3250\/revisions\/14680"}],"wp:featuredmedia":[{"embeddable":true,"href":"https:\/\/peabiru.org.br\/en\/wp-json\/wp\/v2\/media\/2245"}],"wp:attachment":[{"href":"https:\/\/peabiru.org.br\/en\/wp-json\/wp\/v2\/media?parent=3250"}],"curies":[{"name":"wp","href":"https:\/\/api.w.org\/{rel}","templated":true}]}}