{"id":3563,"date":"2024-07-18T14:10:25","date_gmt":"2024-07-18T17:10:25","guid":{"rendered":"http:\/\/peabiru.org.br\/?page_id=3563"},"modified":"2024-07-18T14:10:25","modified_gmt":"2024-07-18T17:10:25","slug":"linstitutpeabiru","status":"publish","type":"page","link":"https:\/\/peabiru.org.br\/en\/linstitutpeabiru\/","title":{"rendered":"L&#8217;Institut Peabiru"},"content":{"rendered":"<div class=\"wp-block-image\">\n<figure class=\"aligncenter size-full\"><img loading=\"lazy\" decoding=\"async\" width=\"800\" height=\"483\" src=\"https:\/\/peabiru.org.br\/wp-content\/uploads\/2020\/04\/logo-peabiru-alta-qualidade.jpg\" alt=\"\" class=\"wp-image-7748\" srcset=\"https:\/\/peabiru.org.br\/wp-content\/uploads\/2020\/04\/logo-peabiru-alta-qualidade.jpg 800w, https:\/\/peabiru.org.br\/wp-content\/uploads\/2020\/04\/logo-peabiru-alta-qualidade-300x181.jpg 300w, https:\/\/peabiru.org.br\/wp-content\/uploads\/2020\/04\/logo-peabiru-alta-qualidade-768x464.jpg 768w\" sizes=\"auto, (max-width: 800px) 100vw, 800px\" \/><\/figure>\n<\/div>\n\n\n<div style=\"height:70px\" aria-hidden=\"true\" class=\"wp-block-spacer\"><\/div>\n\n\n\n<h2 class=\"wp-block-heading\"><strong>Qui nous sommes<\/strong><\/h2>\n\n\n\n<p>L&#8217;Institut Peabiru est une organisation d&#8217;int\u00e9r\u00eat public de la soci\u00e9t\u00e9 civile br\u00e9silienne (Oscip), forte de 25 ans d&#8217;exp\u00e9rience, qui a pour mission de promouvoir le r\u00f4le moteur des groupes sociaux en Amazonie afin de promouvoir le plein acc\u00e8s \u00e0 leurs droits fondamentaux. Bas\u00e9e \u00e0 Bel\u00e9m, Par\u00e1, elle op\u00e8re de pr\u00e9f\u00e9rence dans le biome amazonien. Dans l&#8217;\u00c9tat du Par\u00e1, une attention particuli\u00e8re est accord\u00e9e \u00e0 trois r\u00e9gions : le Grand Bel\u00e9m, le Maraj\u00f3 et le Nord-Est du Par\u00e1.<\/p>\n\n\n\n<h2 class=\"wp-block-heading\"><strong>Notre mission<\/strong><\/h2>\n\n\n\n<p>Favoriser le r\u00f4le des groupes sociaux en Amazonie pour promouvoir le plein acc\u00e8s \u00e0 leurs droits fondamentaux.<\/p>\n\n\n\n<h2 class=\"wp-block-heading\"><strong>Comment agissons-nous?<\/strong><\/h2>\n\n\n\n<ul class=\"wp-block-list\">\n<li>Recherche participative, processus de r\u00e9flexion et de prise de d\u00e9cision \u2013 recherche-action.<\/li>\n\n\n\n<li>Bonnes pratiques de gestion de projet.<\/li>\n\n\n\n<li>S\u00e9curit\u00e9 dans les processus institutionnels (conformit\u00e9).<\/li>\n<\/ul>\n\n\n\n<h2 class=\"wp-block-heading\"><strong>Notre approche d&#8217;intervention<\/strong><\/h2>\n\n\n\n<ul class=\"wp-block-list\">\n<li>Recherche-action<\/li>\n\n\n\n<li>Approche territoriale<\/li>\n\n\n\n<li>Perspective genre et jeunesse<\/li>\n\n\n\n<li>R\u00e9seaux d&#8217;acteurs socio-productifs<\/li>\n\n\n\n<li>Engagement des parties prenantes<\/li>\n\n\n\n<li>Construction collective des savoirs<\/li>\n<\/ul>\n\n\n\n<h2 class=\"wp-block-heading\"><strong>Domaines d&#8217;expertise<\/strong><\/h2>\n\n\n\n<ol class=\"wp-block-list\">\n<li>Cha\u00eenes de valeur Amazon<\/li>\n\n\n\n<li>Protection sociale<\/li>\n\n\n\n<li>Action sociale de l&#8217;entreprise<\/li>\n\n\n\n<li>Conservation de la biodiversit\u00e9<br><\/li>\n<\/ol>\n\n\n\n<h2 class=\"wp-block-heading\"><strong>D\u00e9couvrez nos projets<\/strong><\/h2>\n\n\n\n<p><a href=\"https:\/\/peabiru.org.br\/en\/projetos\/\">peabiru.org.br\/projetos<\/a> (<em>En portugais, avec traduction automatique disponible<\/em>)<\/p>\n\n\n\n<h2 class=\"wp-block-heading\"><strong>Contacts<\/strong><\/h2>\n\n\n\n<p>peabiru@peabiru.org.br<strong><br><\/strong>+55 (91) 3222-6000<\/p>","protected":false},"excerpt":{"rendered":"<p>L&#8217;Institut Peabiru est une organisation d&#8217;int\u00e9r\u00eat public de la soci\u00e9t\u00e9 civile br\u00e9silienne (Oscip), forte de 25 ans d&#8217;exp\u00e9rience<\/p>","protected":false},"author":2,"featured_media":0,"parent":0,"menu_order":0,"comment_status":"closed","ping_status":"closed","template":"template-fullwidth.php","meta":{"advanced_seo_description":"","jetpack_seo_html_title":"","jetpack_seo_noindex":false,"footnotes":""},"class_list":["post-3563","page","type-page","status-publish","hentry"],"jetpack_sharing_enabled":true,"_links":{"self":[{"href":"https:\/\/peabiru.org.br\/en\/wp-json\/wp\/v2\/pages\/3563","targetHints":{"allow":["GET"]}}],"collection":[{"href":"https:\/\/peabiru.org.br\/en\/wp-json\/wp\/v2\/pages"}],"about":[{"href":"https:\/\/peabiru.org.br\/en\/wp-json\/wp\/v2\/types\/page"}],"author":[{"embeddable":true,"href":"https:\/\/peabiru.org.br\/en\/wp-json\/wp\/v2\/users\/2"}],"replies":[{"embeddable":true,"href":"https:\/\/peabiru.org.br\/en\/wp-json\/wp\/v2\/comments?post=3563"}],"version-history":[{"count":3,"href":"https:\/\/peabiru.org.br\/en\/wp-json\/wp\/v2\/pages\/3563\/revisions"}],"predecessor-version":[{"id":14658,"href":"https:\/\/peabiru.org.br\/en\/wp-json\/wp\/v2\/pages\/3563\/revisions\/14658"}],"wp:attachment":[{"href":"https:\/\/peabiru.org.br\/en\/wp-json\/wp\/v2\/media?parent=3563"}],"curies":[{"name":"wp","href":"https:\/\/api.w.org\/{rel}","templated":true}]}}