{"id":3813,"date":"2024-07-18T14:16:35","date_gmt":"2024-07-18T17:16:35","guid":{"rendered":"http:\/\/peabiru.org.br\/?page_id=3813"},"modified":"2024-07-18T14:16:35","modified_gmt":"2024-07-18T17:16:35","slug":"oleo-palma","status":"publish","type":"page","link":"https:\/\/peabiru.org.br\/en\/oleo-palma\/","title":{"rendered":"\u00d3leo de Palma"},"content":{"rendered":"<div class=\"wp-block-image\">\n<figure class=\"aligncenter\"><a href=\"https:\/\/peabiru.org.br\/wp-content\/uploads\/2013\/07\/06072012c2a9rafael-araujo-dende-00058.jpg\"><img loading=\"lazy\" decoding=\"async\" width=\"1280\" height=\"853\" src=\"https:\/\/peabiru.org.br\/wp-content\/uploads\/2013\/07\/06072012c2a9rafael-araujo-dende-00058.jpg\" alt=\"No Brasil, as experi\u00eancias de uso do conceito AVC j\u00e1 ocorrem no setor de produ\u00e7\u00e3o de \u00f3leo de palma (Foto: Rafael Ara\u00fajo)\" class=\"wp-image-1935\" srcset=\"https:\/\/peabiru.org.br\/wp-content\/uploads\/2013\/07\/06072012c2a9rafael-araujo-dende-00058.jpg 1280w, https:\/\/peabiru.org.br\/wp-content\/uploads\/2013\/07\/06072012c2a9rafael-araujo-dende-00058-300x200.jpg 300w, https:\/\/peabiru.org.br\/wp-content\/uploads\/2013\/07\/06072012c2a9rafael-araujo-dende-00058-1024x682.jpg 1024w, https:\/\/peabiru.org.br\/wp-content\/uploads\/2013\/07\/06072012c2a9rafael-araujo-dende-00058-768x512.jpg 768w\" sizes=\"auto, (max-width: 1280px) 100vw, 1280px\" \/><\/a><\/figure>\n<\/div>\n\n\n<p class=\"has-text-align-center\" style=\"font-size:11px\"><em>A produ\u00e7\u00e3o rural da Palma, no Par\u00e1, se concentra na Mesorregi\u00e3o do Nordeste Paraense.&nbsp;<\/em><br><em>Foto: Rafael Ara\u00fajo<\/em><\/p>\n\n\n\n<hr class=\"wp-block-separator has-css-opacity\"\/>\n\n\n\n<p>A cadeia de valor da palma (<em>(Elaeis guineensis), <\/em>conhecida como dend\u00ea, apresenta forte crescimento no Par\u00e1, onde se concentra mais de 90% da produ\u00e7\u00e3o brasileira de \u00f3leo de palma, de cerca de 300 mil toneladas\/ano (0,57% da produ\u00e7\u00e3o mundial). O interesse pela cultura aumentou na \u00faltima d\u00e9cada com o Programa Nacional de Produ\u00e7\u00e3o e Uso do Biodiesel.<\/p>\n\n\n\n<p>Recentemente, o Governo do Estado do Par\u00e1 elegeu esta atividade como uma das principais do meio rural para as pr\u00f3ximas d\u00e9cadas em fun\u00e7\u00e3o de sua capacidade de gera\u00e7\u00e3o de emprego e renda. A produ\u00e7\u00e3o rural se concentra na Mesorregi\u00e3o do Nordeste Paraense, a \u00e1rea mais devastada da Amaz\u00f4nia e, sua expans\u00e3o substitui, em boa medida, a pecu\u00e1ria bovina extensiva de baixa produtividade. Trata-se de cadeia de valor que abrange conjunto de grandes empresas, m\u00e9dios propriet\u00e1rios e a agricultura familiar (cerca de mil fam\u00edlias) e emprega cerca de 20 mil pessoas no Par\u00e1.<\/p>\n\n\n\n<p>Desde 2009, o Instituto Peabiru realiza pesquisas e a\u00e7\u00f5es pioneiras sobre esta cadeia de valor. Entre os principais parceiros destacam-se a Agropalma SA, cujos documentos ser\u00e3o detalhados a seguir, e a Petrobras Biocombust\u00edvel, que hoje comp\u00f5e a Bel\u00e9m Bioenergia Brasil (BBB). Para esta \u00faltima, entre 2010 e 2011, o Instituto Peabiru realizou uma s\u00e9rie de diagn\u00f3sticos preliminares que compuseram o Marco Zero da chegada da empresa ao munic\u00edpio de Tail\u00e2ndia. Foram estudos do meio f\u00edsico, do patrim\u00f4nio arqueol\u00f3gico a levantamentos preliminares de bot\u00e2nica e da fauna (abelhas nativas, anf\u00edbios, repteis, aves e pequenos mam\u00edferos) em onze propriedades rurais e seu entorno.<\/p>\n\n\n\n<p>A convite da Agropalma SA, o Instituto Peabiru realizou diagn\u00f3sticos nas comunidades do entorno da empresa e desenvolveu diferentes trabalhos, com destaque a duas a\u00e7\u00f5es de desenvolvimento social, a saber:<\/p>\n\n\n\n<p>a) <strong>Projeto Indicadores de Sustentabilidade<\/strong><\/p>\n\n\n\n<p>[youtube https:\/\/www.youtube.com\/watch?v=UL6dYtq2dZ4&amp;w=853&amp;h=480]<\/p>\n\n\n\n<p>O&nbsp;objetivo do &#8220;Projeto Indicadores de Sustentabilidade&#8221; foi monitorar o impacto da rela\u00e7\u00e3o comercial da empresa com os agricultores familiares em seu modo de vida. Este abrangeu o universo das 150 fam\u00edlias do Programa de Agricultura Familiar da Agropalma dos assentamentos estaduais Araua\u00ed I a III.<\/p>\n\n\n\n<p>Para desenvolver este projeto a equipe do Instituto Peabiru usou como metodologia a pesquisa a\u00e7\u00e3o participativa. Como resultado, al\u00e9m do monitoramento dos impactos, atrav\u00e9s dos indicadores de sustentabilidade, houve o processo de transforma\u00e7\u00e3o e empoderamento de mulheres e jovens atores locais envolvidos direta e indiretamente no projeto.<\/p>\n\n\n\n<p>Trata-se de processo in\u00e9dito em&nbsp;n\u00edvel mundial para a cadeia de valor, em que os pesquisadores s\u00e3o os pr\u00f3prios agricultores.<\/p>\n\n\n\n<p>Sobre a iniciativa, confira:<\/p>\n\n\n\n<ol class=\"wp-block-list\">\n<li><a href=\"https:\/\/peabiru.org.br\/wp-content\/uploads\/2016\/08\/160721_peabiru-indicadores-socioambientais-agric-familiar.pdf\" target=\"_blank\" rel=\"noopener\">Relat\u00f3rio final &#8211; Projeto Indicadores de Sustentabilidade\u00a0(PDF)<\/a><\/li>\n\n\n\n<li><a href=\"http:\/\/www.slideshare.net\/institutopeabiru\/programa-dend-caderno-de-indicadores-de-sustentabilidade-programa-de-agricultura-familiar\" target=\"_blank\" rel=\"noopener\">O caderno de indicadores constru\u00eddo como parte deste processo: &#8220;Programa Dend\u00ea: Caderno de Indicadores de Sustentabilidade. Programa de Agricultura Familiar&#8221; (PDF)<\/a><\/li>\n<\/ol>\n\n\n\n<p>Em parceria com consultores foi preparado, ainda, uma an\u00e1lise sobre o processo metodol\u00f3gico da pesquisa-a\u00e7\u00e3o, o que pode ser visto aqui:<\/p>\n\n\n\n<ul class=\"wp-block-list\">\n<li><a href=\"https:\/\/peabiru.org.br\/wp-content\/uploads\/2015\/02\/150115-indicadores-socioambientais.pdf\">\u201cA luz da pesquisa-a\u00e7\u00e3o no projeto Indicadores de Sustentabilidade: um caminho para o desenvolvimento local\u201d<\/a>.\u00a0Por\u00a0Ana Carolina C. Vieira, Thiara Fernandes,\u00a0Maria Jos\u00e9 Barney Gonzalez, Jo\u00e3o Meirelles Filho.<\/li>\n<\/ul>\n\n\n\n<p>b) <strong>Agenda 21 Local no Distrito de Palmares<\/strong><\/p>\n\n\n<div class=\"wp-block-image\">\n<figure class=\"aligncenter\"><a href=\"https:\/\/peabiru.org.br\/wp-content\/uploads\/2016\/08\/dsc01390.jpg\"><img loading=\"lazy\" decoding=\"async\" width=\"1920\" height=\"1440\" src=\"https:\/\/peabiru.org.br\/wp-content\/uploads\/2016\/08\/dsc01390.jpg?w=520\" alt=\"A partir da metodologia da Agenda 21 Local, construiu-se o plano de desenvolvimento local, a partir do debate das tem\u00e1ticas mais relevantes para a comunidade\" class=\"wp-image-3817\" srcset=\"https:\/\/peabiru.org.br\/wp-content\/uploads\/2016\/08\/dsc01390.jpg 1920w, https:\/\/peabiru.org.br\/wp-content\/uploads\/2016\/08\/dsc01390-300x225.jpg 300w, https:\/\/peabiru.org.br\/wp-content\/uploads\/2016\/08\/dsc01390-1024x768.jpg 1024w, https:\/\/peabiru.org.br\/wp-content\/uploads\/2016\/08\/dsc01390-768x576.jpg 768w, https:\/\/peabiru.org.br\/wp-content\/uploads\/2016\/08\/dsc01390-1536x1152.jpg 1536w, https:\/\/peabiru.org.br\/wp-content\/uploads\/2016\/08\/dsc01390-2048x1536.jpg 2048w\" sizes=\"auto, (max-width: 1920px) 100vw, 1920px\" \/><\/a><\/figure>\n<\/div>\n\n\n<p class=\"has-text-align-center\" style=\"font-size:11px\"><em>Plano de desenvolvimento local&nbsp;foi constru\u00eddo&nbsp;a partir do debate das tem\u00e1ticas mais relevantes para a comunidade<\/em><\/p>\n\n\n\n<hr class=\"wp-block-separator has-css-opacity\"\/>\n\n\n\n<p>O Distrito de Palmares, em Tail\u00e2ndia, surge em fun\u00e7\u00e3o do crescimento da atividade da palma. O trabalho realizado foi o Plano de Desenvolvimento Sustent\u00e1vel, a partir da metodologia da Agenda 21 Local. O objetivo foi fortalecer a capacidade da popula\u00e7\u00e3o de Palmares em buscar seus direitos civis, assumindo o protagonismo no processo de desenvolvimento local. A metodologia constituiu-se de um conjunto de debates sobre as tem\u00e1ticas mais relevantes escolhidas pela comunidade. O plano foi discutido com o poder p\u00fablico, com as empresas atuantes na regi\u00e3o e com organiza\u00e7\u00f5es da sociedade civil.<\/p>\n\n\n\n<p>O relat\u00f3rio apresenta o processo de trabalho e os avan\u00e7os alcan\u00e7ados, confira:<\/p>\n\n\n\n<ul class=\"wp-block-list\">\n<li><a href=\"https:\/\/peabiru.org.br\/wp-content\/uploads\/2016\/08\/160721_peabiru-agenda-21-palmares.pdf\" target=\"_blank\" rel=\"noopener\">Relat\u00f3rio final &#8211; Agenda 21 Local\u00a0(PDF)<\/a><\/li>\n<\/ul>\n\n\n\n<p>Veja, ainda,&nbsp;artigo sobre a metodologia da Agenda 21 no caso da Vila dos Palmares, a saber:<\/p>\n\n\n\n<ul class=\"wp-block-list\">\n<li><a href=\"https:\/\/peabiru.org.br\/wp-content\/uploads\/2015\/02\/140115-agenda-21.pdf\">A Agenda 21 e as adapta\u00e7\u00f5es metodol\u00f3gicas para desenvolvimento e aplica\u00e7\u00e3o em Diferentes realidades na Amaz\u00f4nia Brasileira: O caso da Vila dos Palmares, Tail\u00e2ndia, PA<\/a>. Por\u00a0Luis Ricardo Ravagnani, Thiara Fernandes,\u00a0Maria Jos\u00e9 Barney Gonzalez, Jo\u00e3o Meirelles Filho.<\/li>\n<\/ul>\n\n\n\n<p><strong>Pesquisas Acad\u00eamicas<\/strong><\/p>\n\n\n\n<p>O Instituto Peabiru contribui, ainda, para o desenvolvimento de pesquisas acad\u00eamicas independentes sobre as tem\u00e1ticas acima. Neste sentido, entre os documentos que nos foram remetidos e autorizados para compartilhar destacam-se estes:<\/p>\n\n\n\n<p>Disserta\u00e7\u00f5es de mestrado:<\/p>\n\n\n\n<ol class=\"wp-block-list\">\n<li><a href=\"https:\/\/peabiru.org.br\/wp-content\/uploads\/2012\/11\/dissertation_wanessa-marques.pdf\">What does social upgrading mean for small-scale producers? Family Farmers and Oil Palm Cultivation \u2013A View of Possibilities and Constraints<\/a>. Por Wan\u00eassa Marques Silva,\u00a0University of Antwerp \u2013 Institute of Development Policy and Management<\/li>\n\n\n\n<li><a href=\"https:\/\/peabiru.org.br\/wp-content\/uploads\/2016\/08\/190116-vieira-a-c-c-integracaocamponesadende-dissert.pdf\" target=\"_blank\" rel=\"noopener\">A integra\u00e7\u00e3o camponesa ao monocultivo de dend\u00ea: Subordina\u00e7\u00e3o e transforma\u00e7\u00e3o do campesinato amaz\u00f4nico<\/a>.\u00a0Por\u00a0Ana Carolina Casemiro Vieira-\u00a0Universidade Federal do Para\u0301, Nu\u0301cleo de Cie\u0302ncias Agra\u0301rias e Desenvolvimento Rural Empresa Brasileira de Pesquisa Agropecua\u0301ria &#8211; Amazo\u0302nia Oriental Programa de Po\u0301s-Graduac\u0327a\u0303o em Agriculturas Amazo\u0302nicas, 2015.<\/li>\n<\/ol>\n\n\n\n<p><strong>Os desafios atuais<\/strong><\/p>\n\n\n\n<p>O principal desafio se refere a conciliar os diferentes interesses e culturas das organiza\u00e7\u00f5es envolvidas na cadeia de valor (empresas e comunidades). A nosso ver, \u00e9 priorit\u00e1ria a internaliza\u00e7\u00e3o dos aprendizados dos estudos acima apresentados \u00e0s pr\u00e1ticas e pol\u00edticas empresariais, e \u00e0s pol\u00edticas p\u00fablicas relacionadas \u00e0 produ\u00e7\u00e3o do biodiesel e agricultura familiar.<\/p>\n\n\n\n<p>Outro desafio consiste na busca de maior aten\u00e7\u00e3o do poder p\u00fablico para a implementa\u00e7\u00e3o de Planos de Desenvolvimento para os munic\u00edpios e regi\u00f5es relacionadas \u00e0 cadeia de valor, o que \u00e9 proposto a partir da abordagem participativa utilizada na Vila dos Palmares.<\/p>\n\n\n\n<p>No momento, o Instituto Peabiru dedica-se a construir parcerias para analisar e monitorar o trabalho seguro na palma. Esta linha de pesquisa-a\u00e7\u00e3o parte da recente experi\u00eancia da institui\u00e7\u00e3o, em parceria com a FUNDACENTRO e o Programa Trabalho Seguro do Tribunal Regional do Trabalho \u2013 TRT-8, para a cadeia de valor do a\u00e7a\u00ed <em>(Euterpe olereacea<\/em>).<\/p>\n\n\n\n<p>Outra preocupa\u00e7\u00e3o \u00e9 para a conserva\u00e7\u00e3o da biodiversidade no Nordeste Paraense, regi\u00e3o em que as \u00e1reas de preserva\u00e7\u00e3o permanente (APP) e de reserva legal (RL) das propriedades privadas podem desempenhar papel fundamental diante das dimens\u00f5es das \u00e1reas alteradas e da insufici\u00eancia de unidades de conserva\u00e7\u00e3o p\u00fablicas e terras ind\u00edgenas.<\/p>\n\n\n\n<p><strong>Galeria de Imagens<\/strong><\/p>\n\n\n\n<figure class=\"wp-block-gallery has-nested-images columns-3 is-cropped wp-block-gallery-1 is-layout-flex wp-block-gallery-is-layout-flex\">\n<figure class=\"wp-block-image size-large\"><a href=\"https:\/\/peabiru.org.br\/en\/03-ressoc_06072012rafael-araujo-dende-00067\/\"><img loading=\"lazy\" decoding=\"async\" width=\"1024\" height=\"682\" data-id=\"708\" src=\"https:\/\/peabiru.org.br\/wp-content\/uploads\/2012\/09\/03-ressoc_06072012c2a9rafael-araujo-dende-00067-1024x682.jpg\" alt=\"\" class=\"wp-image-708\" srcset=\"https:\/\/peabiru.org.br\/wp-content\/uploads\/2012\/09\/03-ressoc_06072012c2a9rafael-araujo-dende-00067-1024x682.jpg 1024w, https:\/\/peabiru.org.br\/wp-content\/uploads\/2012\/09\/03-ressoc_06072012c2a9rafael-araujo-dende-00067-300x200.jpg 300w, https:\/\/peabiru.org.br\/wp-content\/uploads\/2012\/09\/03-ressoc_06072012c2a9rafael-araujo-dende-00067-768x512.jpg 768w, https:\/\/peabiru.org.br\/wp-content\/uploads\/2012\/09\/03-ressoc_06072012c2a9rafael-araujo-dende-00067.jpg 1280w\" sizes=\"auto, (max-width: 1024px) 100vw, 1024px\" \/><\/a><\/figure>\n\n\n\n<figure class=\"wp-block-image size-large\"><a href=\"https:\/\/peabiru.org.br\/en\/05072012rafael-araujo-dende-00032\/\"><img loading=\"lazy\" decoding=\"async\" width=\"1024\" height=\"682\" data-id=\"1347\" src=\"https:\/\/peabiru.org.br\/wp-content\/uploads\/2012\/10\/05072012c2a9rafael-araujo-dende-00032-1024x682.jpeg\" alt=\"\" class=\"wp-image-1347\" srcset=\"https:\/\/peabiru.org.br\/wp-content\/uploads\/2012\/10\/05072012c2a9rafael-araujo-dende-00032-1024x682.jpeg 1024w, https:\/\/peabiru.org.br\/wp-content\/uploads\/2012\/10\/05072012c2a9rafael-araujo-dende-00032-300x200.jpeg 300w, https:\/\/peabiru.org.br\/wp-content\/uploads\/2012\/10\/05072012c2a9rafael-araujo-dende-00032-768x512.jpeg 768w, https:\/\/peabiru.org.br\/wp-content\/uploads\/2012\/10\/05072012c2a9rafael-araujo-dende-00032.jpeg 1280w\" sizes=\"auto, (max-width: 1024px) 100vw, 1024px\" \/><\/a><\/figure>\n\n\n\n<figure class=\"wp-block-image size-large\"><a href=\"https:\/\/peabiru.org.br\/en\/pg42-dende-rafael-araujo\/\"><img loading=\"lazy\" decoding=\"async\" width=\"1920\" height=\"1280\" data-id=\"941\" src=\"https:\/\/peabiru.org.br\/wp-content\/uploads\/2012\/10\/pg42-dende-c2a9rafael-araujo.jpg\" alt=\"\" class=\"wp-image-941\"\/><\/a><\/figure>\n\n\n\n<figure class=\"wp-block-image size-large\"><a href=\"https:\/\/peabiru.org.br\/en\/foto-semana-palma\/\"><img loading=\"lazy\" decoding=\"async\" width=\"1024\" height=\"768\" data-id=\"1348\" src=\"https:\/\/peabiru.org.br\/wp-content\/uploads\/2012\/10\/foto-semana-palma-1024x768.jpeg\" alt=\"\" class=\"wp-image-1348\" srcset=\"https:\/\/peabiru.org.br\/wp-content\/uploads\/2012\/10\/foto-semana-palma-1024x768.jpeg 1024w, https:\/\/peabiru.org.br\/wp-content\/uploads\/2012\/10\/foto-semana-palma-300x225.jpeg 300w, https:\/\/peabiru.org.br\/wp-content\/uploads\/2012\/10\/foto-semana-palma-768x576.jpeg 768w, https:\/\/peabiru.org.br\/wp-content\/uploads\/2012\/10\/foto-semana-palma-1536x1152.jpeg 1536w, https:\/\/peabiru.org.br\/wp-content\/uploads\/2012\/10\/foto-semana-palma.jpeg 1600w\" sizes=\"auto, (max-width: 1024px) 100vw, 1024px\" \/><\/a><\/figure>\n\n\n\n<figure class=\"wp-block-image size-large\"><a href=\"https:\/\/peabiru.org.br\/en\/06072012rafael-araujo-dende-00157-2\/\"><img loading=\"lazy\" decoding=\"async\" width=\"1920\" height=\"1280\" data-id=\"934\" src=\"https:\/\/peabiru.org.br\/wp-content\/uploads\/2012\/10\/06072012c2a9rafael-araujo-dende-001571.jpg\" alt=\"\" class=\"wp-image-934\"\/><\/a><\/figure>\n\n\n\n<figure class=\"wp-block-image size-large\"><a href=\"https:\/\/peabiru.org.br\/en\/07072012rafael-araujo-dende-00474-2\/\"><img loading=\"lazy\" decoding=\"async\" width=\"1920\" height=\"1280\" data-id=\"935\" src=\"https:\/\/peabiru.org.br\/wp-content\/uploads\/2012\/10\/07072012c2a9rafael-araujo-dende-004741.jpg\" alt=\"\" class=\"wp-image-935\"\/><\/a><\/figure>\n\n\n\n<figure class=\"wp-block-image size-large\"><a href=\"https:\/\/peabiru.org.br\/en\/07072012rafael-araujo-dende-00725-2\/\"><img loading=\"lazy\" decoding=\"async\" width=\"1920\" height=\"1280\" data-id=\"936\" src=\"https:\/\/peabiru.org.br\/wp-content\/uploads\/2012\/10\/07072012c2a9rafael-araujo-dende-007251.jpg\" alt=\"\" class=\"wp-image-936\"\/><\/a><\/figure>\n\n\n\n<figure class=\"wp-block-image size-large\"><a href=\"https:\/\/peabiru.org.br\/en\/pg36-dende-psas-rafael-araujo\/\"><img loading=\"lazy\" decoding=\"async\" width=\"1920\" height=\"1280\" data-id=\"938\" src=\"https:\/\/peabiru.org.br\/wp-content\/uploads\/2012\/10\/pg36-dende-psas-c2a9rafael-araujo.jpg\" alt=\"\" class=\"wp-image-938\"\/><\/a><\/figure>\n\n\n\n<figure class=\"wp-block-image size-large\"><a href=\"https:\/\/peabiru.org.br\/en\/05072012rafael-araujo-dende-00002-2\/\"><img loading=\"lazy\" decoding=\"async\" width=\"1920\" height=\"1280\" data-id=\"932\" src=\"https:\/\/peabiru.org.br\/wp-content\/uploads\/2012\/10\/05072012c2a9rafael-araujo-dende-000021.jpg\" alt=\"\" class=\"wp-image-932\"\/><\/a><\/figure>\n\n\n\n<figure class=\"wp-block-image size-large\"><a href=\"https:\/\/peabiru.org.br\/en\/pg03-dende-rafael-araujo-2\/\"><img loading=\"lazy\" decoding=\"async\" width=\"1920\" height=\"1280\" data-id=\"937\" src=\"https:\/\/peabiru.org.br\/wp-content\/uploads\/2012\/10\/pg03-dende-c2a9rafael-araujo1.jpg\" alt=\"\" class=\"wp-image-937\"\/><\/a><\/figure>\n\n\n\n<figure class=\"wp-block-image size-large\"><a href=\"https:\/\/peabiru.org.br\/en\/pg37-dende-psas-coletalixo\/\"><img loading=\"lazy\" decoding=\"async\" width=\"1024\" height=\"768\" data-id=\"939\" src=\"https:\/\/peabiru.org.br\/wp-content\/uploads\/2012\/10\/pg37-dende-psas-coletalixo-1024x768.jpg\" alt=\"\" class=\"wp-image-939\" srcset=\"https:\/\/peabiru.org.br\/wp-content\/uploads\/2012\/10\/pg37-dende-psas-coletalixo-1024x768.jpg 1024w, https:\/\/peabiru.org.br\/wp-content\/uploads\/2012\/10\/pg37-dende-psas-coletalixo-300x225.jpg 300w, https:\/\/peabiru.org.br\/wp-content\/uploads\/2012\/10\/pg37-dende-psas-coletalixo-768x576.jpg 768w, https:\/\/peabiru.org.br\/wp-content\/uploads\/2012\/10\/pg37-dende-psas-coletalixo-1536x1152.jpg 1536w, https:\/\/peabiru.org.br\/wp-content\/uploads\/2012\/10\/pg37-dende-psas-coletalixo-2048x1536.jpg 2048w, https:\/\/peabiru.org.br\/wp-content\/uploads\/2012\/10\/pg37-dende-psas-coletalixo.jpg 1920w\" sizes=\"auto, (max-width: 1024px) 100vw, 1024px\" \/><\/a><\/figure>\n\n\n\n<figure class=\"wp-block-image size-large\"><a href=\"https:\/\/peabiru.org.br\/en\/pg38-dende-cursoinformatica\/\"><img loading=\"lazy\" decoding=\"async\" width=\"1024\" height=\"576\" data-id=\"940\" src=\"https:\/\/peabiru.org.br\/wp-content\/uploads\/2012\/10\/pg38-dende-cursoinformc3a1tica-1024x576.jpg\" alt=\"\" class=\"wp-image-940\" srcset=\"https:\/\/peabiru.org.br\/wp-content\/uploads\/2012\/10\/pg38-dende-cursoinformc3a1tica-1024x576.jpg 1024w, https:\/\/peabiru.org.br\/wp-content\/uploads\/2012\/10\/pg38-dende-cursoinformc3a1tica-300x169.jpg 300w, https:\/\/peabiru.org.br\/wp-content\/uploads\/2012\/10\/pg38-dende-cursoinformc3a1tica-768x432.jpg 768w, https:\/\/peabiru.org.br\/wp-content\/uploads\/2012\/10\/pg38-dende-cursoinformc3a1tica-1536x864.jpg 1536w, https:\/\/peabiru.org.br\/wp-content\/uploads\/2012\/10\/pg38-dende-cursoinformc3a1tica-2048x1152.jpg 2048w, https:\/\/peabiru.org.br\/wp-content\/uploads\/2012\/10\/pg38-dende-cursoinformc3a1tica.jpg 1920w\" sizes=\"auto, (max-width: 1024px) 100vw, 1024px\" \/><\/a><\/figure>\n<\/figure>","protected":false},"excerpt":{"rendered":"<p>Desde 2009, o Instituto Peabiru realiza pesquisas e a\u00e7\u00f5es pioneiras sobre a cadeia de valor do \u00f3leo de palma.<\/p>","protected":false},"author":2,"featured_media":1935,"parent":0,"menu_order":0,"comment_status":"closed","ping_status":"closed","template":"template-fullwidth.php","meta":{"advanced_seo_description":"","jetpack_seo_html_title":"","jetpack_seo_noindex":false,"footnotes":""},"class_list":["post-3813","page","type-page","status-publish","has-post-thumbnail","hentry"],"jetpack_sharing_enabled":true,"_links":{"self":[{"href":"https:\/\/peabiru.org.br\/en\/wp-json\/wp\/v2\/pages\/3813","targetHints":{"allow":["GET"]}}],"collection":[{"href":"https:\/\/peabiru.org.br\/en\/wp-json\/wp\/v2\/pages"}],"about":[{"href":"https:\/\/peabiru.org.br\/en\/wp-json\/wp\/v2\/types\/page"}],"author":[{"embeddable":true,"href":"https:\/\/peabiru.org.br\/en\/wp-json\/wp\/v2\/users\/2"}],"replies":[{"embeddable":true,"href":"https:\/\/peabiru.org.br\/en\/wp-json\/wp\/v2\/comments?post=3813"}],"version-history":[{"count":1,"href":"https:\/\/peabiru.org.br\/en\/wp-json\/wp\/v2\/pages\/3813\/revisions"}],"predecessor-version":[{"id":14669,"href":"https:\/\/peabiru.org.br\/en\/wp-json\/wp\/v2\/pages\/3813\/revisions\/14669"}],"wp:featuredmedia":[{"embeddable":true,"href":"https:\/\/peabiru.org.br\/en\/wp-json\/wp\/v2\/media\/1935"}],"wp:attachment":[{"href":"https:\/\/peabiru.org.br\/en\/wp-json\/wp\/v2\/media?parent=3813"}],"curies":[{"name":"wp","href":"https:\/\/api.w.org\/{rel}","templated":true}]}}