{"id":4818,"date":"2024-07-18T14:21:44","date_gmt":"2024-07-18T17:21:44","guid":{"rendered":"http:\/\/peabiru.org.br\/?page_id=4818"},"modified":"2024-07-18T14:21:44","modified_gmt":"2024-07-18T17:21:44","slug":"solar-lighting-reaches-the-islands-of-belem-see-fieldwork","status":"publish","type":"page","link":"https:\/\/peabiru.org.br\/en\/solar-lighting-reaches-the-islands-of-belem-see-fieldwork\/","title":{"rendered":"Solar lighting reaches the islands of Bel\u00e9m \u2013 see fieldwork"},"content":{"rendered":"<p><em>Last Wednesday, July 19, Instituto Peabiru has worked, along with partners, on site at the Community Nossa Senhora da Concei\u00e7\u00e3o, on the Island of Paquet\u00e1, Bel\u00e9m, where 23 solar energy kits were installed in homes and a community center.<\/em><\/p>\n<div id=\"attachment_4738\" style=\"width: 1290px\" class=\"wp-caption alignnone\"><img loading=\"lazy\" decoding=\"async\" aria-describedby=\"caption-attachment-4738\" class=\"alignnone size-full wp-image-4738\" src=\"https:\/\/peabiru.org.br\/wp-content\/uploads\/2017\/07\/whatsapp-image-2017-07-21-at-22-41-48.jpg\" alt=\"WhatsApp Image 2017-07-21 at 22.41.48\" width=\"1280\" height=\"960\" srcset=\"https:\/\/peabiru.org.br\/wp-content\/uploads\/2017\/07\/whatsapp-image-2017-07-21-at-22-41-48.jpg 1280w, https:\/\/peabiru.org.br\/wp-content\/uploads\/2017\/07\/whatsapp-image-2017-07-21-at-22-41-48-300x225.jpg 300w, https:\/\/peabiru.org.br\/wp-content\/uploads\/2017\/07\/whatsapp-image-2017-07-21-at-22-41-48-1024x768.jpg 1024w, https:\/\/peabiru.org.br\/wp-content\/uploads\/2017\/07\/whatsapp-image-2017-07-21-at-22-41-48-768x576.jpg 768w\" sizes=\"auto, (max-width: 1280px) 100vw, 1280px\" \/><p id=\"caption-attachment-4738\" class=\"wp-caption-text\"><em>Houses of the Nossa Sra da Concei\u00e7\u00e3o community along the Jamaci River on Paqueta Island (Bel\u00e9m, PA) are now lit with solar energy. July 2017. Photo: Mariana Buoro<\/em><\/p><\/div>\n<p>The field team had collaborators from Instituto Peabiru, IDEAAS (Institute for the Development of Alternative Energies and Self-Sustainability), GEDAE (a study group for the development of alternative energies from the Federal University of Par\u00e1 \u2013 UFPA); MMIB (Women&#8217;s Movement from the Islands of Bel\u00e9m); and the Parish Saint Francis of the Islands, all partners in the <strong>Light for a Better Life<\/strong> Program.<\/p>\n<p>The Program offers low-cost sustainable energy access to isolated communities in the Amazon. In the case of this particular Community, services with high local demand such as lighting and cellular recharge points were made available through the &#8220;Bakana Solar&#8221; kit.<\/p>\n<div id=\"attachment_4735\" style=\"width: 4042px\" class=\"wp-caption alignnone\"><img loading=\"lazy\" decoding=\"async\" aria-describedby=\"caption-attachment-4735\" class=\"alignnone size-full wp-image-4735\" src=\"https:\/\/peabiru.org.br\/wp-content\/uploads\/2017\/07\/20170719_1049481.jpg\" alt=\"20170719_104948[1]\" width=\"4032\" height=\"3024\" srcset=\"https:\/\/peabiru.org.br\/wp-content\/uploads\/2017\/07\/20170719_1049481.jpg 1920w, https:\/\/peabiru.org.br\/wp-content\/uploads\/2017\/07\/20170719_1049481-300x225.jpg 300w, https:\/\/peabiru.org.br\/wp-content\/uploads\/2017\/07\/20170719_1049481-1024x768.jpg 1024w, https:\/\/peabiru.org.br\/wp-content\/uploads\/2017\/07\/20170719_1049481-768x576.jpg 768w, https:\/\/peabiru.org.br\/wp-content\/uploads\/2017\/07\/20170719_1049481-1536x1152.jpg 1536w, https:\/\/peabiru.org.br\/wp-content\/uploads\/2017\/07\/20170719_1049481-2048x1536.jpg 2048w\" sizes=\"auto, (max-width: 4032px) 100vw, 4032px\" \/><p id=\"caption-attachment-4735\" class=\"wp-caption-text\"><em>Ms Ermelinda Costa smiles with the new light bulb installed in her home. Community Nossa Sra da Concei\u00e7\u00e3o, Paquet\u00e1 Island, Bel\u00e9m, PA. July 2017. Photo: Mariana Buoro.<\/em><\/p><\/div>\n<p>During the visit, part of the team was dedicated to matters of technology in the solar installations and systems. Meanwhile, another part applied a diagnostic questionnaire to all families in order to establish a profile of energy demand, initial impressions, and impacts of the arrival of solar energy on the families&#8217; quality of life \u2013 essential to think of scale extension and replicability of the systems .<\/p>\n<div id=\"attachment_4711\" style=\"width: 863px\" class=\"wp-caption alignnone\"><img loading=\"lazy\" decoding=\"async\" aria-describedby=\"caption-attachment-4711\" class=\"alignnone size-full wp-image-4711\" src=\"https:\/\/peabiru.org.br\/wp-content\/uploads\/2017\/07\/170719-peabiru-0036.jpg\" alt=\"170719-peabiru-0036\" width=\"853\" height=\"1280\" srcset=\"https:\/\/peabiru.org.br\/wp-content\/uploads\/2017\/07\/170719-peabiru-0036.jpg 720w, https:\/\/peabiru.org.br\/wp-content\/uploads\/2017\/07\/170719-peabiru-0036-200x300.jpg 200w, https:\/\/peabiru.org.br\/wp-content\/uploads\/2017\/07\/170719-peabiru-0036-682x1024.jpg 682w, https:\/\/peabiru.org.br\/wp-content\/uploads\/2017\/07\/170719-peabiru-0036-768x1152.jpg 768w\" sizes=\"auto, (max-width: 853px) 100vw, 853px\" \/><p id=\"caption-attachment-4711\" class=\"wp-caption-text\"><em>Technicians deals with adjustments in the solar panels that now illuminate the homes of the Community Nossa Senhora da Concei\u00e7\u00e3o, Paquet\u00e1 Island, Bel\u00e9m, PA. July 2017. Photo: Rafael Araujo.<\/em><\/p><\/div>\n<p>The initiative is part of the mobilization of several partners for the provision of energy services to riverside communities in the Amazon that suffer from energy exclusion.<\/p>\n<p>Click here to learn more about the <a href=\"https:\/\/peabiru.org.br\/en\/light-for-a-better-life\/\"><strong>Light for a Better Life<\/strong> <\/a>Program.<\/p>","protected":false},"excerpt":{"rendered":"<p>The field team had collaborators from Instituto Peabiru, IDEAAS (Institute for the Development of Alternative Energies and Self-Sustainability), GEDAE (a study group for the development of alternative energies from the Federal University of Par\u00e1 \u2013 UFPA); MMIB (Women&#8217;s Movement from the Islands of Bel\u00e9m); and the Parish Saint Francis of the Islands, all partners in the Light for a Better Life Program.<\/p>","protected":false},"author":2,"featured_media":4738,"parent":0,"menu_order":0,"comment_status":"closed","ping_status":"closed","template":"","meta":{"advanced_seo_description":"","jetpack_seo_html_title":"","jetpack_seo_noindex":false,"footnotes":""},"class_list":["post-4818","page","type-page","status-publish","has-post-thumbnail","hentry"],"jetpack_sharing_enabled":true,"_links":{"self":[{"href":"https:\/\/peabiru.org.br\/en\/wp-json\/wp\/v2\/pages\/4818","targetHints":{"allow":["GET"]}}],"collection":[{"href":"https:\/\/peabiru.org.br\/en\/wp-json\/wp\/v2\/pages"}],"about":[{"href":"https:\/\/peabiru.org.br\/en\/wp-json\/wp\/v2\/types\/page"}],"author":[{"embeddable":true,"href":"https:\/\/peabiru.org.br\/en\/wp-json\/wp\/v2\/users\/2"}],"replies":[{"embeddable":true,"href":"https:\/\/peabiru.org.br\/en\/wp-json\/wp\/v2\/comments?post=4818"}],"version-history":[{"count":1,"href":"https:\/\/peabiru.org.br\/en\/wp-json\/wp\/v2\/pages\/4818\/revisions"}],"predecessor-version":[{"id":14683,"href":"https:\/\/peabiru.org.br\/en\/wp-json\/wp\/v2\/pages\/4818\/revisions\/14683"}],"wp:featuredmedia":[{"embeddable":true,"href":"https:\/\/peabiru.org.br\/en\/wp-json\/wp\/v2\/media\/4738"}],"wp:attachment":[{"href":"https:\/\/peabiru.org.br\/en\/wp-json\/wp\/v2\/media?parent=4818"}],"curies":[{"name":"wp","href":"https:\/\/api.w.org\/{rel}","templated":true}]}}