{"id":5176,"date":"2024-07-18T14:01:07","date_gmt":"2024-07-18T17:01:07","guid":{"rendered":"https:\/\/institutopeabiru.wordpress.com\/?page_id=5176"},"modified":"2025-01-24T15:02:20","modified_gmt":"2025-01-24T18:02:20","slug":"documentos","status":"publish","type":"page","link":"https:\/\/peabiru.org.br\/en\/documentos\/","title":{"rendered":"Documentos Institucionais"},"content":{"rendered":"<p>Clique nos links abaixo para ter acesso aos diferentes documentos e registros institucionais do Peabiru.<\/p>\n\n\n\n<div style=\"height:50px\" aria-hidden=\"true\" class=\"wp-block-spacer\"><\/div>\n\n\n\n<div class=\"wp-block-buttons is-horizontal is-content-justification-left is-layout-flex wp-container-core-buttons-is-layout-7e5fce0a wp-block-buttons-is-layout-flex\">\n<div class=\"wp-block-button is-style-outline is-style-outline--1\"><a class=\"wp-block-button__link has-black-color has-white-background-color has-text-color has-background wp-element-button\" href=\"https:\/\/www.peabiru.org.br\/wp-content\/uploads\/2022\/05\/210914_EstatutoSocialPeabiru_registro2022-1.pdf\" style=\"border-radius:0px\">Estatuto social (2022)<\/a><\/div>\n<\/div>\n\n\n\n<hr class=\"wp-block-separator has-text-color has-white-color has-css-opacity has-white-background-color has-background\"\/>\n\n\n\n<hr class=\"wp-block-separator has-text-color has-white-color has-css-opacity has-white-background-color has-background\"\/>\n\n\n\n<div class=\"wp-block-buttons is-horizontal is-content-justification-left is-layout-flex wp-container-core-buttons-is-layout-7e5fce0a wp-block-buttons-is-layout-flex\">\n<div class=\"wp-block-button is-style-outline is-style-outline--2\"><a class=\"wp-block-button__link has-black-color has-white-background-color has-text-color has-background wp-element-button\" href=\"https:\/\/peabiru.org.br\/wp-content\/uploads\/2024\/06\/220412_Institucional_PoliticaAnticorrupcao_Versao2022.pdf\" style=\"border-radius:0px\">Pol\u00edtica Anticorrup\u00e7\u00e3o <\/a><\/div>\n<\/div>\n\n\n\n<hr class=\"wp-block-separator has-text-color has-white-color has-alpha-channel-opacity has-white-background-color has-background\"\/>\n\n\n\n<div class=\"wp-block-buttons is-layout-flex wp-block-buttons-is-layout-flex\">\n<div class=\"wp-block-button is-style-outline is-style-outline--3\"><a class=\"wp-block-button__link wp-element-button\" href=\"https:\/\/peabiru.org.br\/wp-content\/uploads\/2023\/07\/230707_Institucional_PoliticadeRecursosHumanosPeabiru.pdf\" style=\"border-radius:0px\">Pol\u00edtica de Recursos Humanos (2023)<\/a><\/div>\n<\/div>\n\n\n\n<hr class=\"wp-block-separator has-text-color has-white-color has-css-opacity has-white-background-color has-background\"\/>\n\n\n\n<div class=\"wp-block-buttons is-layout-flex wp-block-buttons-is-layout-flex\">\n<div class=\"wp-block-button is-style-outline is-style-outline--4\"><a class=\"wp-block-button__link wp-element-button\" href=\"https:\/\/peabiru.org.br\/wp-content\/uploads\/2021\/11\/211103_politica_de_privacidade_protecao_de_dados-1.pdf\" style=\"border-radius:0px\">Pol\u00edtica de Privacidade e Prote\u00e7\u00e3o de Dados<\/a><\/div>\n<\/div>\n\n\n\n<hr class=\"wp-block-separator has-text-color has-white-color has-css-opacity has-white-background-color has-background\"\/>\n\n\n\n<div class=\"wp-block-buttons is-layout-flex wp-block-buttons-is-layout-flex\">\n<div class=\"wp-block-button is-style-outline is-style-outline--5\"><a class=\"wp-block-button__link has-black-color has-white-background-color has-text-color has-background wp-element-button\" href=\"https:\/\/peabiru.org.br\/wp-content\/uploads\/2021\/12\/211207_cartilhacombateassediomoral.pdf\" style=\"border-radius:0px\">Cartilha Combate ao ass\u00e9dio moral no Instituto Peabiru<\/a><\/div>\n<\/div>\n\n\n\n<hr class=\"wp-block-separator has-text-color has-white-color has-css-opacity has-white-background-color has-background\"\/>\n\n\n\n<div class=\"wp-block-buttons is-horizontal is-content-justification-left is-layout-flex wp-container-core-buttons-is-layout-7e5fce0a wp-block-buttons-is-layout-flex\">\n<div class=\"wp-block-button is-style-outline is-style-outline--6\"><a class=\"wp-block-button__link has-black-color has-white-background-color has-text-color has-background wp-element-button\" href=\"https:\/\/peabiru.org.br\/wp-content\/uploads\/2024\/06\/230810_Institucional_ManualProcedimentosOperacionais_Versao2023.pdf\" style=\"border-radius:0px\">Manual de Normas e Procedimentos Administrativos e Financeiros (2023)<\/a><\/div>\n<\/div>\n\n\n\n<hr class=\"wp-block-separator has-text-color has-white-color has-css-opacity has-white-background-color has-background\"\/>\n\n\n\n<div style=\"height:50px\" aria-hidden=\"true\" class=\"wp-block-spacer\"><\/div>\n\n\n\n<hr class=\"wp-block-separator has-css-opacity\"\/>\n\n\n\n<p style=\"font-size:30px\"><span style=\"color:#333333;\"><strong>Demonstrativos cont\u00e1beis<\/strong><\/span><\/p>\n\n\n\n<p>O Instituto Peabiru publica seus demonstrativos cont\u00e1beis desde 2015 para transpar\u00eancia de informa\u00e7\u00f5es.<br><\/p>\n\n\n\n<p><span style=\"color:#333333;\"><a title=\"Balan\u00e7o 2015_Ass\" href=\"https:\/\/peabiru.org.br\/wp-content\/uploads\/2019\/05\/balanc3a7o-2015_ass.pdf\">Balan\u00e7o Patrimonial 2015<\/a><strong><br><\/strong><a title=\"Balan\u00e7o 2016 - Final_Ass\" href=\"https:\/\/peabiru.org.br\/wp-content\/uploads\/2019\/05\/balanc3a7o-2016-final_ass.pdf\">Balan\u00e7o Patrimonial 2016<\/a><\/span><br><a href=\"https:\/\/peabiru.org.br\/wp-content\/uploads\/2020\/10\/balanco-patrimonial-2017.pdf\">Balan\u00e7o Patrimonial 2017<\/a> <br><a href=\"https:\/\/peabiru.org.br\/wp-content\/uploads\/2020\/10\/balanco-patrimonial-2018.pdf\">Balan\u00e7o Patrimonial 2018<\/a> <br><a href=\"https:\/\/www.peabiru.org.br\/wp-content\/uploads\/2023\/05\/balanco-patrimonial-2019.pdf\">Balan\u00e7o Patrimonial 2019<\/a><br><a href=\"https:\/\/peabiru.org.br\/wp-content\/uploads\/2024\/06\/2020_BALANCO_Final-1.pdf\">Balan\u00e7o Patrimonial 2020<\/a><br><a href=\"https:\/\/peabiru.org.br\/wp-content\/uploads\/2024\/04\/2021_BALANCO_Ass.pdf\">Balan\u00e7o Patrimonial 2021<\/a><br>Balan\u00e7o Patrimonial 2022 &#8211; em finaliza\u00e7\u00e3o<br><span style=\"color:#333333;\"><br><\/span><a title=\"Dcs 31 12 2015 PEABIRU\" href=\"https:\/\/peabiru.org.br\/wp-content\/uploads\/2019\/05\/dcs-31-12-2015-peabiru.pdf\">Relat\u00f3rio de auditoria 2015<\/a><strong><br><\/strong><a title=\"Dcs 31 12 2016 PEABIRU\" href=\"https:\/\/peabiru.org.br\/wp-content\/uploads\/2019\/05\/dcs-31-12-2016-peabiru.pdf\">Relat\u00f3rio de auditoria 2016<\/a><br><a href=\"https:\/\/peabiru.org.br\/wp-content\/uploads\/2020\/10\/relatorio-de-auditoria-contabil-2017.pdf\">Relat\u00f3rio de auditoria 2017 <\/a><br><a href=\"https:\/\/peabiru.org.br\/wp-content\/uploads\/2020\/10\/relatorio-de-auditoria-contabil-2018.pdf\">Relat\u00f3rio de auditoria 2018<\/a> <br><a href=\"https:\/\/www.peabiru.org.br\/wp-content\/uploads\/2022\/05\/RelatoriodeAuditoria-relatorio-de-auditoria-contabil-2019.pdf\">Relat\u00f3rio de auditoria 2019<\/a><\/p>\n\n\n\n<p><a href=\"https:\/\/peabiru.org.br\/wp-content\/uploads\/2024\/06\/Dcs-31-12-20-e-19-Peabiru.pdf\">Relat\u00f3rio de Auditoria 2020<\/a><\/p>\n\n\n\n<p><\/p>\n\n\n\n<p><a href=\"https:\/\/peabiru.org.br\/wp-content\/uploads\/2024\/06\/2020_DRE_Final.pdf\" data-type=\"link\" data-id=\"https:\/\/peabiru.org.br\/wp-content\/uploads\/2024\/04\/2020_DRE_Ass.pdf\">Demonstrativo de resultado &#8211; 2020<\/a><br><a href=\"https:\/\/peabiru.org.br\/wp-content\/uploads\/2024\/04\/2021_DRE_Ass.pdf\">Demonstrativo de resultado &#8211; 2021<\/a><\/p>\n\n\n\n<p><\/p>\n\n\n\n<p><\/p>","protected":false},"excerpt":{"rendered":"<p>Clique nos links abaixo para ter acesso aos diferentes documentos e registros institucionais do Peabiru.<\/p>","protected":false},"author":2,"featured_media":0,"parent":0,"menu_order":0,"comment_status":"closed","ping_status":"closed","template":"template-fullwidth.php","meta":{"advanced_seo_description":"","jetpack_seo_html_title":"","jetpack_seo_noindex":false,"footnotes":""},"class_list":["post-5176","page","type-page","status-publish","hentry"],"jetpack_sharing_enabled":true,"_links":{"self":[{"href":"https:\/\/peabiru.org.br\/en\/wp-json\/wp\/v2\/pages\/5176","targetHints":{"allow":["GET"]}}],"collection":[{"href":"https:\/\/peabiru.org.br\/en\/wp-json\/wp\/v2\/pages"}],"about":[{"href":"https:\/\/peabiru.org.br\/en\/wp-json\/wp\/v2\/types\/page"}],"author":[{"embeddable":true,"href":"https:\/\/peabiru.org.br\/en\/wp-json\/wp\/v2\/users\/2"}],"replies":[{"embeddable":true,"href":"https:\/\/peabiru.org.br\/en\/wp-json\/wp\/v2\/comments?post=5176"}],"version-history":[{"count":16,"href":"https:\/\/peabiru.org.br\/en\/wp-json\/wp\/v2\/pages\/5176\/revisions"}],"predecessor-version":[{"id":14956,"href":"https:\/\/peabiru.org.br\/en\/wp-json\/wp\/v2\/pages\/5176\/revisions\/14956"}],"wp:attachment":[{"href":"https:\/\/peabiru.org.br\/en\/wp-json\/wp\/v2\/media?parent=5176"}],"curies":[{"name":"wp","href":"https:\/\/api.w.org\/{rel}","templated":true}]}}