{"id":5221,"date":"2024-07-18T13:48:59","date_gmt":"2024-07-18T16:48:59","guid":{"rendered":"http:\/\/peabiru.org.br\/?page_id=5221"},"modified":"2024-07-18T13:50:36","modified_gmt":"2024-07-18T16:50:36","slug":"biodiversidade","status":"publish","type":"page","link":"https:\/\/peabiru.org.br\/en\/eixos-de-atuacao\/biodiversidade\/","title":{"rendered":"Biodiversidade"},"content":{"rendered":"<figure class=\"wp-block-image size-large\"><img loading=\"lazy\" decoding=\"async\" width=\"1200\" height=\"800\" src=\"https:\/\/peabiru.org.br\/wp-content\/uploads\/2020\/03\/21072012c2a9rafael-araujo-curuca-peabiru-00661-reduzida.jpg?w=1200\" alt=\"\" class=\"wp-image-7567\" srcset=\"https:\/\/peabiru.org.br\/wp-content\/uploads\/2020\/03\/21072012c2a9rafael-araujo-curuca-peabiru-00661-reduzida.jpg 1200w, https:\/\/peabiru.org.br\/wp-content\/uploads\/2020\/03\/21072012c2a9rafael-araujo-curuca-peabiru-00661-reduzida-300x200.jpg 300w, https:\/\/peabiru.org.br\/wp-content\/uploads\/2020\/03\/21072012c2a9rafael-araujo-curuca-peabiru-00661-reduzida-1024x683.jpg 1024w, https:\/\/peabiru.org.br\/wp-content\/uploads\/2020\/03\/21072012c2a9rafael-araujo-curuca-peabiru-00661-reduzida-768x512.jpg 768w\" sizes=\"auto, (max-width: 1200px) 100vw, 1200px\" \/><\/figure>\n\n\n\n<h2 class=\"wp-block-heading\">Conserva\u00e7\u00e3o da biodiversidade<\/h2>\n\n\n\n<p style=\"font-size:14px;\" class=\"has-text-align-justify\">Aumentar o conhecimento sobre a biodiversidade do bioma Amaz\u00f4nia, especialmente do Centro de Endemismo Bel\u00e9m (Amaz\u00f4nia maranhense e Par\u00e1 a leste do Rio Tocantins); contribuir \u00e0 conserva\u00e7\u00e3o de \u00e1reas p\u00fablicas e privadas priorit\u00e1rias para conserva\u00e7\u00e3o; e promover a educa\u00e7\u00e3o ambiental. Destaques: a. Programa ProGoeldi para revitaliza\u00e7\u00e3o do Parque Zoobot\u00e2nico do Museu Goeldi, em Bel\u00e9m, Par\u00e1. b. conserva\u00e7\u00e3o de polinizadores, especialmente abelhas silvestres nativas; e c. educa\u00e7\u00e3o ambiental para crian\u00e7as e jovens. <\/p>\n\n\n\n<p style=\"font-size:14px;\"><strong>Conhe\u00e7a os projetos em:<\/strong><\/p>\n\n\n\n<p style=\"font-size:14px;\" class=\"has-text-color has-very-dark-gray-color\">\u27a5<a href=\"https:\/\/peabiru.org.br\/en\/frentes-de-atuacao\/biodiversidade\/unidades-de-conservacao\/\"><span style=\"text-decoration:underline;\">Unidades de conserva\u00e7\u00e3o<\/span><\/a><br>\u27a5<a href=\"https:\/\/peabiru.org.br\/en\/frentes-de-atuacao\/biodiversidade\/educacao-ambiental\/\"><span style=\"text-decoration:underline;\">Educa\u00e7\u00e3o ambiental<\/span><\/a><br>\u27a5<a href=\"https:\/\/peabiru.org.br\/en\/progoeldi\/\"><span style=\"text-decoration:underline;\">ProGoeldi<\/span><\/a><\/p>\n\n\n\n<p class=\"has-small-font-size\"><\/p>\n\n\n\n<p class=\"has-small-font-size\"> <\/p>","protected":false},"excerpt":{"rendered":"<p>O Instituto Peabiru atua visando a conserva\u00e7\u00e3o da biodiversidade amaz\u00f4nica, integrando este objetivo nas a\u00e7\u00f5es realizadas por cada projeto.<\/p>","protected":false},"author":2,"featured_media":7567,"parent":5199,"menu_order":0,"comment_status":"closed","ping_status":"closed","template":"template-fullwidth.php","meta":{"advanced_seo_description":"","jetpack_seo_html_title":"","jetpack_seo_noindex":false,"footnotes":""},"class_list":["post-5221","page","type-page","status-publish","has-post-thumbnail","hentry"],"jetpack_sharing_enabled":true,"_links":{"self":[{"href":"https:\/\/peabiru.org.br\/en\/wp-json\/wp\/v2\/pages\/5221","targetHints":{"allow":["GET"]}}],"collection":[{"href":"https:\/\/peabiru.org.br\/en\/wp-json\/wp\/v2\/pages"}],"about":[{"href":"https:\/\/peabiru.org.br\/en\/wp-json\/wp\/v2\/types\/page"}],"author":[{"embeddable":true,"href":"https:\/\/peabiru.org.br\/en\/wp-json\/wp\/v2\/users\/2"}],"replies":[{"embeddable":true,"href":"https:\/\/peabiru.org.br\/en\/wp-json\/wp\/v2\/comments?post=5221"}],"version-history":[{"count":2,"href":"https:\/\/peabiru.org.br\/en\/wp-json\/wp\/v2\/pages\/5221\/revisions"}],"predecessor-version":[{"id":14643,"href":"https:\/\/peabiru.org.br\/en\/wp-json\/wp\/v2\/pages\/5221\/revisions\/14643"}],"up":[{"embeddable":true,"href":"https:\/\/peabiru.org.br\/en\/wp-json\/wp\/v2\/pages\/5199"}],"wp:featuredmedia":[{"embeddable":true,"href":"https:\/\/peabiru.org.br\/en\/wp-json\/wp\/v2\/media\/7567"}],"wp:attachment":[{"href":"https:\/\/peabiru.org.br\/en\/wp-json\/wp\/v2\/media?parent=5221"}],"curies":[{"name":"wp","href":"https:\/\/api.w.org\/{rel}","templated":true}]}}