{"id":5223,"date":"2024-07-18T14:09:07","date_gmt":"2024-07-18T17:09:07","guid":{"rendered":"http:\/\/peabiru.org.br\/?page_id=5223"},"modified":"2024-07-18T14:09:07","modified_gmt":"2024-07-18T17:09:07","slug":"unidades-de-conservacao","status":"publish","type":"page","link":"https:\/\/peabiru.org.br\/en\/eixos-de-atuacao\/biodiversidade\/unidades-de-conservacao\/","title":{"rendered":"Unidades de Conserva\u00e7\u00e3o"},"content":{"rendered":"<h2>Parque Mata Amaz\u00f4nica Atl\u00e2ntica<\/h2>\n<p>Um dos principais resultados do Projeto Casa da Virada, do Instituto Peabiru, s\u00e3o as pesquisas realizadas na Ilha de Ipomonga, em Curu\u00e7\u00e1, em uma \u00e1rea denominada Mata Amaz\u00f4nica Atl\u00e2ntica, um dos \u00faltimos remanescentes das matas de terra firme da Amaz\u00f4nia. O diagn\u00f3stico cient\u00edfico feito em parceria com pesquisadores do Museu Paraense Em\u00edlio Goeldi e N\u00facleo de Meio Ambiente da Universidade Federal do Par\u00e1 (NUMA\/UFPA) foi apresentado em semin\u00e1rio p\u00fablico no \u00faltimo dia 17, em Bel\u00e9m, assim como foram apontadas as alternativas de conserva\u00e7\u00e3o desta floresta de 150 hectares, rara por sua relev\u00e2ncia biol\u00f3gica e integridade ambiental.<\/p>\n<div class=\"jetpack-video-wrapper\"><iframe loading=\"lazy\" title=\"Instituto Peabiru - Mata Amazo\u0302nica Atla\u0302ntica\" width=\"500\" height=\"375\" src=\"https:\/\/www.youtube.com\/embed\/qi8EZn-P65E?feature=oembed\" frameborder=\"0\" allow=\"accelerometer; autoplay; clipboard-write; encrypted-media; gyroscope; picture-in-picture; web-share\" referrerpolicy=\"strict-origin-when-cross-origin\" allowfullscreen><\/iframe><\/div>\n<h2>Reserva da Biosfera Maraj\u00f3<\/h2>\n<h4>Viva Maraj\u00f3<\/h4>\n<p>A atua\u00e7\u00e3o do Instituto Peabiru no Maraj\u00f3, atrav\u00e9s do Programa Viva Maraj\u00f3 visa facilitar o processo de fortalecimento das organiza\u00e7\u00f5es da sociedade civil dos 16 munic\u00edpios da Mesorregi\u00e3o do Maraj\u00f3. Os baix\u00edssimos indicadores socioecon\u00f4micos demonstram o desrespeito aos direitos b\u00e1sicos dos 500 mil marajoaras, e a necessidade de urgente efetiva\u00e7\u00e3o de pol\u00edticas p\u00fablicas.<\/p>\n<div id=\"attachment_996\" style=\"width: 530px\" class=\"wp-caption aligncenter\"><img loading=\"lazy\" decoding=\"async\" aria-describedby=\"caption-attachment-996\" class=\"size-medium wp-image-996\" src=\"https:\/\/peabiru.org.br\/wp-content\/uploads\/2012\/10\/viva-s-sebastic3a3o-barcoponte-foto-nailana-thiely.jpg?w=520\" alt=\"\" width=\"520\" height=\"346\" srcset=\"https:\/\/peabiru.org.br\/wp-content\/uploads\/2012\/10\/viva-s-sebastic3a3o-barcoponte-foto-nailana-thiely.jpg 800w, https:\/\/peabiru.org.br\/wp-content\/uploads\/2012\/10\/viva-s-sebastic3a3o-barcoponte-foto-nailana-thiely-300x200.jpg 300w, https:\/\/peabiru.org.br\/wp-content\/uploads\/2012\/10\/viva-s-sebastic3a3o-barcoponte-foto-nailana-thiely-768x511.jpg 768w\" sizes=\"auto, (max-width: 520px) 100vw, 520px\" \/><p id=\"caption-attachment-996\" class=\"wp-caption-text\">O diretor do Instituto Peabiru, Jo\u00e3o Meirelles, fala em entrevista sobre os desafios<br \/>e primeiros resultados dos tr\u00eas anos do Programa Viva Maraj\u00f3<br \/>(Foto: Naiana Thiely)<\/p><\/div>\n<p>Criado em 2009, a partir de convite do Fundo Vale para apoiar a Secretaria de Estado de Meio Ambiente \u2013 SEMA-PA, na candidatura do Maraj\u00f3 como Reserva da Biosfera, pelo Programa Homem e Biosfera, da UNESCO, ampliou seu foco de a\u00e7\u00e3o para o ordenamento fundi\u00e1rio e o reconhecimento de direitos cidad\u00e3os de quilombolas, ribeirinhos. Afinal, a agenda socioambiental do Colegiado Territorial do Maraj\u00f3 antecede estas quest\u00f5es; afinal, n\u00e3o se pode tratar de conserva\u00e7\u00e3o sem a garantia de direitos b\u00e1sicos de popula\u00e7\u00f5es tradicionais.<\/p>\n<h2>S\u00edtio RAMSAR Maraj\u00f3<\/h2>\n<p>&#8220;O Maraj\u00f3 tamb\u00e9m precisa receber outros t\u00edtulos internacionais, como importante \u00e1rea \u00famida do planeta \u2013\u00a0a conven\u00e7\u00e3o RAMSAR. A cria\u00e7\u00e3o de unidades de conserva\u00e7\u00e3o \u00e9 vital, tanto para proteger o patrim\u00f4nio imaterial, o patrim\u00f4nio arqueol\u00f3gico e a biodiversidade.&#8221; Veja <a href=\"https:\/\/peabiru.org.br\/en\/2013\/03\/25\/entrevista-nao-podemos-aceitar-que-o-marajo-seja-o-ultimo-vagao-do-brasil\/\">aqui <\/a>mat\u00e9ria completa.<\/p>\n<p><img loading=\"lazy\" decoding=\"async\" class=\"size-medium wp-image-876 aligncenter\" src=\"https:\/\/peabiru.org.br\/wp-content\/uploads\/2012\/09\/marajo_a2.jpg?w=520\" alt=\"\" width=\"520\" height=\"368\" \/><\/p>\n<h2>Sistemas Municipais de Unidades de Conserva\u00e7\u00e3o<\/h2>\n<h4>P\u00f3lo Industrial de Barcarena<\/h4>\n<p>&#8220;Barcarena e sua vizinha, Abaetetuba, na Regi\u00e3o Metropolitana de Bel\u00e9m, vivem um grande desafio: de um lado, a euforia do novo ciclo econ\u00f4mico, de exporta\u00e7\u00e3o de soja, gado bovino vivo e a expans\u00e3o do polo industrial; e, de outro, o caos fundi\u00e1rio resultado d\u00e1 m\u00e1 forma\u00e7\u00e3o do polo e da incapacidade do poder p\u00fablico em resolv\u00ea-lo, acrescidos dos desafios ambientais desde sua implementa\u00e7\u00e3o no final dos anos 1980.&#8221; Veja <a title=\"Link permanente para Evento do MPF discute impactos socioambientais em\u00a0Barcarena\" href=\"https:\/\/peabiru.org.br\/en\/2017\/06\/05\/evento-do-mpf-discute-impactos-socioambientais-em-barcarena\/\" rel=\"bookmark\">aqui<\/a>\u00a0met\u00e9ria completa.<\/p>\n<p><img loading=\"lazy\" decoding=\"async\" class=\"size-medium wp-image-4269 aligncenter\" src=\"https:\/\/peabiru.org.br\/wp-content\/uploads\/2017\/06\/barcarena_mapa1_150dpi-copy1.jpg?w=520\" alt=\"\" width=\"520\" height=\"368\" srcset=\"https:\/\/peabiru.org.br\/wp-content\/uploads\/2017\/06\/barcarena_mapa1_150dpi-copy1.jpg 1526w, https:\/\/peabiru.org.br\/wp-content\/uploads\/2017\/06\/barcarena_mapa1_150dpi-copy1-300x212.jpg 300w, https:\/\/peabiru.org.br\/wp-content\/uploads\/2017\/06\/barcarena_mapa1_150dpi-copy1-1024x725.jpg 1024w, https:\/\/peabiru.org.br\/wp-content\/uploads\/2017\/06\/barcarena_mapa1_150dpi-copy1-768x544.jpg 768w, https:\/\/peabiru.org.br\/wp-content\/uploads\/2017\/06\/barcarena_mapa1_150dpi-copy1-1536x1087.jpg 1536w\" sizes=\"auto, (max-width: 520px) 100vw, 520px\" \/><\/p>","protected":false},"excerpt":{"rendered":"<p>O Instituto Peabiru apresenta os resultados das Unidades de Conserva\u00e7\u00e3o nos munic\u00edpios Curu\u00e7\u00e1, Abaetetuba e no arquip\u00e9lago marajoara.<\/p>","protected":false},"author":2,"featured_media":996,"parent":5221,"menu_order":0,"comment_status":"closed","ping_status":"closed","template":"","meta":{"advanced_seo_description":"","jetpack_seo_html_title":"","jetpack_seo_noindex":false,"footnotes":""},"class_list":["post-5223","page","type-page","status-publish","has-post-thumbnail","hentry"],"jetpack_sharing_enabled":true,"_links":{"self":[{"href":"https:\/\/peabiru.org.br\/en\/wp-json\/wp\/v2\/pages\/5223","targetHints":{"allow":["GET"]}}],"collection":[{"href":"https:\/\/peabiru.org.br\/en\/wp-json\/wp\/v2\/pages"}],"about":[{"href":"https:\/\/peabiru.org.br\/en\/wp-json\/wp\/v2\/types\/page"}],"author":[{"embeddable":true,"href":"https:\/\/peabiru.org.br\/en\/wp-json\/wp\/v2\/users\/2"}],"replies":[{"embeddable":true,"href":"https:\/\/peabiru.org.br\/en\/wp-json\/wp\/v2\/comments?post=5223"}],"version-history":[{"count":2,"href":"https:\/\/peabiru.org.br\/en\/wp-json\/wp\/v2\/pages\/5223\/revisions"}],"predecessor-version":[{"id":14657,"href":"https:\/\/peabiru.org.br\/en\/wp-json\/wp\/v2\/pages\/5223\/revisions\/14657"}],"up":[{"embeddable":true,"href":"https:\/\/peabiru.org.br\/en\/wp-json\/wp\/v2\/pages\/5221"}],"wp:featuredmedia":[{"embeddable":true,"href":"https:\/\/peabiru.org.br\/en\/wp-json\/wp\/v2\/media\/996"}],"wp:attachment":[{"href":"https:\/\/peabiru.org.br\/en\/wp-json\/wp\/v2\/media?parent=5223"}],"curies":[{"name":"wp","href":"https:\/\/api.w.org\/{rel}","templated":true}]}}