{"id":5226,"date":"2024-07-18T13:51:32","date_gmt":"2024-07-18T16:51:32","guid":{"rendered":"http:\/\/peabiru.org.br\/?page_id=5226"},"modified":"2024-07-18T13:58:57","modified_gmt":"2024-07-18T16:58:57","slug":"educacao-ambiental","status":"publish","type":"page","link":"https:\/\/peabiru.org.br\/en\/eixos-de-atuacao\/biodiversidade\/educacao-ambiental\/","title":{"rendered":"Educa\u00e7\u00e3o Ambiental"},"content":{"rendered":"<h2>Este Rio \u00c9 Minha Rua<\/h2>\n<p>Em Curralinho, no Maraj\u00f3, mais de 100 jovens estudantes receberam o certificado de conclus\u00e3o do curso de forma\u00e7\u00e3o de agentes ambientais do projeto, realizado com apoio do Crian\u00e7a Esperan\u00e7a. Durante quatro meses, estudantes da rede municipal participaram de aulas com tem\u00e1ticas como a legisla\u00e7\u00e3o ambiental, a recupera\u00e7\u00e3o e conserva\u00e7\u00e3o de recursos naturais, a pesca e assuntos relacionados \u00e0 sustentabilidade. Esta \u00e9 a segunda forma\u00e7\u00e3o do g\u00eanero que o Peabiru realiza no munic\u00edpio.<\/p>\n<div id=\"attachment_936\" style=\"width: 530px\" class=\"wp-caption aligncenter\"><img loading=\"lazy\" decoding=\"async\" aria-describedby=\"caption-attachment-936\" class=\"size-medium wp-image-936\" src=\"https:\/\/peabiru.org.br\/wp-content\/uploads\/2012\/10\/07072012c2a9rafael-araujo-dende-007251.jpg?w=520\" alt=\"\" width=\"520\" height=\"347\" \/><p id=\"caption-attachment-936\" class=\"wp-caption-text\">Jovem recebe certificado em forma\u00e7\u00e3o de Agente Ambiental. Foto: Rafael Ara\u00fajo<\/p><\/div>\n<p><b>Confira\u00a0<\/b>&#8211; <a title=\"Link permanente para Jovens de Curralinho se tornam Agentes Ambientais pelo projeto Este Rio \u00e9 Minha\u00a0Escola\" href=\"https:\/\/peabiru.org.br\/en\/2016\/06\/10\/3720\/\" rel=\"bookmark\">Jovens de Curralinho se tornam Agentes Ambientais pelo projeto Este Rio \u00e9 Minha\u00a0Escola.<\/a><\/p>\n<p>\u201cA ideia deste projeto \u00e9 que a participa\u00e7\u00e3o comunit\u00e1ria se fortale\u00e7a com o empoderamento dos adolescentes e jovens atrav\u00e9s dos trabalhos de educa\u00e7\u00e3o para o desenvolvimento sustent\u00e1vel. Para isso, as aulas te\u00f3ricas ser\u00e3o complementadas com atividades pr\u00e1ticas que estimulem a reflex\u00e3o e an\u00e1lise da realidade e contribuam para a melhoria da autoestima dos alunos\u201d, explica Manoel Potiguar, gerente de projetos do Instituto Peabiru. Veja mais <a href=\"https:\/\/peabiru.org.br\/en\/2015\/11\/24\/novasiniciativas\/\">aqui<\/a>.<\/p>\n<h2>Meu Mangue<\/h2>\n<p>De acordo com Herm\u00f3genes S\u00e1, gerente do \u201cMeu Mangue\u201d, de forma integrada e transversal, a educa\u00e7\u00e3o ambiental suporta as a\u00e7\u00f5es para a efetiva implementa\u00e7\u00e3o sustent\u00e1vel das estrat\u00e9gias de transforma\u00e7\u00e3o social. \u201cPermitir aos adolescentes e jovens de Curu\u00e7\u00e1 acesso a conhecimentos estrat\u00e9gicos sobre o ambiente em que vivem contribui para o desenvolvimento humano, sentimento de pertencimento e a melhoria da autoestima desses alunos\u201d, explica.<\/p>\n<div id=\"attachment_2693\" style=\"width: 530px\" class=\"wp-caption aligncenter\"><img loading=\"lazy\" decoding=\"async\" aria-describedby=\"caption-attachment-2693\" class=\"size-medium wp-image-2693\" src=\"https:\/\/peabiru.org.br\/wp-content\/uploads\/2014\/07\/140722_salgado_site_gravacaoglobo.jpg?w=520\" alt=\"\" width=\"520\" height=\"390\" srcset=\"https:\/\/peabiru.org.br\/wp-content\/uploads\/2014\/07\/140722_salgado_site_gravacaoglobo.jpg 800w, https:\/\/peabiru.org.br\/wp-content\/uploads\/2014\/07\/140722_salgado_site_gravacaoglobo-300x225.jpg 300w, https:\/\/peabiru.org.br\/wp-content\/uploads\/2014\/07\/140722_salgado_site_gravacaoglobo-768x576.jpg 768w\" sizes=\"auto, (max-width: 520px) 100vw, 520px\" \/><p id=\"caption-attachment-2693\" class=\"wp-caption-text\">Grava\u00e7\u00e3o de reportagem para o especial Crian\u00e7a Esperan\u00e7a, da Rede Globo<\/p><\/div>\n<p><strong>See more<\/strong> &#8211; mais de nossos projetos com o Crian\u00e7a Esperan\u00e7a\u00a0<a href=\"https:\/\/peabiru.org.br\/en\/programas\/programa-casa-da-virada\/\">aqui<\/a>.<\/p>\n<p><strong>Clipping <\/strong>&#8211; Veja mat\u00e9rias relacionadas <a href=\"https:\/\/peabiru.org.br\/en\/?s=meu mangue&amp;submit.x=0&amp;submit.y=0\">aqui<\/a>.<\/p>","protected":false},"excerpt":{"rendered":"<p>O Instituto Peabiru mant\u00e9m projetos voltados para Educa\u00e7\u00e3o Ambiental, atuando em territ\u00f3rios distintos como no Maraj\u00f3 e na regi\u00e3o costeira dos manguezais.<\/p>","protected":false},"author":2,"featured_media":936,"parent":5221,"menu_order":0,"comment_status":"closed","ping_status":"closed","template":"","meta":{"advanced_seo_description":"","jetpack_seo_html_title":"","jetpack_seo_noindex":false,"footnotes":""},"class_list":["post-5226","page","type-page","status-publish","has-post-thumbnail","hentry"],"jetpack_sharing_enabled":true,"_links":{"self":[{"href":"https:\/\/peabiru.org.br\/en\/wp-json\/wp\/v2\/pages\/5226","targetHints":{"allow":["GET"]}}],"collection":[{"href":"https:\/\/peabiru.org.br\/en\/wp-json\/wp\/v2\/pages"}],"about":[{"href":"https:\/\/peabiru.org.br\/en\/wp-json\/wp\/v2\/types\/page"}],"author":[{"embeddable":true,"href":"https:\/\/peabiru.org.br\/en\/wp-json\/wp\/v2\/users\/2"}],"replies":[{"embeddable":true,"href":"https:\/\/peabiru.org.br\/en\/wp-json\/wp\/v2\/comments?post=5226"}],"version-history":[{"count":2,"href":"https:\/\/peabiru.org.br\/en\/wp-json\/wp\/v2\/pages\/5226\/revisions"}],"predecessor-version":[{"id":14648,"href":"https:\/\/peabiru.org.br\/en\/wp-json\/wp\/v2\/pages\/5226\/revisions\/14648"}],"up":[{"embeddable":true,"href":"https:\/\/peabiru.org.br\/en\/wp-json\/wp\/v2\/pages\/5221"}],"wp:featuredmedia":[{"embeddable":true,"href":"https:\/\/peabiru.org.br\/en\/wp-json\/wp\/v2\/media\/936"}],"wp:attachment":[{"href":"https:\/\/peabiru.org.br\/en\/wp-json\/wp\/v2\/media?parent=5226"}],"curies":[{"name":"wp","href":"https:\/\/api.w.org\/{rel}","templated":true}]}}