{"id":5229,"date":"2024-07-18T14:00:31","date_gmt":"2024-07-18T17:00:31","guid":{"rendered":"http:\/\/peabiru.org.br\/?page_id=5229"},"modified":"2024-07-18T14:00:31","modified_gmt":"2024-07-18T17:00:31","slug":"progoeldi","status":"publish","type":"page","link":"https:\/\/peabiru.org.br\/en\/eixos-de-atuacao\/biodiversidade\/progoeldi\/","title":{"rendered":"ProGoeldi"},"content":{"rendered":"<p><img loading=\"lazy\" decoding=\"async\" class=\"size-medium wp-image-3848 aligncenter\" src=\"https:\/\/peabiru.org.br\/wp-content\/uploads\/2015\/07\/progoeld_cabecalhoweb1.png?w=520\" alt=\"\" width=\"520\" height=\"103\" \/><\/p>\n<p>H\u00e1 dois anos foi criado o Programa ProGoeldi, para unir os esfor\u00e7os da sociedade civil em prol do Museu Paraense Em\u00edlio Goeldi em seus 150 anos, comemorados em outubro de 2016. O foco sempre foi a revitaliza\u00e7\u00e3o de seu Parque Zoobot\u00e2nico, em Bel\u00e9m, onde mesmo com a forte crise econ\u00f4mica contribu\u00edmos com pequenas a\u00e7\u00f5es como a revitaliza\u00e7\u00e3o dos muros externos, a reforma de decks, reabertura da loja do Museu e outras a\u00e7\u00f5es.<\/p>\n<p><img loading=\"lazy\" decoding=\"async\" class=\"size-medium wp-image-3609 aligncenter\" src=\"https:\/\/peabiru.org.br\/wp-content\/uploads\/2016\/03\/detalhe_progoeldi-copy.jpg?w=520\" alt=\"\" width=\"520\" height=\"195\" srcset=\"https:\/\/peabiru.org.br\/wp-content\/uploads\/2016\/03\/detalhe_progoeldi-copy.jpg 800w, https:\/\/peabiru.org.br\/wp-content\/uploads\/2016\/03\/detalhe_progoeldi-copy-300x113.jpg 300w, https:\/\/peabiru.org.br\/wp-content\/uploads\/2016\/03\/detalhe_progoeldi-copy-768x288.jpg 768w\" sizes=\"auto, (max-width: 520px) 100vw, 520px\" \/><\/p>\n<p>Neste per\u00edodo, o Instituto Peabiru, respons\u00e1vel pela organiza\u00e7\u00e3o da sociedade civil com sede em Bel\u00e9m e 20 anos de atua\u00e7\u00e3o, conseguiu angariar parcerias iniciais com a iniciativa privada \u2013 Akzo Nobel (Tintas Coral), Banpar\u00e1, Banco da Amaz\u00f4nia, Imerys Caulim entre outros \u2013 e com o Governo do Estado (SUSIPE e Propaz). Conquistamos o apoio de artistas, como Faf\u00e1 de Bel\u00e9m e recebemos manifesta\u00e7\u00f5es de milhares de pessoas.<\/p>\n<p>Vale ressaltar que mesmo \u00e0 frente do ProGoeldi, o Instituto Peabiru entende seu papel como de uma secretaria executiva da sociedade civil, um facilitador, para viabilizar as iniciativas do Museu Goeldi.<\/p>\n<p><strong>See more <\/strong>&#8211; confira a p\u00e1gina do projeto <a href=\"https:\/\/peabiru.org.br\/en\/progoeldi\/\">aqui<\/a>.<\/p>\n<p><b>A\u00e7\u00f5es<\/b> &#8211; veja algumas das a\u00e7\u00f5es do ProGoeldi <a href=\"https:\/\/peabiru.org.br\/en\/?s=progoeldi&amp;submit.x=0&amp;submit.y=0\">aqui<\/a>.<\/p>","protected":false},"excerpt":{"rendered":"<p>O Instituto Peabiru implementou o Programa ProGoeldi em 2015, para unir esfor\u00e7os da sociedade civil em prol do Museu Paraense Em\u00edlio Goeldi e sua revitaliza\u00e7\u00e3o.<\/p>","protected":false},"author":2,"featured_media":3848,"parent":5221,"menu_order":0,"comment_status":"closed","ping_status":"closed","template":"","meta":{"advanced_seo_description":"","jetpack_seo_html_title":"","jetpack_seo_noindex":false,"footnotes":""},"class_list":["post-5229","page","type-page","status-publish","has-post-thumbnail","hentry"],"jetpack_sharing_enabled":true,"_links":{"self":[{"href":"https:\/\/peabiru.org.br\/en\/wp-json\/wp\/v2\/pages\/5229","targetHints":{"allow":["GET"]}}],"collection":[{"href":"https:\/\/peabiru.org.br\/en\/wp-json\/wp\/v2\/pages"}],"about":[{"href":"https:\/\/peabiru.org.br\/en\/wp-json\/wp\/v2\/types\/page"}],"author":[{"embeddable":true,"href":"https:\/\/peabiru.org.br\/en\/wp-json\/wp\/v2\/users\/2"}],"replies":[{"embeddable":true,"href":"https:\/\/peabiru.org.br\/en\/wp-json\/wp\/v2\/comments?post=5229"}],"version-history":[{"count":1,"href":"https:\/\/peabiru.org.br\/en\/wp-json\/wp\/v2\/pages\/5229\/revisions"}],"predecessor-version":[{"id":14652,"href":"https:\/\/peabiru.org.br\/en\/wp-json\/wp\/v2\/pages\/5229\/revisions\/14652"}],"up":[{"embeddable":true,"href":"https:\/\/peabiru.org.br\/en\/wp-json\/wp\/v2\/pages\/5221"}],"wp:featuredmedia":[{"embeddable":true,"href":"https:\/\/peabiru.org.br\/en\/wp-json\/wp\/v2\/media\/3848"}],"wp:attachment":[{"href":"https:\/\/peabiru.org.br\/en\/wp-json\/wp\/v2\/media?parent=5229"}],"curies":[{"name":"wp","href":"https:\/\/api.w.org\/{rel}","templated":true}]}}