{"id":5818,"date":"2024-07-18T14:13:10","date_gmt":"2024-07-18T17:13:10","guid":{"rendered":"http:\/\/peabiru.org.br\/?page_id=5818"},"modified":"2024-07-18T14:13:10","modified_gmt":"2024-07-18T17:13:10","slug":"marajo","status":"publish","type":"page","link":"https:\/\/peabiru.org.br\/en\/mapas\/marajo\/","title":{"rendered":"Maraj\u00f3"},"content":{"rendered":"<h3>Imagens de Sat\u00e9lite &#8211; Munic\u00edpios<\/h3>\n\n\t\t<style type=\"text\/css\">\n\t\t\t#gallery-1 {\n\t\t\t\tmargin: auto;\n\t\t\t}\n\t\t\t#gallery-1 .gallery-item {\n\t\t\t\tfloat: left;\n\t\t\t\tmargin-top: 10px;\n\t\t\t\ttext-align: center;\n\t\t\t\twidth: 33%;\n\t\t\t}\n\t\t\t#gallery-1 img {\n\t\t\t\tborder: 2px solid #cfcfcf;\n\t\t\t}\n\t\t\t#gallery-1 .gallery-caption {\n\t\t\t\tmargin-left: 0;\n\t\t\t}\n\t\t\t\/* see gallery_shortcode() in wp-includes\/media.php *\/\n\t\t<\/style>\n\t\t<div id='gallery-1' class='gallery galleryid-5818 gallery-columns-3 gallery-size-thumbnail'><dl class='gallery-item'>\n\t\t\t<dt class='gallery-icon landscape'>\n\t\t\t\t<a href='https:\/\/peabiru.org.br\/en\/marajo_peabiru\/'><img loading=\"lazy\" decoding=\"async\" width=\"150\" height=\"150\" src=\"https:\/\/peabiru.org.br\/wp-content\/uploads\/2017\/12\/marajo_peabiru-150x150.jpg\" class=\"attachment-thumbnail size-thumbnail\" alt=\"\" \/><\/a>\n\t\t\t<\/dt><\/dl><dl class='gallery-item'>\n\t\t\t<dt class='gallery-icon landscape'>\n\t\t\t\t<a href='https:\/\/peabiru.org.br\/en\/marajo_munic_sta_cruz_arari\/'><img loading=\"lazy\" decoding=\"async\" width=\"150\" height=\"150\" src=\"https:\/\/peabiru.org.br\/wp-content\/uploads\/2017\/12\/marajo_munic_sta_cruz_arari-150x150.jpg\" class=\"attachment-thumbnail size-thumbnail\" alt=\"\" \/><\/a>\n\t\t\t<\/dt><\/dl><dl class='gallery-item'>\n\t\t\t<dt class='gallery-icon landscape'>\n\t\t\t\t<a href='https:\/\/peabiru.org.br\/en\/marajo_munic_ss_boa_vista\/'><img loading=\"lazy\" decoding=\"async\" width=\"150\" height=\"150\" src=\"https:\/\/peabiru.org.br\/wp-content\/uploads\/2017\/12\/marajo_munic_ss_boa_vista-150x150.jpg\" class=\"attachment-thumbnail size-thumbnail\" alt=\"\" \/><\/a>\n\t\t\t<\/dt><\/dl><br style=\"clear: both\" \/><dl class='gallery-item'>\n\t\t\t<dt class='gallery-icon landscape'>\n\t\t\t\t<a href='https:\/\/peabiru.org.br\/en\/marajo_munic_soure\/'><img loading=\"lazy\" decoding=\"async\" width=\"150\" height=\"150\" src=\"https:\/\/peabiru.org.br\/wp-content\/uploads\/2017\/12\/marajo_munic_soure-150x150.jpg\" class=\"attachment-thumbnail size-thumbnail\" alt=\"\" \/><\/a>\n\t\t\t<\/dt><\/dl><dl class='gallery-item'>\n\t\t\t<dt class='gallery-icon landscape'>\n\t\t\t\t<a href='https:\/\/peabiru.org.br\/en\/marajo_munic_salvaterra\/'><img loading=\"lazy\" decoding=\"async\" width=\"150\" height=\"150\" src=\"https:\/\/peabiru.org.br\/wp-content\/uploads\/2017\/12\/marajo_munic_salvaterra-150x150.jpg\" class=\"attachment-thumbnail size-thumbnail\" alt=\"\" \/><\/a>\n\t\t\t<\/dt><\/dl><dl class='gallery-item'>\n\t\t\t<dt class='gallery-icon landscape'>\n\t\t\t\t<a href='https:\/\/peabiru.org.br\/en\/marajo_munic_portel\/'><img loading=\"lazy\" decoding=\"async\" width=\"150\" height=\"150\" src=\"https:\/\/peabiru.org.br\/wp-content\/uploads\/2017\/12\/marajo_munic_portel-150x150.jpg\" class=\"attachment-thumbnail size-thumbnail\" alt=\"\" \/><\/a>\n\t\t\t<\/dt><\/dl><br style=\"clear: both\" \/><dl class='gallery-item'>\n\t\t\t<dt class='gallery-icon landscape'>\n\t\t\t\t<a href='https:\/\/peabiru.org.br\/en\/marajo_munic_ponta_pedras\/'><img loading=\"lazy\" decoding=\"async\" width=\"150\" height=\"150\" src=\"https:\/\/peabiru.org.br\/wp-content\/uploads\/2017\/12\/marajo_munic_ponta_pedras-150x150.jpg\" class=\"attachment-thumbnail size-thumbnail\" alt=\"\" \/><\/a>\n\t\t\t<\/dt><\/dl><dl class='gallery-item'>\n\t\t\t<dt class='gallery-icon landscape'>\n\t\t\t\t<a href='https:\/\/peabiru.org.br\/en\/marajo_munic_muana\/'><img loading=\"lazy\" decoding=\"async\" width=\"150\" height=\"150\" src=\"https:\/\/peabiru.org.br\/wp-content\/uploads\/2017\/12\/marajo_munic_muanc3a1-150x150.jpg\" class=\"attachment-thumbnail size-thumbnail\" alt=\"\" \/><\/a>\n\t\t\t<\/dt><\/dl><dl class='gallery-item'>\n\t\t\t<dt class='gallery-icon landscape'>\n\t\t\t\t<a href='https:\/\/peabiru.org.br\/en\/marajo_munic_melgaco\/'><img loading=\"lazy\" decoding=\"async\" width=\"150\" height=\"150\" src=\"https:\/\/peabiru.org.br\/wp-content\/uploads\/2017\/12\/marajo_munic_melgac3a7o-150x150.jpg\" class=\"attachment-thumbnail size-thumbnail\" alt=\"\" \/><\/a>\n\t\t\t<\/dt><\/dl><br style=\"clear: both\" \/><dl class='gallery-item'>\n\t\t\t<dt class='gallery-icon landscape'>\n\t\t\t\t<a href='https:\/\/peabiru.org.br\/en\/marajo_munic_gurupa\/'><img loading=\"lazy\" decoding=\"async\" width=\"150\" height=\"150\" src=\"https:\/\/peabiru.org.br\/wp-content\/uploads\/2017\/12\/marajo_munic_gurupc3a1-150x150.jpg\" class=\"attachment-thumbnail size-thumbnail\" alt=\"\" \/><\/a>\n\t\t\t<\/dt><\/dl><dl class='gallery-item'>\n\t\t\t<dt class='gallery-icon landscape'>\n\t\t\t\t<a href='https:\/\/peabiru.org.br\/en\/marajo_munic_curralinho\/'><img loading=\"lazy\" decoding=\"async\" width=\"150\" height=\"150\" src=\"https:\/\/peabiru.org.br\/wp-content\/uploads\/2017\/12\/marajo_munic_curralinho-150x150.jpg\" class=\"attachment-thumbnail size-thumbnail\" alt=\"\" \/><\/a>\n\t\t\t<\/dt><\/dl><dl class='gallery-item'>\n\t\t\t<dt class='gallery-icon landscape'>\n\t\t\t\t<a href='https:\/\/peabiru.org.br\/en\/marajo_munic_chaves\/'><img loading=\"lazy\" decoding=\"async\" width=\"150\" height=\"150\" src=\"https:\/\/peabiru.org.br\/wp-content\/uploads\/2017\/12\/marajo_munic_chaves-150x150.jpg\" class=\"attachment-thumbnail size-thumbnail\" alt=\"\" \/><\/a>\n\t\t\t<\/dt><\/dl><br style=\"clear: both\" \/><dl class='gallery-item'>\n\t\t\t<dt class='gallery-icon landscape'>\n\t\t\t\t<a href='https:\/\/peabiru.org.br\/en\/marajo_munic_cach_arari\/'><img loading=\"lazy\" decoding=\"async\" width=\"150\" height=\"150\" src=\"https:\/\/peabiru.org.br\/wp-content\/uploads\/2017\/12\/marajo_munic_cach_arari-150x150.jpg\" class=\"attachment-thumbnail size-thumbnail\" alt=\"\" \/><\/a>\n\t\t\t<\/dt><\/dl><dl class='gallery-item'>\n\t\t\t<dt class='gallery-icon landscape'>\n\t\t\t\t<a href='https:\/\/peabiru.org.br\/en\/marajo_munic_breves\/'><img loading=\"lazy\" decoding=\"async\" width=\"150\" height=\"150\" src=\"https:\/\/peabiru.org.br\/wp-content\/uploads\/2017\/12\/marajo_munic_breves-150x150.jpg\" class=\"attachment-thumbnail size-thumbnail\" alt=\"\" \/><\/a>\n\t\t\t<\/dt><\/dl><dl class='gallery-item'>\n\t\t\t<dt class='gallery-icon landscape'>\n\t\t\t\t<a href='https:\/\/peabiru.org.br\/en\/marajo_munic_bagre\/'><img loading=\"lazy\" decoding=\"async\" width=\"150\" height=\"150\" src=\"https:\/\/peabiru.org.br\/wp-content\/uploads\/2017\/12\/marajo_munic_bagre-150x150.jpg\" class=\"attachment-thumbnail size-thumbnail\" alt=\"\" \/><\/a>\n\t\t\t<\/dt><\/dl><br style=\"clear: both\" \/><dl class='gallery-item'>\n\t\t\t<dt class='gallery-icon landscape'>\n\t\t\t\t<a href='https:\/\/peabiru.org.br\/en\/marajo_munic_anajas\/'><img loading=\"lazy\" decoding=\"async\" width=\"150\" height=\"150\" src=\"https:\/\/peabiru.org.br\/wp-content\/uploads\/2017\/12\/marajo_munic_anajc3a1s-150x150.jpg\" class=\"attachment-thumbnail size-thumbnail\" alt=\"\" \/><\/a>\n\t\t\t<\/dt><\/dl><dl class='gallery-item'>\n\t\t\t<dt class='gallery-icon landscape'>\n\t\t\t\t<a href='https:\/\/peabiru.org.br\/en\/marajo_munic_afua\/'><img loading=\"lazy\" decoding=\"async\" width=\"150\" height=\"150\" src=\"https:\/\/peabiru.org.br\/wp-content\/uploads\/2017\/12\/marajo_munic_afua-150x150.jpg\" class=\"attachment-thumbnail size-thumbnail\" alt=\"\" \/><\/a>\n\t\t\t<\/dt><\/dl>\n\t\t\t<br style='clear: both' \/>\n\t\t<\/div>\n\n<h6><em>Clique na imagem para ampliar<\/em><\/h6>\n<h3>Curralinho &#8211; Rio Canaticu<\/h3>\n<p>Mapa de Localiza\u00e7\u00e3o das Comunidades<\/p>\n<p><img loading=\"lazy\" decoding=\"async\" class=\"aligncenter size-medium wp-image-5816\" src=\"https:\/\/peabiru.org.br\/wp-content\/uploads\/2017\/12\/mapa_comunidades_rio_canaticu-2014.jpg?w=212\" alt=\"Mapa_Comunidades_Rio_Canaticu 2014\" width=\"212\" height=\"300\" srcset=\"https:\/\/peabiru.org.br\/wp-content\/uploads\/2017\/12\/mapa_comunidades_rio_canaticu-2014.jpg 1358w, https:\/\/peabiru.org.br\/wp-content\/uploads\/2017\/12\/mapa_comunidades_rio_canaticu-2014-212x300.jpg 212w, https:\/\/peabiru.org.br\/wp-content\/uploads\/2017\/12\/mapa_comunidades_rio_canaticu-2014-724x1024.jpg 724w, https:\/\/peabiru.org.br\/wp-content\/uploads\/2017\/12\/mapa_comunidades_rio_canaticu-2014-768x1086.jpg 768w, https:\/\/peabiru.org.br\/wp-content\/uploads\/2017\/12\/mapa_comunidades_rio_canaticu-2014-1086x1536.jpg 1086w, https:\/\/peabiru.org.br\/wp-content\/uploads\/2017\/12\/mapa_comunidades_rio_canaticu-2014-1448x2048.jpg 1448w\" sizes=\"auto, (max-width: 212px) 100vw, 212px\" \/><\/p>\n<h6><em>Clique na imagem para ampliar<\/em><\/h6>\n<h3><strong>Mapa Fundi\u00e1rio da Masorregi\u00e3o do Maraj\u00f3<\/strong><\/h3>\n<p><img loading=\"lazy\" decoding=\"async\" class=\"aligncenter size-medium wp-image-5815\" src=\"https:\/\/peabiru.org.br\/wp-content\/uploads\/2017\/12\/institutopeabiru-vivamarajo-mapafundiariomarajo.jpg?w=216\" alt=\"InstitutoPeabiru-VivaMarajo-MapaFundiarioMarajo\" width=\"216\" height=\"300\" srcset=\"https:\/\/peabiru.org.br\/wp-content\/uploads\/2017\/12\/institutopeabiru-vivamarajo-mapafundiariomarajo.jpg 1381w, https:\/\/peabiru.org.br\/wp-content\/uploads\/2017\/12\/institutopeabiru-vivamarajo-mapafundiariomarajo-216x300.jpg 216w, https:\/\/peabiru.org.br\/wp-content\/uploads\/2017\/12\/institutopeabiru-vivamarajo-mapafundiariomarajo-736x1024.jpg 736w, https:\/\/peabiru.org.br\/wp-content\/uploads\/2017\/12\/institutopeabiru-vivamarajo-mapafundiariomarajo-768x1068.jpg 768w, https:\/\/peabiru.org.br\/wp-content\/uploads\/2017\/12\/institutopeabiru-vivamarajo-mapafundiariomarajo-1105x1536.jpg 1105w, https:\/\/peabiru.org.br\/wp-content\/uploads\/2017\/12\/institutopeabiru-vivamarajo-mapafundiariomarajo-1473x2048.jpg 1473w\" sizes=\"auto, (max-width: 216px) 100vw, 216px\" \/><\/p>\n<h6><em>Clique na imagem para ampliar<\/em><\/h6>","protected":false},"excerpt":{"rendered":"<p>Mapas do Maraj\u00f3 produzidos pelo Instituto Peabiru<\/p>","protected":false},"author":2,"featured_media":0,"parent":5795,"menu_order":0,"comment_status":"closed","ping_status":"closed","template":"","meta":{"advanced_seo_description":"","jetpack_seo_html_title":"","jetpack_seo_noindex":false,"footnotes":""},"class_list":["post-5818","page","type-page","status-publish","hentry"],"jetpack_sharing_enabled":true,"_links":{"self":[{"href":"https:\/\/peabiru.org.br\/en\/wp-json\/wp\/v2\/pages\/5818","targetHints":{"allow":["GET"]}}],"collection":[{"href":"https:\/\/peabiru.org.br\/en\/wp-json\/wp\/v2\/pages"}],"about":[{"href":"https:\/\/peabiru.org.br\/en\/wp-json\/wp\/v2\/types\/page"}],"author":[{"embeddable":true,"href":"https:\/\/peabiru.org.br\/en\/wp-json\/wp\/v2\/users\/2"}],"replies":[{"embeddable":true,"href":"https:\/\/peabiru.org.br\/en\/wp-json\/wp\/v2\/comments?post=5818"}],"version-history":[{"count":1,"href":"https:\/\/peabiru.org.br\/en\/wp-json\/wp\/v2\/pages\/5818\/revisions"}],"predecessor-version":[{"id":14664,"href":"https:\/\/peabiru.org.br\/en\/wp-json\/wp\/v2\/pages\/5818\/revisions\/14664"}],"up":[{"embeddable":true,"href":"https:\/\/peabiru.org.br\/en\/wp-json\/wp\/v2\/pages\/5795"}],"wp:attachment":[{"href":"https:\/\/peabiru.org.br\/en\/wp-json\/wp\/v2\/media?parent=5818"}],"curies":[{"name":"wp","href":"https:\/\/api.w.org\/{rel}","templated":true}]}}