{"id":5820,"date":"2024-07-18T14:13:39","date_gmt":"2024-07-18T17:13:39","guid":{"rendered":"http:\/\/peabiru.org.br\/?page_id=5820"},"modified":"2024-07-18T14:13:39","modified_gmt":"2024-07-18T17:13:39","slug":"salgado-paraense","status":"publish","type":"page","link":"https:\/\/peabiru.org.br\/en\/mapas\/salgado-paraense\/","title":{"rendered":"Salgado Paraense"},"content":{"rendered":"<h3>Casa da Virada<\/h3>\n\n\t\t<style type=\"text\/css\">\n\t\t\t#gallery-1 {\n\t\t\t\tmargin: auto;\n\t\t\t}\n\t\t\t#gallery-1 .gallery-item {\n\t\t\t\tfloat: left;\n\t\t\t\tmargin-top: 10px;\n\t\t\t\ttext-align: center;\n\t\t\t\twidth: 33%;\n\t\t\t}\n\t\t\t#gallery-1 img {\n\t\t\t\tborder: 2px solid #cfcfcf;\n\t\t\t}\n\t\t\t#gallery-1 .gallery-caption {\n\t\t\t\tmargin-left: 0;\n\t\t\t}\n\t\t\t\/* see gallery_shortcode() in wp-includes\/media.php *\/\n\t\t<\/style>\n\t\t<div id='gallery-1' class='gallery galleryid-5820 gallery-columns-3 gallery-size-large'><dl class='gallery-item'>\n\t\t\t<dt class='gallery-icon landscape'>\n\t\t\t\t<a href='https:\/\/peabiru.org.br\/en\/a3_mapa01_localizacao_curuca_zip_rnd0_10583768694426276\/'><img loading=\"lazy\" decoding=\"async\" width=\"1024\" height=\"724\" src=\"https:\/\/peabiru.org.br\/wp-content\/uploads\/2017\/12\/a3_mapa01_localizacao_curuca_zip_rnd0_10583768694426276-1024x724.jpg\" class=\"attachment-large size-large\" alt=\"\" srcset=\"https:\/\/peabiru.org.br\/wp-content\/uploads\/2017\/12\/a3_mapa01_localizacao_curuca_zip_rnd0_10583768694426276-1024x724.jpg 1024w, https:\/\/peabiru.org.br\/wp-content\/uploads\/2017\/12\/a3_mapa01_localizacao_curuca_zip_rnd0_10583768694426276-300x212.jpg 300w, https:\/\/peabiru.org.br\/wp-content\/uploads\/2017\/12\/a3_mapa01_localizacao_curuca_zip_rnd0_10583768694426276-768x543.jpg 768w, https:\/\/peabiru.org.br\/wp-content\/uploads\/2017\/12\/a3_mapa01_localizacao_curuca_zip_rnd0_10583768694426276-1536x1086.jpg 1536w, https:\/\/peabiru.org.br\/wp-content\/uploads\/2017\/12\/a3_mapa01_localizacao_curuca_zip_rnd0_10583768694426276-2048x1448.jpg 2048w, https:\/\/peabiru.org.br\/wp-content\/uploads\/2017\/12\/a3_mapa01_localizacao_curuca_zip_rnd0_10583768694426276.jpg 1920w\" sizes=\"auto, (max-width: 1024px) 100vw, 1024px\" \/><\/a>\n\t\t\t<\/dt><\/dl><dl class='gallery-item'>\n\t\t\t<dt class='gallery-icon portrait'>\n\t\t\t\t<a href='https:\/\/peabiru.org.br\/en\/a3_mapa02_municipio_curuca-1\/'><img loading=\"lazy\" decoding=\"async\" width=\"572\" height=\"1024\" src=\"https:\/\/peabiru.org.br\/wp-content\/uploads\/2017\/12\/a3_mapa02_municipio_curuca-1-572x1024.jpg\" class=\"attachment-large size-large\" alt=\"\" srcset=\"https:\/\/peabiru.org.br\/wp-content\/uploads\/2017\/12\/a3_mapa02_municipio_curuca-1-572x1024.jpg 572w, https:\/\/peabiru.org.br\/wp-content\/uploads\/2017\/12\/a3_mapa02_municipio_curuca-1-167x300.jpg 167w, https:\/\/peabiru.org.br\/wp-content\/uploads\/2017\/12\/a3_mapa02_municipio_curuca-1-768x1376.jpg 768w, https:\/\/peabiru.org.br\/wp-content\/uploads\/2017\/12\/a3_mapa02_municipio_curuca-1-857x1536.jpg 857w, https:\/\/peabiru.org.br\/wp-content\/uploads\/2017\/12\/a3_mapa02_municipio_curuca-1-1143x2048.jpg 1143w, https:\/\/peabiru.org.br\/wp-content\/uploads\/2017\/12\/a3_mapa02_municipio_curuca-1.jpg 1072w\" sizes=\"auto, (max-width: 572px) 100vw, 572px\" \/><\/a>\n\t\t\t<\/dt><\/dl><dl class='gallery-item'>\n\t\t\t<dt class='gallery-icon portrait'>\n\t\t\t\t<a href='https:\/\/peabiru.org.br\/en\/a3_mapa03_resex_mae_grande_de_curuca-1\/'><img loading=\"lazy\" decoding=\"async\" width=\"572\" height=\"1024\" src=\"https:\/\/peabiru.org.br\/wp-content\/uploads\/2017\/12\/a3_mapa03_resex_mae_grande_de_curuca-1-572x1024.jpg\" class=\"attachment-large size-large\" alt=\"\" srcset=\"https:\/\/peabiru.org.br\/wp-content\/uploads\/2017\/12\/a3_mapa03_resex_mae_grande_de_curuca-1-572x1024.jpg 572w, https:\/\/peabiru.org.br\/wp-content\/uploads\/2017\/12\/a3_mapa03_resex_mae_grande_de_curuca-1-167x300.jpg 167w, https:\/\/peabiru.org.br\/wp-content\/uploads\/2017\/12\/a3_mapa03_resex_mae_grande_de_curuca-1-768x1376.jpg 768w, https:\/\/peabiru.org.br\/wp-content\/uploads\/2017\/12\/a3_mapa03_resex_mae_grande_de_curuca-1-857x1536.jpg 857w, https:\/\/peabiru.org.br\/wp-content\/uploads\/2017\/12\/a3_mapa03_resex_mae_grande_de_curuca-1-1143x2048.jpg 1143w, https:\/\/peabiru.org.br\/wp-content\/uploads\/2017\/12\/a3_mapa03_resex_mae_grande_de_curuca-1.jpg 1072w\" sizes=\"auto, (max-width: 572px) 100vw, 572px\" \/><\/a>\n\t\t\t<\/dt><\/dl><br style=\"clear: both\" \/><dl class='gallery-item'>\n\t\t\t<dt class='gallery-icon portrait'>\n\t\t\t\t<a href='https:\/\/peabiru.org.br\/en\/a3_mapa04_cobertura_vegetal_ilhas-1\/'><img loading=\"lazy\" decoding=\"async\" width=\"708\" height=\"1024\" src=\"https:\/\/peabiru.org.br\/wp-content\/uploads\/2017\/12\/a3_mapa04_cobertura_vegetal_ilhas-1-708x1024.jpg\" class=\"attachment-large size-large\" alt=\"\" srcset=\"https:\/\/peabiru.org.br\/wp-content\/uploads\/2017\/12\/a3_mapa04_cobertura_vegetal_ilhas-1-708x1024.jpg 708w, https:\/\/peabiru.org.br\/wp-content\/uploads\/2017\/12\/a3_mapa04_cobertura_vegetal_ilhas-1-207x300.jpg 207w, https:\/\/peabiru.org.br\/wp-content\/uploads\/2017\/12\/a3_mapa04_cobertura_vegetal_ilhas-1-768x1111.jpg 768w, https:\/\/peabiru.org.br\/wp-content\/uploads\/2017\/12\/a3_mapa04_cobertura_vegetal_ilhas-1-1062x1536.jpg 1062w, https:\/\/peabiru.org.br\/wp-content\/uploads\/2017\/12\/a3_mapa04_cobertura_vegetal_ilhas-1-1415x2048.jpg 1415w, https:\/\/peabiru.org.br\/wp-content\/uploads\/2017\/12\/a3_mapa04_cobertura_vegetal_ilhas-1.jpg 1327w\" sizes=\"auto, (max-width: 708px) 100vw, 708px\" \/><\/a>\n\t\t\t<\/dt><\/dl><dl class='gallery-item'>\n\t\t\t<dt class='gallery-icon portrait'>\n\t\t\t\t<a href='https:\/\/peabiru.org.br\/en\/a3_mapa05_inventarios_florestais-1\/'><img loading=\"lazy\" decoding=\"async\" width=\"708\" height=\"1024\" src=\"https:\/\/peabiru.org.br\/wp-content\/uploads\/2017\/12\/a3_mapa05_inventarios_florestais-1-708x1024.jpg\" class=\"attachment-large size-large\" alt=\"\" srcset=\"https:\/\/peabiru.org.br\/wp-content\/uploads\/2017\/12\/a3_mapa05_inventarios_florestais-1-708x1024.jpg 708w, https:\/\/peabiru.org.br\/wp-content\/uploads\/2017\/12\/a3_mapa05_inventarios_florestais-1-207x300.jpg 207w, https:\/\/peabiru.org.br\/wp-content\/uploads\/2017\/12\/a3_mapa05_inventarios_florestais-1-768x1111.jpg 768w, https:\/\/peabiru.org.br\/wp-content\/uploads\/2017\/12\/a3_mapa05_inventarios_florestais-1-1062x1536.jpg 1062w, https:\/\/peabiru.org.br\/wp-content\/uploads\/2017\/12\/a3_mapa05_inventarios_florestais-1-1415x2048.jpg 1415w, https:\/\/peabiru.org.br\/wp-content\/uploads\/2017\/12\/a3_mapa05_inventarios_florestais-1.jpg 1327w\" sizes=\"auto, (max-width: 708px) 100vw, 708px\" \/><\/a>\n\t\t\t<\/dt><\/dl><dl class='gallery-item'>\n\t\t\t<dt class='gallery-icon portrait'>\n\t\t\t\t<a href='https:\/\/peabiru.org.br\/en\/a3_mapa06_arqueologia-1\/'><img loading=\"lazy\" decoding=\"async\" width=\"708\" height=\"1024\" src=\"https:\/\/peabiru.org.br\/wp-content\/uploads\/2017\/12\/a3_mapa06_arqueologia-1-708x1024.jpg\" class=\"attachment-large size-large\" alt=\"\" srcset=\"https:\/\/peabiru.org.br\/wp-content\/uploads\/2017\/12\/a3_mapa06_arqueologia-1-708x1024.jpg 708w, https:\/\/peabiru.org.br\/wp-content\/uploads\/2017\/12\/a3_mapa06_arqueologia-1-207x300.jpg 207w, https:\/\/peabiru.org.br\/wp-content\/uploads\/2017\/12\/a3_mapa06_arqueologia-1-768x1111.jpg 768w, https:\/\/peabiru.org.br\/wp-content\/uploads\/2017\/12\/a3_mapa06_arqueologia-1-1062x1536.jpg 1062w, https:\/\/peabiru.org.br\/wp-content\/uploads\/2017\/12\/a3_mapa06_arqueologia-1-1415x2048.jpg 1415w, https:\/\/peabiru.org.br\/wp-content\/uploads\/2017\/12\/a3_mapa06_arqueologia-1.jpg 1327w\" sizes=\"auto, (max-width: 708px) 100vw, 708px\" \/><\/a>\n\t\t\t<\/dt><\/dl><br style=\"clear: both\" \/><dl class='gallery-item'>\n\t\t\t<dt class='gallery-icon portrait'>\n\t\t\t\t<a href='https:\/\/peabiru.org.br\/en\/a3_mapa07_praias_e_ocupacao-1\/'><img loading=\"lazy\" decoding=\"async\" width=\"708\" height=\"1024\" src=\"https:\/\/peabiru.org.br\/wp-content\/uploads\/2017\/12\/a3_mapa07_praias_e_ocupac3a7c3a3o-1-708x1024.jpg\" class=\"attachment-large size-large\" alt=\"\" srcset=\"https:\/\/peabiru.org.br\/wp-content\/uploads\/2017\/12\/a3_mapa07_praias_e_ocupac3a7c3a3o-1-708x1024.jpg 708w, https:\/\/peabiru.org.br\/wp-content\/uploads\/2017\/12\/a3_mapa07_praias_e_ocupac3a7c3a3o-1-207x300.jpg 207w, https:\/\/peabiru.org.br\/wp-content\/uploads\/2017\/12\/a3_mapa07_praias_e_ocupac3a7c3a3o-1-768x1111.jpg 768w, https:\/\/peabiru.org.br\/wp-content\/uploads\/2017\/12\/a3_mapa07_praias_e_ocupac3a7c3a3o-1-1062x1536.jpg 1062w, https:\/\/peabiru.org.br\/wp-content\/uploads\/2017\/12\/a3_mapa07_praias_e_ocupac3a7c3a3o-1-1415x2048.jpg 1415w, https:\/\/peabiru.org.br\/wp-content\/uploads\/2017\/12\/a3_mapa07_praias_e_ocupac3a7c3a3o-1.jpg 1327w\" sizes=\"auto, (max-width: 708px) 100vw, 708px\" \/><\/a>\n\t\t\t<\/dt><\/dl><dl class='gallery-item'>\n\t\t\t<dt class='gallery-icon portrait'>\n\t\t\t\t<a href='https:\/\/peabiru.org.br\/en\/a3_mapa08_mamiferos-1\/'><img loading=\"lazy\" decoding=\"async\" width=\"708\" height=\"1024\" src=\"https:\/\/peabiru.org.br\/wp-content\/uploads\/2017\/12\/a3_mapa08_mamiferos-1-708x1024.jpg\" class=\"attachment-large size-large\" alt=\"\" srcset=\"https:\/\/peabiru.org.br\/wp-content\/uploads\/2017\/12\/a3_mapa08_mamiferos-1-708x1024.jpg 708w, https:\/\/peabiru.org.br\/wp-content\/uploads\/2017\/12\/a3_mapa08_mamiferos-1-207x300.jpg 207w, https:\/\/peabiru.org.br\/wp-content\/uploads\/2017\/12\/a3_mapa08_mamiferos-1-768x1111.jpg 768w, https:\/\/peabiru.org.br\/wp-content\/uploads\/2017\/12\/a3_mapa08_mamiferos-1-1062x1536.jpg 1062w, https:\/\/peabiru.org.br\/wp-content\/uploads\/2017\/12\/a3_mapa08_mamiferos-1-1415x2048.jpg 1415w, https:\/\/peabiru.org.br\/wp-content\/uploads\/2017\/12\/a3_mapa08_mamiferos-1.jpg 1327w\" sizes=\"auto, (max-width: 708px) 100vw, 708px\" \/><\/a>\n\t\t\t<\/dt><\/dl><dl class='gallery-item'>\n\t\t\t<dt class='gallery-icon portrait'>\n\t\t\t\t<a href='https:\/\/peabiru.org.br\/en\/a3_mapa09_vespas_abelhas-1\/'><img loading=\"lazy\" decoding=\"async\" width=\"708\" height=\"1024\" src=\"https:\/\/peabiru.org.br\/wp-content\/uploads\/2017\/12\/a3_mapa09_vespas_abelhas-1-708x1024.jpg\" class=\"attachment-large size-large\" alt=\"\" srcset=\"https:\/\/peabiru.org.br\/wp-content\/uploads\/2017\/12\/a3_mapa09_vespas_abelhas-1-708x1024.jpg 708w, https:\/\/peabiru.org.br\/wp-content\/uploads\/2017\/12\/a3_mapa09_vespas_abelhas-1-207x300.jpg 207w, https:\/\/peabiru.org.br\/wp-content\/uploads\/2017\/12\/a3_mapa09_vespas_abelhas-1-768x1111.jpg 768w, https:\/\/peabiru.org.br\/wp-content\/uploads\/2017\/12\/a3_mapa09_vespas_abelhas-1-1062x1536.jpg 1062w, https:\/\/peabiru.org.br\/wp-content\/uploads\/2017\/12\/a3_mapa09_vespas_abelhas-1-1415x2048.jpg 1415w, https:\/\/peabiru.org.br\/wp-content\/uploads\/2017\/12\/a3_mapa09_vespas_abelhas-1.jpg 1327w\" sizes=\"auto, (max-width: 708px) 100vw, 708px\" \/><\/a>\n\t\t\t<\/dt><\/dl><br style=\"clear: both\" \/><dl class='gallery-item'>\n\t\t\t<dt class='gallery-icon portrait'>\n\t\t\t\t<a href='https:\/\/peabiru.org.br\/en\/a3_mapa10_currais_de_pesca-1\/'><img loading=\"lazy\" decoding=\"async\" width=\"708\" height=\"1024\" src=\"https:\/\/peabiru.org.br\/wp-content\/uploads\/2017\/12\/a3_mapa10_currais_de_pesca-1-708x1024.jpg\" class=\"attachment-large size-large\" alt=\"\" srcset=\"https:\/\/peabiru.org.br\/wp-content\/uploads\/2017\/12\/a3_mapa10_currais_de_pesca-1-708x1024.jpg 708w, https:\/\/peabiru.org.br\/wp-content\/uploads\/2017\/12\/a3_mapa10_currais_de_pesca-1-207x300.jpg 207w, https:\/\/peabiru.org.br\/wp-content\/uploads\/2017\/12\/a3_mapa10_currais_de_pesca-1-768x1111.jpg 768w, https:\/\/peabiru.org.br\/wp-content\/uploads\/2017\/12\/a3_mapa10_currais_de_pesca-1-1062x1536.jpg 1062w, https:\/\/peabiru.org.br\/wp-content\/uploads\/2017\/12\/a3_mapa10_currais_de_pesca-1-1415x2048.jpg 1415w, https:\/\/peabiru.org.br\/wp-content\/uploads\/2017\/12\/a3_mapa10_currais_de_pesca-1.jpg 1327w\" sizes=\"auto, (max-width: 708px) 100vw, 708px\" \/><\/a>\n\t\t\t<\/dt><\/dl><dl class='gallery-item'>\n\t\t\t<dt class='gallery-icon portrait'>\n\t\t\t\t<a href='https:\/\/peabiru.org.br\/en\/a3_mapa11_ictiofauna-1\/'><img loading=\"lazy\" decoding=\"async\" width=\"708\" height=\"1024\" src=\"https:\/\/peabiru.org.br\/wp-content\/uploads\/2017\/12\/a3_mapa11_ictiofauna-1-708x1024.jpg\" class=\"attachment-large size-large\" alt=\"\" srcset=\"https:\/\/peabiru.org.br\/wp-content\/uploads\/2017\/12\/a3_mapa11_ictiofauna-1-708x1024.jpg 708w, https:\/\/peabiru.org.br\/wp-content\/uploads\/2017\/12\/a3_mapa11_ictiofauna-1-207x300.jpg 207w, https:\/\/peabiru.org.br\/wp-content\/uploads\/2017\/12\/a3_mapa11_ictiofauna-1-768x1111.jpg 768w, https:\/\/peabiru.org.br\/wp-content\/uploads\/2017\/12\/a3_mapa11_ictiofauna-1-1062x1536.jpg 1062w, https:\/\/peabiru.org.br\/wp-content\/uploads\/2017\/12\/a3_mapa11_ictiofauna-1-1415x2048.jpg 1415w, https:\/\/peabiru.org.br\/wp-content\/uploads\/2017\/12\/a3_mapa11_ictiofauna-1.jpg 1327w\" sizes=\"auto, (max-width: 708px) 100vw, 708px\" \/><\/a>\n\t\t\t<\/dt><\/dl><dl class='gallery-item'>\n\t\t\t<dt class='gallery-icon portrait'>\n\t\t\t\t<a href='https:\/\/peabiru.org.br\/en\/a3_mapa12_quelonios-1\/'><img loading=\"lazy\" decoding=\"async\" width=\"708\" height=\"1024\" src=\"https:\/\/peabiru.org.br\/wp-content\/uploads\/2017\/12\/a3_mapa12_quelonios-1-708x1024.jpg\" class=\"attachment-large size-large\" alt=\"\" srcset=\"https:\/\/peabiru.org.br\/wp-content\/uploads\/2017\/12\/a3_mapa12_quelonios-1-708x1024.jpg 708w, https:\/\/peabiru.org.br\/wp-content\/uploads\/2017\/12\/a3_mapa12_quelonios-1-207x300.jpg 207w, https:\/\/peabiru.org.br\/wp-content\/uploads\/2017\/12\/a3_mapa12_quelonios-1-768x1111.jpg 768w, https:\/\/peabiru.org.br\/wp-content\/uploads\/2017\/12\/a3_mapa12_quelonios-1-1062x1536.jpg 1062w, https:\/\/peabiru.org.br\/wp-content\/uploads\/2017\/12\/a3_mapa12_quelonios-1-1415x2048.jpg 1415w, https:\/\/peabiru.org.br\/wp-content\/uploads\/2017\/12\/a3_mapa12_quelonios-1.jpg 1327w\" sizes=\"auto, (max-width: 708px) 100vw, 708px\" \/><\/a>\n\t\t\t<\/dt><\/dl><br style=\"clear: both\" \/><dl class='gallery-item'>\n\t\t\t<dt class='gallery-icon portrait'>\n\t\t\t\t<a href='https:\/\/peabiru.org.br\/en\/130161_a3_mapa13_vegetacao_2012\/'><img loading=\"lazy\" decoding=\"async\" width=\"708\" height=\"1024\" src=\"https:\/\/peabiru.org.br\/wp-content\/uploads\/2017\/12\/130161_a3_mapa13_vegetacao_2012-708x1024.jpg\" class=\"attachment-large size-large\" alt=\"\" srcset=\"https:\/\/peabiru.org.br\/wp-content\/uploads\/2017\/12\/130161_a3_mapa13_vegetacao_2012-708x1024.jpg 708w, https:\/\/peabiru.org.br\/wp-content\/uploads\/2017\/12\/130161_a3_mapa13_vegetacao_2012-207x300.jpg 207w, https:\/\/peabiru.org.br\/wp-content\/uploads\/2017\/12\/130161_a3_mapa13_vegetacao_2012-768x1111.jpg 768w, https:\/\/peabiru.org.br\/wp-content\/uploads\/2017\/12\/130161_a3_mapa13_vegetacao_2012-1061x1536.jpg 1061w, https:\/\/peabiru.org.br\/wp-content\/uploads\/2017\/12\/130161_a3_mapa13_vegetacao_2012-1415x2048.jpg 1415w, https:\/\/peabiru.org.br\/wp-content\/uploads\/2017\/12\/130161_a3_mapa13_vegetacao_2012.jpg 1327w\" sizes=\"auto, (max-width: 708px) 100vw, 708px\" \/><\/a>\n\t\t\t<\/dt><\/dl>\n\t\t\t<br style='clear: both' \/>\n\t\t<\/div>\n\n<h6><em>Clique na imagem para ampliar<\/em><\/h6>\n<h3>Mapa de Paisagens do Munic\u00edpio de Curu\u00e7\u00e1<\/h3>\n<h6><img loading=\"lazy\" decoding=\"async\" class=\"aligncenter size-medium wp-image-5814\" src=\"https:\/\/peabiru.org.br\/wp-content\/uploads\/2017\/12\/imagem-mapa-curuccca7acc81.png?w=203\" alt=\"imagem-mapa-curuccca7acc81\" width=\"203\" height=\"300\" srcset=\"https:\/\/peabiru.org.br\/wp-content\/uploads\/2017\/12\/imagem-mapa-curuccca7acc81.png 417w, https:\/\/peabiru.org.br\/wp-content\/uploads\/2017\/12\/imagem-mapa-curuccca7acc81-203x300.png 203w\" sizes=\"auto, (max-width: 203px) 100vw, 203px\" \/><\/h6>\n<h6><em>Clique na imagem para ampliar<\/em><\/h6>\n<h6><\/h6>\n<h6><\/h6>","protected":false},"excerpt":{"rendered":"<p>Mapas da regi\u00e3o do Salgado Paraense produzidos pelo Instituto Peabiru<\/p>","protected":false},"author":2,"featured_media":0,"parent":5795,"menu_order":0,"comment_status":"closed","ping_status":"closed","template":"","meta":{"advanced_seo_description":"","jetpack_seo_html_title":"","jetpack_seo_noindex":false,"footnotes":""},"class_list":["post-5820","page","type-page","status-publish","hentry"],"jetpack_sharing_enabled":true,"_links":{"self":[{"href":"https:\/\/peabiru.org.br\/en\/wp-json\/wp\/v2\/pages\/5820","targetHints":{"allow":["GET"]}}],"collection":[{"href":"https:\/\/peabiru.org.br\/en\/wp-json\/wp\/v2\/pages"}],"about":[{"href":"https:\/\/peabiru.org.br\/en\/wp-json\/wp\/v2\/types\/page"}],"author":[{"embeddable":true,"href":"https:\/\/peabiru.org.br\/en\/wp-json\/wp\/v2\/users\/2"}],"replies":[{"embeddable":true,"href":"https:\/\/peabiru.org.br\/en\/wp-json\/wp\/v2\/comments?post=5820"}],"version-history":[{"count":1,"href":"https:\/\/peabiru.org.br\/en\/wp-json\/wp\/v2\/pages\/5820\/revisions"}],"predecessor-version":[{"id":14665,"href":"https:\/\/peabiru.org.br\/en\/wp-json\/wp\/v2\/pages\/5820\/revisions\/14665"}],"up":[{"embeddable":true,"href":"https:\/\/peabiru.org.br\/en\/wp-json\/wp\/v2\/pages\/5795"}],"wp:attachment":[{"href":"https:\/\/peabiru.org.br\/en\/wp-json\/wp\/v2\/media?parent=5820"}],"curies":[{"name":"wp","href":"https:\/\/api.w.org\/{rel}","templated":true}]}}