{"id":600,"date":"2012-09-17T16:59:26","date_gmt":"2012-09-17T19:59:26","guid":{"rendered":"http:\/\/institutopeabiru.wordpress.com\/?page_id=600"},"modified":"2012-09-17T16:59:26","modified_gmt":"2012-09-17T19:59:26","slug":"cadernos-e-manuais","status":"publish","type":"page","link":"https:\/\/peabiru.org.br\/en\/publicacoes\/cadernos-e-manuais\/","title":{"rendered":"Cadernos e Manuais"},"content":{"rendered":"<p><span style=\"color:#993300;\"><span style=\"color:#000000;\"><strong>1.<\/strong><\/span>\u00a0<span style=\"color:#000000;\"><a href=\"http:\/\/www.slideshare.net\/institutopeabiru\/programa-dend-caderno-de-indicadores-de-sustentabilidade-programa-de-agricultura-familiar\">Programa Dend\u00ea: Caderno de Indicadores de Sustentabilidade. Programa de Agricultura Familiar<\/a><\/span><\/span><br \/>\n<span style=\"color:#993300;\"><span style=\"color:#000000;\"><strong> 2.<\/strong><\/span> <span style=\"color:#000000;\"><a href=\"http:\/\/www.slideshare.net\/institutopeabiru\/casa-davirada-caderno-agenda-21-local\">Casa daVirada: Caderno Agenda 21 Local<\/a><\/span><\/span><br \/>\n<span style=\"color:#993300;\"><span style=\"color:#000000;\"><strong> 3.<\/strong><\/span> <span style=\"color:#000000;\"><a href=\"http:\/\/www.slideshare.net\/institutopeabiru\/indicador-de-sustentabilidade-institucional-para-o-3-setor-um-ferramenta-de-autoaplicao-portugus\">Indicador de Sustentabilidade Institucional para o 3\u00ba Setor. Um ferramenta de auto-aplica\u00e7\u00e3o (Portugu\u00eas)<\/a><\/span><\/span><br \/>\n<span style=\"color:#993300;\"><span style=\"color:#000000;\"><strong> 4.<\/strong><\/span> <span style=\"color:#000000;\"><a href=\"http:\/\/www.slideshare.net\/institutopeabiru\/indicador-de-sustentabilidade-institucional-para-o-3-setor-um-ferramenta-de-autoaplicao-english\">Indicador de Sustentabilidade Institucional para o 3\u00ba Setor. Um ferramenta de auto-aplica\u00e7\u00e3o (English)<\/a><\/span><\/span><br \/>\n<span style=\"color:#993300;\"><span style=\"color:#000000;\"><strong> 5.<\/strong> <a href=\"http:\/\/www.slideshare.net\/institutopeabiru\/indicador-de-sustentabilidade-institucional-para-o-3-setor-um-ferramenta-de-autoaplicao-espaol\">Indicador de Sustentabilidade Institucional para o 3\u00ba Setor. Um ferramenta de auto-aplica\u00e7\u00e3o<\/a><\/span><\/span><span style=\"color:#993300;\"><span style=\"color:#993300;\"><a href=\"http:\/\/www.slideshare.net\/institutopeabiru\/indicador-de-sustentabilidade-institucional-para-o-3-setor-um-ferramenta-de-autoaplicao-espaol\">\u00a0<\/a><span style=\"color:#000000;\"><a href=\"http:\/\/www.slideshare.net\/institutopeabiru\/indicador-de-sustentabilidade-institucional-para-o-3-setor-um-ferramenta-de-autoaplicao-espaol\">(Espa\u00f1ol)<\/a><\/span><\/span><\/span><\/p>","protected":false},"excerpt":{"rendered":"<p>1.\u00a0Programa Dend\u00ea: Caderno de Indicadores de Sustentabilidade. Programa de Agricultura Familiar 2. Casa daVirada: Caderno Agenda 21 Local 3. Indicador de Sustentabilidade Institucional para o 3\u00ba Setor. Um ferramenta de auto-aplica\u00e7\u00e3o (Portugu\u00eas) 4. Indicador de Sustentabilidade Institucional para o 3\u00ba Setor. Um ferramenta de auto-aplica\u00e7\u00e3o (English) 5. Indicador de Sustentabilidade Institucional para o 3\u00ba Setor. [&hellip;]<\/p>","protected":false},"author":2,"featured_media":0,"parent":403,"menu_order":2,"comment_status":"closed","ping_status":"closed","template":"template-fullwidth.php","meta":{"advanced_seo_description":"","jetpack_seo_html_title":"","jetpack_seo_noindex":false,"footnotes":""},"class_list":["post-600","page","type-page","status-publish","hentry"],"jetpack_sharing_enabled":false,"_links":{"self":[{"href":"https:\/\/peabiru.org.br\/en\/wp-json\/wp\/v2\/pages\/600","targetHints":{"allow":["GET"]}}],"collection":[{"href":"https:\/\/peabiru.org.br\/en\/wp-json\/wp\/v2\/pages"}],"about":[{"href":"https:\/\/peabiru.org.br\/en\/wp-json\/wp\/v2\/types\/page"}],"author":[{"embeddable":true,"href":"https:\/\/peabiru.org.br\/en\/wp-json\/wp\/v2\/users\/2"}],"replies":[{"embeddable":true,"href":"https:\/\/peabiru.org.br\/en\/wp-json\/wp\/v2\/comments?post=600"}],"version-history":[{"count":0,"href":"https:\/\/peabiru.org.br\/en\/wp-json\/wp\/v2\/pages\/600\/revisions"}],"up":[{"embeddable":true,"href":"https:\/\/peabiru.org.br\/en\/wp-json\/wp\/v2\/pages\/403"}],"wp:attachment":[{"href":"https:\/\/peabiru.org.br\/en\/wp-json\/wp\/v2\/media?parent=600"}],"curies":[{"name":"wp","href":"https:\/\/api.w.org\/{rel}","templated":true}]}}