{"id":7009,"date":"2019-06-12T16:12:13","date_gmt":"2019-06-12T19:12:13","guid":{"rendered":"http:\/\/peabiru.org.br\/?page_id=7009"},"modified":"2019-06-12T16:12:13","modified_gmt":"2019-06-12T19:12:13","slug":"peabiru-produtos-floresta","status":"publish","type":"page","link":"https:\/\/peabiru.org.br\/en\/peabiru-produtos-floresta\/","title":{"rendered":"Peabiru Produtos da Floresta"},"content":{"rendered":"<div class=\"wp-block-image\"><figure class=\"aligncenter is-resized\"><img loading=\"lazy\" decoding=\"async\" src=\"https:\/\/peabiru.org.br\/wp-content\/uploads\/2018\/02\/logo3.png?w=480\" alt=\"\" class=\"wp-image-5979\" width=\"459\" height=\"459\" srcset=\"https:\/\/peabiru.org.br\/wp-content\/uploads\/2018\/02\/logo3.png 480w, https:\/\/peabiru.org.br\/wp-content\/uploads\/2018\/02\/logo3-300x300.png 300w, https:\/\/peabiru.org.br\/wp-content\/uploads\/2018\/02\/logo3-150x150.png 150w\" sizes=\"auto, (max-width: 459px) 100vw, 459px\" \/><\/figure><\/div>\n\n\n\n<p class=\"has-drop-cap has-text-align-justify\">Mel de abelhas sem ferr\u00e3o, licor de bacuri, farinha de Bragan\u00e7a, chocolate de cacau nativo. Al\u00e9m de sabores \u00fanicos, esses produtos t\u00eam em comum um modo de produ\u00e7\u00e3o que ajuda a manter a floresta Amaz\u00f4nica viva. Apesar da qualidade reconhecida, os produtos da biodiversidade da Amaz\u00f4nia em geral enfrentam uma s\u00e9rie de limitantes de ordem estrutural, como a aus\u00eancia de regulariza\u00e7\u00e3o fundi\u00e1ria, que impossibilita o acesso ao cr\u00e9dito e ao licenciamento dos projetos; a defici\u00eancia da infraestrutura de transporte para o escoamento e de energia para a produ\u00e7\u00e3o de car\u00e1ter comunit\u00e1rio; al\u00e9m da significativa falta de assist\u00eancia t\u00e9cnica para os produtores rurais desenvolverem sua produ\u00e7\u00e3o de forma sustent\u00e1vel.  <br><br>Nos \u00faltimos anos o Instituto Peabiru tem se dedicado \u00e0 atua\u00e7\u00e3o em tem\u00e1ticas que envolvem o beneficiamento da produ\u00e7\u00e3o para comercializa\u00e7\u00e3o, especialmente de produtos e servi\u00e7os quem t\u00eam rela\u00e7\u00e3o com a conserva\u00e7\u00e3o da floresta e componentes ligados \u00e0 origem, social e\/ou territorial. \u201cNos territ\u00f3rios nos quais trabalhamos j\u00e1 h\u00e1 processos produtivos relativamente resolvidos e produtos com qualidade diferenciada. Ao mesmo tempo, existem mercados consumidores para tais produtos. O que falta \u00e9 o&nbsp;<em>link<\/em>&nbsp;entre a produ\u00e7\u00e3o e a comercializa\u00e7\u00e3o\u201d, diz Herm\u00f3genes de S\u00e1, diretor-executivo do Instituto Peabiru. <br><br>Esse elo entre produtos \u00fanicos da Amaz\u00f4nia e seus consumidores \u00e9 a raz\u00e3o de existir da Peabiru Produtos da Floresta. <br><br>A Peabiru Produtos da Floresta \u00e9 uma empresa que conecta produtos de povos e comunidades tradicionais da Amaz\u00f4nia com consumidores que desejam produtos de alta qualidade e que carregam hist\u00f3rias de conserva\u00e7\u00e3o da floresta. Criada em 2018, a Peabiru Produtos da Floresta conta com um espa\u00e7o em Bel\u00e9m (PA) dedicado a produtos da biodiversidade, no qual o consumidor pode adquirir gel\u00e9ias, bebidas e uma s\u00e9rie de outros ingredientes vindos da floresta Amaz\u00f4nica, al\u00e9m de conhecer sua origem e a hist\u00f3ria dos produtores respons\u00e1veis pela sua produ\u00e7\u00e3o. A <em>Loja Peabiru Produtos da Floresta<\/em>, que funciona no bairro do Reduto, \u00e9 mais uma boa op\u00e7\u00e3o na capital paraense para exercer o consumo consciente ajudando a manter a produ\u00e7\u00e3o sustent\u00e1vel na Amaz\u00f4nia.<\/p>\n\n\n\n<h1 class=\"has-text-align-center has-very-dark-gray-color has-text-color wp-block-heading\">Nossos produtos<\/h1>\n\n\n\n<hr class=\"wp-block-separator is-style-dots\" \/>\n\n\n\n<h4 class=\"has-very-dark-gray-color has-text-color wp-block-heading\">Mel de abelhas sem ferr\u00e3o <\/h4>\n\n\n\n<hr class=\"wp-block-separator is-style-default\" \/>\n\n\n\n<div class=\"wp-block-image is-style-default\"><figure class=\"alignright size-large is-resized\"><img loading=\"lazy\" decoding=\"async\" src=\"https:\/\/peabiru.org.br\/wp-content\/uploads\/2020\/11\/em-grupo-destaque-itapiranga-2019.jpg?w=520\" alt=\"\" class=\"wp-image-9262\" width=\"432\" height=\"281\" \/><\/figure><\/div>\n\n\n\n<p class=\"has-drop-cap has-text-align-justify\">Entre in\u00fameros exemplos de produtos t\u00edpicos da regi\u00e3o, como as frutas, farinhas e condimentos da Amaz\u00f4nia, o mel de abelhas sem ferr\u00e3o se destaca por ser um produto de manejo simples, que \u00e9 produzido em harmonia com a floresta e com grande potencial de comercializa\u00e7\u00e3o. Fruto de longo trabalho e da atua\u00e7\u00e3o constante na assist\u00eancia t\u00e9cnica e capacita\u00e7\u00e3o, de forma in\u00e9dita no pa\u00eds, os produtores associados ao Peabiru conquistaram a autoriza\u00e7\u00e3o de manejo, necess\u00e1ria por serem as abelhas animais silvestres e tamb\u00e9m a certifica\u00e7\u00e3o do mel com o Selo de Inspe\u00e7\u00e3o Federal (SIF). Este selo, um dos primeiros concedidos a produtos dessa natureza no Brasil, permite comercializar o mel de abelhas sem ferr\u00e3o no mercado formal em todo o Brasil. <br><br>Diferente do mel de abelhas <em>apis<\/em>, comumente encontrado no mercado, o mel de abelhas mel\u00edponas \u00e9 um mel raro, de origem 100% amaz\u00f4nica, mais aquoso, com menos a\u00e7\u00facar e maior variedade de sabores, diferenciais que conferem a ele o status de iguaria gourmet e que t\u00eam atra\u00eddo chefs da gastronomia brasileira.<br><br>O Mel de abelhas sem ferr\u00e3o da Peabiru Produtos da Floresta \u00e9 um produto  produzido por comunidades tradicionais dos estados do Par\u00e1, Amap\u00e1 e Amazonas com autoriza\u00e7\u00e3o de manejo da fauna silvestre. Dispon\u00edvel em embalagens de 150g e 300g o mel \u00e9 um dos poucos no Brasil com registro no Servi\u00e7o de Inspe\u00e7\u00e3o Federal (SIF).<\/p>\n\n\n\n<hr class=\"wp-block-separator\" \/>\n\n\n\n<p class=\"has-text-align-left has-very-dark-gray-color has-white-background-color has-text-color has-background\" style=\"font-size:19px;\"><strong>Compre agora sem sair de casa!<br><\/strong>Compre online com entrega para todo Brasil em: https:\/\/www.peabiruprodutos.com.br\/<\/p>\n\n\n\n<hr class=\"wp-block-separator\" \/>\n\n\n\n<p>Acesse o release de <a href=\"https:\/\/peabiru.org.br\/wp-content\/uploads\/2019\/05\/190417-release-mel-de-abelhas-sem-ferrc3a3o.pdf\">Lan\u00e7amento do mel de abelhas sem ferr\u00e3o da Peabiru Produtos da Floresta<\/a>.<br>Leia todas as mat\u00e9rias sobre <a href=\"https:\/\/peabiru.org.br\/en\/tag\/peabiru-produtos-da-floresta\/\">Peabiru Produtos da Floresta<\/a> no site.  <\/p>","protected":false},"excerpt":{"rendered":"<p>Mel de abelhas sem ferr\u00e3o, licor de bacuri, farinha de Bragan\u00e7a, chocolate de cacau nativo. Al\u00e9m de sabores \u00fanicos, esses produtos t\u00eam em comum um modo de produ\u00e7\u00e3o que ajuda a manter a floresta Amaz\u00f4nica viva. Apesar da qualidade reconhecida, os produtos da biodiversidade da Amaz\u00f4nia em geral enfrentam uma s\u00e9rie de limitantes de ordem [&hellip;]<\/p>","protected":false},"author":2,"featured_media":5979,"parent":0,"menu_order":0,"comment_status":"closed","ping_status":"closed","template":"template-fullwidth.php","meta":{"advanced_seo_description":"","jetpack_seo_html_title":"","jetpack_seo_noindex":false,"footnotes":""},"class_list":["post-7009","page","type-page","status-publish","has-post-thumbnail","hentry"],"jetpack_sharing_enabled":true,"_links":{"self":[{"href":"https:\/\/peabiru.org.br\/en\/wp-json\/wp\/v2\/pages\/7009","targetHints":{"allow":["GET"]}}],"collection":[{"href":"https:\/\/peabiru.org.br\/en\/wp-json\/wp\/v2\/pages"}],"about":[{"href":"https:\/\/peabiru.org.br\/en\/wp-json\/wp\/v2\/types\/page"}],"author":[{"embeddable":true,"href":"https:\/\/peabiru.org.br\/en\/wp-json\/wp\/v2\/users\/2"}],"replies":[{"embeddable":true,"href":"https:\/\/peabiru.org.br\/en\/wp-json\/wp\/v2\/comments?post=7009"}],"version-history":[{"count":0,"href":"https:\/\/peabiru.org.br\/en\/wp-json\/wp\/v2\/pages\/7009\/revisions"}],"wp:featuredmedia":[{"embeddable":true,"href":"https:\/\/peabiru.org.br\/en\/wp-json\/wp\/v2\/media\/5979"}],"wp:attachment":[{"href":"https:\/\/peabiru.org.br\/en\/wp-json\/wp\/v2\/media?parent=7009"}],"curies":[{"name":"wp","href":"https:\/\/api.w.org\/{rel}","templated":true}]}}