{"id":7250,"date":"2024-07-18T13:39:56","date_gmt":"2024-07-18T16:39:56","guid":{"rendered":"http:\/\/peabiru.org.br\/?page_id=7250"},"modified":"2024-07-18T13:39:56","modified_gmt":"2024-07-18T16:39:56","slug":"biodiversity-conservation","status":"publish","type":"page","link":"https:\/\/peabiru.org.br\/en\/aboutus\/biodiversity-conservation\/","title":{"rendered":"Biodiversity Conservation"},"content":{"rendered":"<figure class=\"wp-block-image size-large\"><img loading=\"lazy\" decoding=\"async\" width=\"800\" height=\"532\" src=\"https:\/\/peabiru.org.br\/wp-content\/uploads\/2017\/06\/dsc_0053.jpg?w=800\" alt=\"\" class=\"wp-image-4375\" srcset=\"https:\/\/peabiru.org.br\/wp-content\/uploads\/2017\/06\/dsc_0053.jpg 800w, https:\/\/peabiru.org.br\/wp-content\/uploads\/2017\/06\/dsc_0053-300x200.jpg 300w, https:\/\/peabiru.org.br\/wp-content\/uploads\/2017\/06\/dsc_0053-768x511.jpg 768w\" sizes=\"auto, (max-width: 800px) 100vw, 800px\" \/><\/figure>\n\n\n\n<hr class=\"wp-block-separator\" \/>\n\n\n\n<p style=\"text-align:justify;\"><strong>4. Biodiversity Conservation<\/strong> \u2013 to increase knowledge about the biodiversity of the Amazon biome, especially the Bel\u00e9m Endemism Center (portion of the Amazon in the states of Maranh\u00e3o and Par\u00e1, east of the Tocantins River); contributing to the conservation of public and private conservation areas; and to promote environmental education. Highlights: ProGoeldi Program for the revitalization of Goeldi Museum\u2019s Zoobotanical Park, in Bel\u00e9m, Par\u00e1; Conservation of Mangroves; and Conservation of pollinators, especially non-stinging bees.<\/p>","protected":false},"excerpt":{"rendered":"<p>Peabiru Institute works through the Biodiversity Conservation \u2013 to increase knowledge about the biodiversity of the Amazon biome, especially the Bel\u00e9m Endemism Center<\/p>","protected":false},"author":2,"featured_media":0,"parent":2703,"menu_order":0,"comment_status":"open","ping_status":"closed","template":"template-fullwidth.php","meta":{"advanced_seo_description":"","jetpack_seo_html_title":"","jetpack_seo_noindex":false,"footnotes":""},"class_list":["post-7250","page","type-page","status-publish","hentry"],"jetpack_sharing_enabled":false,"_links":{"self":[{"href":"https:\/\/peabiru.org.br\/en\/wp-json\/wp\/v2\/pages\/7250","targetHints":{"allow":["GET"]}}],"collection":[{"href":"https:\/\/peabiru.org.br\/en\/wp-json\/wp\/v2\/pages"}],"about":[{"href":"https:\/\/peabiru.org.br\/en\/wp-json\/wp\/v2\/types\/page"}],"author":[{"embeddable":true,"href":"https:\/\/peabiru.org.br\/en\/wp-json\/wp\/v2\/users\/2"}],"replies":[{"embeddable":true,"href":"https:\/\/peabiru.org.br\/en\/wp-json\/wp\/v2\/comments?post=7250"}],"version-history":[{"count":1,"href":"https:\/\/peabiru.org.br\/en\/wp-json\/wp\/v2\/pages\/7250\/revisions"}],"predecessor-version":[{"id":14632,"href":"https:\/\/peabiru.org.br\/en\/wp-json\/wp\/v2\/pages\/7250\/revisions\/14632"}],"up":[{"embeddable":true,"href":"https:\/\/peabiru.org.br\/en\/wp-json\/wp\/v2\/pages\/2703"}],"wp:attachment":[{"href":"https:\/\/peabiru.org.br\/en\/wp-json\/wp\/v2\/media?parent=7250"}],"curies":[{"name":"wp","href":"https:\/\/api.w.org\/{rel}","templated":true}]}}