{"id":7918,"date":"2024-07-18T15:13:16","date_gmt":"2024-07-18T18:13:16","guid":{"rendered":"http:\/\/peabiru.org.br\/?page_id=7918"},"modified":"2024-07-18T15:13:16","modified_gmt":"2024-07-18T18:13:16","slug":"covid19","status":"publish","type":"page","link":"https:\/\/peabiru.org.br\/en\/covid19\/","title":{"rendered":"Enfrentamento Covid-19"},"content":{"rendered":"<h2 class=\"has-text-align-center wp-block-heading\" style=\"font-size:50px\">Instituto Peabiru no enfrentamento \u00e0 Covid-19<\/h2>\n\n\n\n<div style=\"height:32px\" aria-hidden=\"true\" class=\"wp-block-spacer desktop-only\"><\/div>\n\n\n\n<div class=\"wp-block-columns alignwide has-3-columns is-layout-flex wp-container-core-columns-is-layout-9d6595d7 wp-block-columns-is-layout-flex\">\n<div class=\"wp-block-column is-layout-flow wp-block-column-is-layout-flow\"><div class=\"wp-block-image\">\n<figure class=\"aligncenter size-large is-resized\"><img loading=\"lazy\" decoding=\"async\" src=\"https:\/\/peabiru.org.br\/wp-content\/uploads\/2018\/05\/dscf63921.jpg?w=1400\" alt=\"\" class=\"wp-image-6229\" width=\"283\" height=\"214\"\/><\/figure>\n<\/div>\n\n\n<h3 class=\"has-text-align-left wp-block-heading\">Campanhas<\/h3>\n\n\n\n<p class=\"has-small-font-size\">Trabalho direto junto a organiza\u00e7\u00f5es sociais de base em territ\u00f3rios amaz\u00f4nicos para doa\u00e7\u00f5es e apoio emergencial atrav\u00e9s de campanhas de arrecada\u00e7\u00e3o.<\/p>\n<\/div>\n\n\n\n<div class=\"wp-block-column is-layout-flow wp-block-column-is-layout-flow\"><div class=\"wp-block-image\">\n<figure class=\"aligncenter size-large is-resized\"><img loading=\"lazy\" decoding=\"async\" src=\"https:\/\/peabiru.org.br\/wp-content\/uploads\/2020\/05\/photo-1583947582886-f40ec95dd752.jpg?w=1575\" alt=\"\" class=\"wp-image-7886\" width=\"342\" height=\"228\" srcset=\"https:\/\/peabiru.org.br\/wp-content\/uploads\/2020\/05\/photo-1583947582886-f40ec95dd752.jpg 1620w, https:\/\/peabiru.org.br\/wp-content\/uploads\/2020\/05\/photo-1583947582886-f40ec95dd752-300x200.jpg 300w, https:\/\/peabiru.org.br\/wp-content\/uploads\/2020\/05\/photo-1583947582886-f40ec95dd752-1024x683.jpg 1024w, https:\/\/peabiru.org.br\/wp-content\/uploads\/2020\/05\/photo-1583947582886-f40ec95dd752-768x512.jpg 768w, https:\/\/peabiru.org.br\/wp-content\/uploads\/2020\/05\/photo-1583947582886-f40ec95dd752-1536x1024.jpg 1536w\" sizes=\"auto, (max-width: 342px) 100vw, 342px\" \/><\/figure>\n<\/div>\n\n\n<h3 class=\"has-text-align-left wp-block-heading\">Preven\u00e7\u00e3o<\/h3>\n\n\n\n<p class=\"has-small-font-size\">Realiza\u00e7\u00e3o de a\u00e7\u00f5es de preven\u00e7\u00e3o e conscientiza\u00e7\u00e3o sobre a Covid-19 direcionadas \u00e0s popula\u00e7\u00f5es nas \u00e1reas de atua\u00e7\u00e3o em parceria com organiza\u00e7\u00f5es do terceiro setor e iniciativa privada.<\/p>\n<\/div>\n\n\n\n<div class=\"wp-block-column is-layout-flow wp-block-column-is-layout-flow\"><div class=\"wp-block-image\">\n<figure class=\"aligncenter size-large\"><img loading=\"lazy\" decoding=\"async\" width=\"700\" height=\"525\" src=\"https:\/\/peabiru.org.br\/wp-content\/uploads\/2018\/06\/viva-curr-ac3a7ac3adfamc3adlia-foto-monte.jpg?w=700\" alt=\"\" class=\"wp-image-6317\" srcset=\"https:\/\/peabiru.org.br\/wp-content\/uploads\/2018\/06\/viva-curr-ac3a7ac3adfamc3adlia-foto-monte.jpg 700w, https:\/\/peabiru.org.br\/wp-content\/uploads\/2018\/06\/viva-curr-ac3a7ac3adfamc3adlia-foto-monte-300x225.jpg 300w\" sizes=\"auto, (max-width: 700px) 100vw, 700px\" \/><\/figure>\n<\/div>\n\n\n<h3 class=\"has-text-align-left wp-block-heading\">Informa\u00e7\u00e3o<\/h3>\n\n\n\n<p class=\"has-small-font-size\">Produ\u00e7\u00e3o de material t\u00e9cnico e conte\u00fado informativo sobre impacto da pandemia de Covid-19 nos territ\u00f3rios amaz\u00f4nicos.<\/p>\n<\/div>\n<\/div>\n\n\n\n<hr class=\"wp-block-separator has-css-opacity is-style-wide\"\/>\n\n\n\n<div style=\"height:100px\" aria-hidden=\"true\" class=\"wp-block-spacer\"><\/div>\n\n\n\n<h2 class=\"has-text-align-center wp-block-heading\" style=\"font-size:50px\"><strong>A\u00e7\u00f5es em curso<\/strong><\/h2>\n\n\n\n<hr class=\"wp-block-separator has-css-opacity is-style-wide\"\/>\n\n\n\n<p class=\"has-text-align-center has-very-dark-gray-color has-very-light-gray-background-color has-text-color has-background\" style=\"font-size:35px\"><strong>Comit\u00ea Covid-19<\/strong><\/p>\n\n\n\n<p class=\"has-text-align-center\" style=\"font-size:12px\">O Instituto Peabiru formou um Comit\u00ea interno para condu\u00e7\u00e3o de a\u00e7\u00f5es de enfrentamento \u00e0 propaga\u00e7\u00e3o da Covid-19, doen\u00e7a causada pelo coronav\u00edrus SARS-CoV-2. O comit\u00ea tem trabalhado na condu\u00e7\u00e3o de campanhas de doa\u00e7\u00e3o, apoio a comunidades e territ\u00f3rios de atua\u00e7\u00e3o do Peabiru afetados pela pandemia e na produ\u00e7\u00e3o de material t\u00e9cnico sobre o cen\u00e1rio das cadeias de valor amaz\u00f4nicas na pandemia.<\/p>\n\n\n\n<p class=\"has-text-align-center\" style=\"font-size:12px\"><strong>Artigo <\/strong><br><strong><a href=\"https:\/\/peabiru.org.br\/wp-content\/uploads\/2020\/06\/200605-artigo-pandemia-agricultura-familiar.pdf\">Pandemia, Agricultura familiar e Seguran\u00e7a alimentar na Amaz\u00f4nia<\/a><\/strong><\/p>\n\n\n\n<hr class=\"wp-block-separator has-css-opacity is-style-wide\"\/>\n\n\n\n<p class=\"has-text-align-center has-black-color has-text-color has-background\" style=\"background-color:#eeeeee;font-size:35px\"><strong>Radar das iniciativas no Maraj\u00f3<\/strong><\/p>\n\n\n\n<hr class=\"wp-block-separator has-text-color has-white-color has-css-opacity has-white-background-color has-background\"\/>\n\n\n\n<p class=\"has-text-align-center\" style=\"font-size:12px\">O Instituto Peabiru est\u00e1 colaborando com organiza\u00e7\u00f5es e movimentos locais dos territ\u00f3rios em que atua para dar visibilidade aos contextos e demandas dessas localidades na pandemia de Covid-19. Atuando h\u00e1 mais de uma d\u00e9cada no territ\u00f3rio do Maraj\u00f3, destacamos aqui o cen\u00e1rio que enfrentam os munic\u00edpios marajoaras e iniciativas de apoio para a regi\u00e3o.<\/p>\n\n\n\n<p class=\"has-text-align-center has-black-color has-text-color\" style=\"font-size:12px\"><strong>Acompanhe em <a href=\"https:\/\/peabiru.org.br\/en\/covid-marajo\/\">peabiru.org.br\/covid-marajo<\/a><\/strong><\/p>\n\n\n\n<hr class=\"wp-block-separator has-text-color has-white-color has-css-opacity has-white-background-color has-background\"\/>\n\n\n\n<hr class=\"wp-block-separator has-css-opacity is-style-wide\"\/>\n\n\n\n<p class=\"has-text-align-center has-very-dark-gray-color has-text-color has-background\" style=\"background-color:#eeeeee;font-size:35px\"><strong>Campanha #AjudeQuilombolas<\/strong><\/p>\n\n\n\n<p class=\"has-text-align-center\" style=\"font-size:12px\">Campanha tem por objetivo apoiar comunidades quilombolas em Abaetetuba, Barcarena, Moju e Salvaterra na compra de alimentos para abastecimento de mais de 900 fam\u00edlias em cinco territ\u00f3rios quilombolas. Promovida pela MALUNGU (Coordena\u00e7\u00e3o Estadual das Associa\u00e7\u00f5es das Comunidades Remanescentes de Quilombo do Par\u00e1) a campanha \u00e9 apoiada pela ECAM (Equipe de Conserva\u00e7\u00e3o da Amaz\u00f4nia) e pelo Instituto Peabiru, este respons\u00e1vel pela gest\u00e3o dos recursos e transpar\u00eancia dos repasses da campanha. A campanha encerrou sua fase de arrecada\u00e7\u00e3o no site Vakinha.com em <strong>7 de maio<\/strong>, seguindo para etapa de compra e destina\u00e7\u00e3o segura dos itens.<\/p>\n\n\n\n<p class=\"has-text-align-center\" style=\"font-size:12px\"><strong>Total doa\u00e7\u00f5es<\/strong><br>(at\u00e9 7 de maio de 2020)<br><strong>103<\/strong><\/p>\n\n\n\n<p class=\"has-text-align-center\" style=\"font-size:12px\"><strong>Valor total arrecadado<\/strong> <br>(sem desconto das taxas administrativas da plataforma online): <br><strong>R$12.270,00<\/strong><\/p>\n\n\n\n<ul class=\"wp-block-jetpack-timeline\">\n\n<li style=\"background-color:#f2f2f2;\" class=\"wp-block-jetpack-timeline-item\"><div class=\"timeline-item\"><div class=\"timeline-item__bubble\" style=\"border-color:#f2f2f2;\"><\/div><div class=\"timeline-item__dot\" style=\"background-color:#f2f2f2;\"><\/div>\n\n<h2 class=\"has-very-dark-gray-color has-text-color has-background wp-block-heading\" style=\"line-height:1.2;background-color:#f2f2f2;\">Acompanhe o andamento da Campanha #AjudeQuilombolas<\/h2>\n\n<\/div><\/li>\n\n\n<li style=\"background-color:#f2f2f2;\" class=\"wp-block-jetpack-timeline-item\"><div class=\"timeline-item\"><div class=\"timeline-item__bubble\" style=\"border-color:#f2f2f2;\"><\/div><div class=\"timeline-item__dot\" style=\"background-color:#f2f2f2;\"><\/div>\n\n<h4 class=\"has-small-font-size wp-block-heading\" style=\"line-height:1;\">13 de abril &#8211; In\u00edcio da campanha no site <a href=\"http:\/\/vaka.me\/977187\">Vakinha.com <\/a><\/h4>\n\n<\/div><\/li>\n\n\n<li style=\"background-color:#f2f2f2;\" class=\"wp-block-jetpack-timeline-item\"><div class=\"timeline-item\"><div class=\"timeline-item__bubble\" style=\"border-color:#f2f2f2;\"><\/div><div class=\"timeline-item__dot\" style=\"background-color:#f2f2f2;\"><\/div>\n\n<h4 class=\"has-small-font-size wp-block-heading\" style=\"line-height:1;\">27 de abril &#8211; Doa\u00e7\u00e3o do Sindicato dos Auditores Fiscais no valor de R$4.166,67<\/h4>\n\n<\/div><\/li>\n\n\n<li style=\"background-color:#f2f2f2;\" class=\"wp-block-jetpack-timeline-item\"><div class=\"timeline-item\"><div class=\"timeline-item__bubble\" style=\"border-color:#f2f2f2;\"><\/div><div class=\"timeline-item__dot\" style=\"background-color:#f2f2f2;\"><\/div>\n\n<h4 class=\"has-small-font-size wp-block-heading\" style=\"line-height:1;\">5 de maio &#8211; Fim da arrecada\u00e7\u00e3o na plataforma Vakinha.com<\/h4>\n\n<\/div><\/li>\n\n\n<li style=\"background-color:#f2f2f2;\" class=\"wp-block-jetpack-timeline-item\"><div class=\"timeline-item\"><div class=\"timeline-item__bubble\" style=\"border-color:#f2f2f2;\"><\/div><div class=\"timeline-item__dot\" style=\"background-color:#f2f2f2;\"><\/div>\n\n<h4 class=\"has-small-font-size wp-block-heading\" style=\"line-height:1;\">6 de maio &#8211; Presta\u00e7\u00e3o de contas do total arrecadado com o Comit\u00ea das Comunidades Quilombolas<\/h4>\n\n<\/div><\/li>\n\n\n<li style=\"background-color:#f2f2f2;\" class=\"wp-block-jetpack-timeline-item\"><div class=\"timeline-item\"><div class=\"timeline-item__bubble\" style=\"border-color:#f2f2f2;\"><\/div><div class=\"timeline-item__dot\" style=\"background-color:#f2f2f2;\"><\/div>\n\n<h4 class=\"has-small-font-size wp-block-heading\" style=\"line-height:1;\">At\u00e9 15 de maio &#8211; Valida\u00e7\u00e3o com o Comit\u00ea Quilombola dos itens a serem doados e organiza\u00e7\u00e3o da log\u00edstica de entrega<\/h4>\n\n<\/div><\/li>\n\n\n<li style=\"background-color:#eeeeee;\" class=\"wp-block-jetpack-timeline-item\"><div class=\"timeline-item\"><div class=\"timeline-item__bubble\" style=\"border-color:#eeeeee;\"><\/div><div class=\"timeline-item__dot\" style=\"background-color:#eeeeee;\"><\/div>\n\n<p class=\"has-small-font-size\"><strong>27 de maio &#8211; Libera\u00e7\u00e3o dos recursos arrecadados na campanha virtual para saque<\/strong><\/p>\n\n<\/div><\/li>\n\n\n<li style=\"background-color:#eeeeee;\" class=\"wp-block-jetpack-timeline-item\"><div class=\"timeline-item\"><div class=\"timeline-item__bubble\" style=\"border-color:#eeeeee;\"><\/div><div class=\"timeline-item__dot\" style=\"background-color:#eeeeee;\"><\/div>\n\n<p class=\"has-small-font-size\"><strong>1 de junho &#8211; Recebimento dos recursos arrecadados na campanha virtual.  Valor l\u00edquido: R$ 11.428,22<\/strong><\/p>\n\n<\/div><\/li>\n\n\n<li style=\"background-color:#eeeeee;\" class=\"wp-block-jetpack-timeline-item\"><div class=\"timeline-item\"><div class=\"timeline-item__bubble\" style=\"border-color:#eeeeee;\"><\/div><div class=\"timeline-item__dot\" style=\"background-color:#eeeeee;\"><\/div>\n\n<p class=\"has-small-font-size\"><strong>19 de junho<\/strong> &#8211; <strong>Compra de 227 cestas b\u00e1sicas para doa\u00e7\u00e3o \u00e0s comunidades<\/strong><\/p>\n\n<\/div><\/li>\n\n\n<li style=\"background-color:#eeeeee;\" class=\"wp-block-jetpack-timeline-item\"><div class=\"timeline-item\"><div class=\"timeline-item__bubble\" style=\"border-color:#eeeeee;\"><\/div><div class=\"timeline-item__dot\" style=\"background-color:#eeeeee;\"><\/div>\n\n<p class=\"has-small-font-size\"><strong>26 de junho &#8211; Entrega das cestas em 6 comunidades quilombolas<\/strong><\/p>\n\n\n<p class=\"has-small-font-size\"><strong>Acesse <a href=\"https:\/\/peabiru.org.br\/wp-content\/uploads\/2020\/07\/relatc3b3rio-final-campanha-e28093-apoio-c3a0s-comunidades-quilombolas-no-parc3a1.pdf\">Relat\u00f3rio completo da Campanha<\/a><\/strong><\/p>\n\n<\/div><\/li>\n\n<\/ul>\n\n\n\n<p class=\"has-text-align-center\" style=\"font-size:12px\"><strong><a href=\"https:\/\/peabiru.org.br\/en\/2020\/04\/07\/organizacoes-quilombolas-do-para-lancam-campanha-de-arrecadacao-online-para-enfrentamento-da-crise-do-coronavirus\/\">See more<\/a><\/strong><\/p>\n\n\n\n<hr class=\"wp-block-separator has-css-opacity is-style-wide\"\/>\n\n\n\n<h1 class=\"has-text-align-center has-very-dark-gray-color has-very-light-gray-background-color has-text-color has-background wp-block-heading\" style=\"font-size:35px\"><strong>Apoio \u00e0 Ilha de Cotijuba<\/strong><\/h1>\n\n\n\n<p class=\"has-text-align-center\" style=\"font-size:12px\">A Ilha de Cotijuba \u00e9 um importante destino tur\u00edstico, distante 40 minutos da capital paraense, com acesso por barco partindo do distrito belenense de Icoaraci. Por ter parte significativa da sua renda vinculada ao turismo, a localidade tem sofrido forte impacto econ\u00f4mico com as medidas de isolamento social. A comunidade da Ilha est\u00e1 mobilizando apoio local atrav\u00e9s do Movimento das Mulheres das Ilhas de Bel\u00e9m, associa\u00e7\u00e3o local sem fins lucrativos, que atua desde 2001 nos temas de g\u00eanero e direito das mulheres, bem como nas quest\u00f5es ligadas ao meio ambiente e ao desenvolvimento social da Ilha de Cotijuba e das ilhas do entorno (Jutuba, Paquet\u00e1, Ilha Nova e Urubuoca). <br><br>O MMIB est\u00e1 recebendo doa\u00e7\u00f5es para confec\u00e7\u00e3o de m\u00e1scaras por costureiras locais e distribui\u00e7\u00e3o de itens de higiene podem ser direcionadas para a conta do MMIB. <br><br><strong>MMIB \u2013 Movimento de Mulheres das Ilhas de Bel\u00e9m<\/strong><br>Banco do Brasil<br>Ag 11835 CC 17 477-7<br>CNPJ 05.963.876.0001-57<br><br>Contato direto com a organiza\u00e7\u00e3o pode ser feito atrav\u00e9s dos canais:<br>&nbsp;<strong>Email&nbsp;<a href=\"mailto:mmibcotijuba17@gmail.com\">mmibcotijuba17@gmail.com<\/a><\/strong>&nbsp;<br><strong>Whatsapp +55 91 9321-9719<\/strong>&nbsp;(n\u00famero dispon\u00edvel somente para mensagens)<br><\/p>\n\n\n\n<hr class=\"wp-block-separator has-css-opacity is-style-wide\"\/>\n\n\n\n<h1 class=\"has-text-align-center has-very-dark-gray-color has-very-light-gray-background-color has-text-color has-background wp-block-heading\" style=\"font-size:35px\"><strong>Pontos itinerantes de higieniza\u00e7\u00e3o<\/strong><\/h1>\n\n\n\n<p class=\"has-text-align-center\" style=\"font-size:12px\">O projeto de pias itinerantes apresentado pelo <strong><a href=\"https:\/\/laboratoriodacidade.org\/\">Laborat\u00f3rio da Cidade<\/a><\/strong> em parceria com o Instituto Peabiru foi aprovado pela \u201cChamada P\u00fablica para Apoio a A\u00e7\u00f5es Emergenciais junto a popula\u00e7\u00f5es vulner\u00e1veis\u201d da Funda\u00e7\u00e3o Oswaldo Cruz \u2013 Fiocruz, do Minist\u00e9rio da Sa\u00fade. O projeto ir\u00e1 promover medidas de higieniza\u00e7\u00e3o pessoal e coletiva como forma de combater a propaga\u00e7\u00e3o do Covid-19 em Bel\u00e9m. Com a previs\u00e3o de instala\u00e7\u00e3o de ao menos 10 pias de uso p\u00fablico, com \u00e1gua e sab\u00e3o, em \u00e1reas estrat\u00e9gicas da cidade, consideradas socioambientalmente vulner\u00e1veis. <\/p>\n\n\n\n<p class=\"has-text-align-center\" style=\"font-size:12px\"><strong><a href=\"https:\/\/peabiru.org.br\/en\/2020\/05\/08\/peabiru-e-laboratorio-da-cidade-tem-projeto-de-combate-a-propagacao-do-covid-19-selecionado-pela-fiocruz\/\">See more<\/a><\/strong><\/p>\n\n\n\n<hr class=\"wp-block-separator has-css-opacity is-style-wide\"\/>\n\n\n\n<div style=\"height:32px\" aria-hidden=\"true\" class=\"wp-block-spacer desktop-only\"><\/div>\n\n\n\n<h2 class=\"has-text-align-center has-very-dark-gray-color has-very-light-gray-background-color has-text-color has-background wp-block-heading\" style=\"font-size:35px\">Capacita\u00e7\u00e3o aos munic\u00edpios atrav\u00e9s do <strong>Selo UNICEF<\/strong><\/h2>\n\n\n\n<p class=\"has-text-align-center\" style=\"font-size:12px\">Adequando as a\u00e7\u00f5es previstas ao cen\u00e1rio de pandemia do novo coronav\u00edrus (Covid-19) o <strong><a href=\"http:\/\/selounicef.org.br\/\">Selo UNICEF<\/a><\/strong> realizou seu&nbsp;<strong>6\u00ba Ciclo de capacita\u00e7\u00f5es integralmente online<\/strong>. Dividido em dois momentos, a primeira etapa do j\u00e1 est\u00e1 dispon\u00edvel no site do Selo UNICEF. Gestores municipais e comiss\u00f5es intersetoriais t\u00eam a sua disposi\u00e7\u00e3o 8 m\u00f3dulos com 12 videoaulas,  gravados pelos especialistas do UNICEF, com conte\u00fados relacionados \u00e0s orienta\u00e7\u00f5es sobre as comprova\u00e7\u00f5es necess\u00e1rias para alcan\u00e7ar o Selo UNICEF e para a resposta \u00e0 pandemia de Covid-19.<\/p>\n\n\n\n<p class=\"has-text-align-center\" style=\"font-size:12px\"><strong><a href=\"http:\/\/selounicef.org.br\/agenda\/sexto-ciclo-ead\">Acesse o conte\u00fado<\/a><\/strong><\/p>\n\n\n\n<hr class=\"wp-block-separator has-css-opacity is-style-wide\"\/>\n\n\n\n<h2 class=\"has-text-align-center has-very-dark-gray-color has-very-light-gray-background-color has-text-color has-background wp-block-heading\" style=\"font-size:35px\"><strong>Mapeamento de a\u00e7\u00f5es no Par\u00e1<\/strong><\/h2>\n\n\n\n<hr class=\"wp-block-separator has-css-opacity is-style-wide\"\/>\n\n\n\n<p class=\"has-text-align-center\" style=\"font-size:12px\">O Instituto Peabiru realizou um levantamento de iniciativas e a\u00e7\u00f5es que organiza\u00e7\u00f5es n\u00e3o governamentais e empresas t\u00eam promovido em enfrentamento ao coronav\u00edrus em diferentes regi\u00f5es do Par\u00e1. O mapeamento \u00e9 atualizado semanalmente e aceita sugest\u00f5es para inclus\u00e3o (atrav\u00e9s do email <strong>comunica@peabiru.org.br<\/strong>).<\/p>\n\n\n\n<p class=\"has-text-align-center\" style=\"font-size:12px\"><strong><a href=\"https:\/\/peabiru.org.br\/en\/2020\/05\/13\/acoes-de-organizacoes-nao-governamentais-e-da-iniciativa-privada-se-somam-no-enfrentamento-ao-coronavirus-no-para\/\">Acompanhe as a\u00e7\u00f5es<\/a><\/strong><\/p>\n\n\n\n<hr class=\"wp-block-separator has-css-opacity is-style-wide\"\/>\n\n\n\n<hr class=\"wp-block-separator has-text-color has-css-opacity has-background\" style=\"background-color:#ffffff;color:#ffffff\"\/>\n\n\n\n<div style=\"height:100px\" aria-hidden=\"true\" class=\"wp-block-spacer\"><\/div>\n\n\n\n<h2 class=\"has-text-align-center wp-block-heading\" style=\"font-size:50px\">Apoie nossas a\u00e7\u00f5es!<\/h2>\n\n\n\n<div class=\"wp-block-button aligncenter\"><a class=\"wp-block-button__link has-very-light-gray-color has-very-dark-gray-background-color has-text-color has-background\" href=\"mailto:comunica@peabiru.org.br\" rel=\"comunica@peabiru.org.br\">Entre em contato!<\/a><\/div>\n\n\n\n<div style=\"height:32px\" aria-hidden=\"true\" class=\"wp-block-spacer desktop-only\"><\/div>\n\n\n\n<hr class=\"wp-block-separator has-css-opacity is-style-wide\"\/>\n\n\n\n<p><\/p>","protected":false},"excerpt":{"rendered":"<p>A\u00e7\u00f5es do Instituto Peabiru no enfrentamento \u00e0 Covid-19.<\/p>","protected":false},"author":2,"featured_media":6229,"parent":0,"menu_order":0,"comment_status":"closed","ping_status":"closed","template":"template-fullwidth.php","meta":{"advanced_seo_description":"","jetpack_seo_html_title":"","jetpack_seo_noindex":false,"footnotes":""},"class_list":["post-7918","page","type-page","status-publish","has-post-thumbnail","hentry"],"jetpack_sharing_enabled":true,"_links":{"self":[{"href":"https:\/\/peabiru.org.br\/en\/wp-json\/wp\/v2\/pages\/7918","targetHints":{"allow":["GET"]}}],"collection":[{"href":"https:\/\/peabiru.org.br\/en\/wp-json\/wp\/v2\/pages"}],"about":[{"href":"https:\/\/peabiru.org.br\/en\/wp-json\/wp\/v2\/types\/page"}],"author":[{"embeddable":true,"href":"https:\/\/peabiru.org.br\/en\/wp-json\/wp\/v2\/users\/2"}],"replies":[{"embeddable":true,"href":"https:\/\/peabiru.org.br\/en\/wp-json\/wp\/v2\/comments?post=7918"}],"version-history":[{"count":2,"href":"https:\/\/peabiru.org.br\/en\/wp-json\/wp\/v2\/pages\/7918\/revisions"}],"predecessor-version":[{"id":14720,"href":"https:\/\/peabiru.org.br\/en\/wp-json\/wp\/v2\/pages\/7918\/revisions\/14720"}],"wp:featuredmedia":[{"embeddable":true,"href":"https:\/\/peabiru.org.br\/en\/wp-json\/wp\/v2\/media\/6229"}],"wp:attachment":[{"href":"https:\/\/peabiru.org.br\/en\/wp-json\/wp\/v2\/media?parent=7918"}],"curies":[{"name":"wp","href":"https:\/\/api.w.org\/{rel}","templated":true}]}}