{"id":8158,"date":"2024-07-18T14:00:33","date_gmt":"2024-07-18T17:00:33","guid":{"rendered":"http:\/\/peabiru.org.br\/?page_id=8158"},"modified":"2024-07-18T14:00:33","modified_gmt":"2024-07-18T17:00:33","slug":"covid-marajo","status":"publish","type":"page","link":"https:\/\/peabiru.org.br\/en\/covid-marajo\/","title":{"rendered":"Covid 19 e Maraj\u00f3"},"content":{"rendered":"<figure class=\"wp-block-image alignfull size-large\"><img loading=\"lazy\" decoding=\"async\" width=\"800\" height=\"271\" src=\"https:\/\/peabiru.org.br\/wp-content\/uploads\/2013\/04\/detalhe-pescador-foto-naiana-thiely.jpg?w=800\" alt=\"\" class=\"wp-image-1832\" srcset=\"https:\/\/peabiru.org.br\/wp-content\/uploads\/2013\/04\/detalhe-pescador-foto-naiana-thiely.jpg 800w, https:\/\/peabiru.org.br\/wp-content\/uploads\/2013\/04\/detalhe-pescador-foto-naiana-thiely-300x102.jpg 300w, https:\/\/peabiru.org.br\/wp-content\/uploads\/2013\/04\/detalhe-pescador-foto-naiana-thiely-768x260.jpg 768w\" sizes=\"auto, (max-width: 800px) 100vw, 800px\" \/><figcaption>Foto: Naylana Thiely.<\/figcaption><\/figure>\n\n\n\n<div style=\"height:32px\" aria-hidden=\"true\" class=\"wp-block-spacer desktop-only\"><\/div>\n\n\n\n<p><\/p>\n\n\n\n<h1 class=\"has-text-align-center wp-block-heading\" style=\"font-size:35px\">#COVID19 <strong>O que est\u00e1 acontecendo no Maraj\u00f3?<\/strong><\/h1>\n\n\n\n<hr class=\"wp-block-separator has-text-color has-white-color has-css-opacity has-white-background-color has-background\"\/>\n\n\n\n<hr class=\"wp-block-separator has-css-opacity\"\/>\n\n\n\n<p>O Instituto Peabiru est\u00e1 colaborando com organiza\u00e7\u00f5es e movimentos locais dos territ\u00f3rios em que atua para dar visibilidade aos contextos e demandas dessas localidades na pandemia de Covid-19. Atuando h\u00e1 mais de uma d\u00e9cada no territ\u00f3rio do Maraj\u00f3, destacamos aqui o cen\u00e1rio que enfrentam os munic\u00edpios marajoaras e iniciativas de apoio para a regi\u00e3o.<\/p>\n\n\n\n<p>A regi\u00e3o do Maraj\u00f3 tem sido duramente atingida pela Covid-19. De acordo com dados da pesquisa Epicovid-19 da Universidade Federal de Pelotas (UFPel), Breves \u00e9 o munic\u00edpio com maior propor\u00e7\u00e3o de casos confirmados da doen\u00e7a no Brasil. Ainda conforme o estudo, 24,8% da popula\u00e7\u00e3o brevense j\u00e1 desenvolveu anticorpos contra a doen\u00e7a \u2013 isso indica que cerca de \u00bc da popula\u00e7\u00e3o contraiu Covid-19. <\/p>\n\n\n\n<p style=\"font-size:14px\">Nesse contexto de dissemina\u00e7\u00e3o do v\u00edrus, iniciativas voltadas \u00e0 preven\u00e7\u00e3o e controle do v\u00edrus s\u00e3o de extrema import\u00e2ncia.<\/p>\n\n\n\n<hr class=\"wp-block-separator has-css-opacity is-style-wide\"\/>\n\n\n\n<h2 class=\"wp-block-heading\" style=\"font-size:30px\">Campanha Maraj\u00f3 vivo<\/h2>\n\n\n\n<hr class=\"wp-block-separator has-text-color has-white-color has-css-opacity has-white-background-color has-background\"\/>\n\n\n<div class=\"wp-block-image\">\n<figure class=\"aligncenter is-resized\"><img loading=\"lazy\" decoding=\"async\" src=\"https:\/\/peabiru.org.br\/wp-content\/uploads\/2020\/06\/marajc3b3vivo.jpeg?w=900\" alt=\"\" class=\"wp-image-8168\" width=\"277\" height=\"277\" srcset=\"https:\/\/peabiru.org.br\/wp-content\/uploads\/2020\/06\/marajc3b3vivo.jpeg 900w, https:\/\/peabiru.org.br\/wp-content\/uploads\/2020\/06\/marajc3b3vivo-300x300.jpeg 300w, https:\/\/peabiru.org.br\/wp-content\/uploads\/2020\/06\/marajc3b3vivo-150x150.jpeg 150w, https:\/\/peabiru.org.br\/wp-content\/uploads\/2020\/06\/marajc3b3vivo-768x768.jpeg 768w\" sizes=\"auto, (max-width: 277px) 100vw, 277px\" \/><\/figure>\n<\/div>\n\n\n<p>Uma das iniciativas com foco no Maraj\u00f3 \u00e9 a <strong>Campanha Maraj\u00f3 Vivo<\/strong>, idealizada pelo Museu Em\u00edlio Goeldi, Museu do Maraj\u00f3, Prelazia do Maraj\u00f3, Diocese de Ponta de Pedras, Irmandade do Glorioso S\u00e3o Sebasti\u00e3o, Funda\u00e7\u00e3o pela Inclus\u00e3o do Maraj\u00f3, Observat\u00f3rio de Direitos Humanos e Justi\u00e7a Social do Maraj\u00f3, (vinculado \u00e0 Universidade Federal do Par\u00e1), e o Instituto Iacitat\u00e1 Amaz\u00f4nia Viva.<\/p>\n\n\n\n<p style=\"font-size:25px\"><strong>Eixos de atua\u00e7\u00e3o Maraj\u00f3 Vivo<\/strong><\/p>\n\n\n\n<hr class=\"wp-block-separator has-css-opacity\"\/>\n\n\n\n<p>O Maraj\u00f3 Vivo atua em tr\u00eas eixos centrais: <\/p>\n\n\n\n<p>1. Divulga\u00e7\u00e3o de informa\u00e7\u00f5es<br>2. Realiza\u00e7\u00e3o de atividades<br>3. Coleta de doa\u00e7\u00f5es. <\/p>\n\n\n\n<p>O eixo <strong>Divulga\u00e7\u00e3o de informa\u00e7\u00f5es<\/strong> se mostra especialmente importante em fun\u00e7\u00e3o do contexto de dissemina\u00e7\u00e3o de fake news, mensagens e not\u00edcias falsas em rela\u00e7\u00e3o \u00e0 doen\u00e7a. Enfatizar a import\u00e2ncia do distanciamento social e do uso correto da m\u00e1scara, bem como manter atualizado o registro de casos e \u00f3bitos por Covid-19 s\u00e3o as linhas de atua\u00e7\u00e3o desse primeiro eixo.<\/p>\n\n\n\n<p>O segundo e terceiro eixo se d\u00e3o, principalmente, por meio do interm\u00e9dio de demandas entre agentes de sa\u00fade e sociedade civil e \u00f3rg\u00e3os governamentais. <\/p>\n\n\n\n<p style=\"font-size:25px\"><strong>Plano de metas Maraj\u00f3 Vivo<\/strong><\/p>\n\n\n\n<hr class=\"wp-block-separator has-css-opacity\"\/>\n\n\n\n<p>A campanha organizou um <strong>plano de metas<\/strong> para maio a junho. Est\u00e3o sendo arrecadadas cestas b\u00e1sicas, produtos de higiene, m\u00e1scaras caseiras e de prote\u00e7\u00e3o individual, materiais para a confec\u00e7\u00e3o de m\u00e1scaras para posterior distribui\u00e7\u00e3o no Maraj\u00f3. Al\u00e9m disso, as medidas est\u00e3o assim organizadas:<\/p>\n\n\n<div class=\"wp-block-image\">\n<figure class=\"aligncenter size-large is-resized\"><img loading=\"lazy\" decoding=\"async\" src=\"https:\/\/peabiru.org.br\/wp-content\/uploads\/2020\/06\/marajovivometas.jpg?w=1079\" alt=\"\" class=\"wp-image-8170\" width=\"446\" height=\"338\" srcset=\"https:\/\/peabiru.org.br\/wp-content\/uploads\/2020\/06\/marajovivometas.jpg 1079w, https:\/\/peabiru.org.br\/wp-content\/uploads\/2020\/06\/marajovivometas-300x228.jpg 300w, https:\/\/peabiru.org.br\/wp-content\/uploads\/2020\/06\/marajovivometas-1024x777.jpg 1024w, https:\/\/peabiru.org.br\/wp-content\/uploads\/2020\/06\/marajovivometas-768x583.jpg 768w\" sizes=\"auto, (max-width: 446px) 100vw, 446px\" \/><\/figure>\n<\/div>\n\n\n<hr class=\"wp-block-separator has-text-color has-white-color has-css-opacity has-white-background-color has-background\"\/>\n\n\n\n<p style=\"font-size:25px\"><strong>Notas t\u00e9cnicas COVID-19 e Maraj\u00f3<\/strong><\/p>\n\n\n\n<hr class=\"wp-block-separator has-css-opacity\"\/>\n\n\n\n<hr class=\"wp-block-separator has-text-color has-white-color has-css-opacity has-white-background-color has-background\"\/>\n\n\n\n<p class=\"has-text-align-center has-black-color has-text-color has-background\" style=\"background-color:#eeeeee\"><strong>Nota t\u00e9cnica 1<\/strong> &#8211;<br><strong><a href=\"https:\/\/www.museu-goeldi.br\/noticias\/nota-tecnica-panorama-da-covid-19-nos-municipios-do-marajo\/nota-tecnica-pandemia-marajo.pdf\">Panorama da COVID-19 nos munic\u00edpios do Maraj\u00f3, Par\u00e1 <\/a><\/strong><br>4 de junho de 2020<\/p>\n\n\n\n<p class=\"has-text-align-center has-black-color has-text-color has-background\" style=\"background-color:#eeeeee\"><strong>Nota t\u00e9cnica 2 &#8211;<br><a href=\"https:\/\/peabiru.org.br\/wp-content\/uploads\/2020\/06\/nota-tecnica-isolamento-mascaras-15-06-final.pdf\">Cen\u00e1rios de isolamento social e uso de m\u00e1scaras <br>no Arquip\u00e9lago do Maraj\u00f3, Par\u00e1<\/a><\/strong><br>15 de junho de 2020<\/p>\n\n\n\n<p class=\"has-white-color has-text-color\"><\/p>\n\n\n\n<p style=\"font-size:25px\"><strong>Como ajudar?<\/strong><\/p>\n\n\n\n<hr class=\"wp-block-separator has-css-opacity\"\/>\n\n\n\n<p>Saiba como ajudar nas a\u00e7\u00f5es de enfrentamento \u00e0 <a href=\"https:\/\/twitter.com\/hashtag\/COVID19?src=hashtag_click\">#COVID19<\/a> no arquip\u00e9lago do <a href=\"https:\/\/twitter.com\/hashtag\/Maraj%C3%B3?src=hashtag_click\">#Maraj\u00f3<\/a> <\/p>\n\n\n\n<hr class=\"wp-block-separator has-text-color has-white-color has-css-opacity has-white-background-color has-background\"\/>\n\n\n\n<p class=\"has-text-align-center has-background\" style=\"background-color:#eeeeee\"><strong>Contacts<br><\/strong>(91) 98821 6263 \/ (91) 99192 7741<\/p>\n\n\n\n<p class=\"has-text-align-center has-black-color has-text-color has-background\" style=\"background-color:#eeeeee\"><strong>Doa\u00e7\u00f5es<br><\/strong>Banco do Brasil 001<br>Ag\u00eancia: 1686-1<br>Conta: 34368-4 <br>CNPJ: 04.696.357\/0001-07<br>Diocese de Ponta de Pedras<\/p>\n\n\n\n<hr class=\"wp-block-separator has-text-color has-white-color has-css-opacity has-white-background-color has-background\"\/>\n\n\n\n<p style=\"font-size:25px\"><strong>Acompanhe Maraj\u00f3Vivo nas redes sociais<\/strong><\/p>\n\n\n\n<hr class=\"wp-block-separator has-text-color has-white-color has-css-opacity has-white-background-color has-background\"\/>\n\n\n\n<ul class=\"wp-block-social-links is-layout-flex wp-block-social-links-is-layout-flex\">\n\n<li class=\"wp-social-link wp-social-link-twitter  wp-block-social-link\"><a href=\"https:\/\/twitter.com\/MarajoVivo\" class=\"wp-block-social-link-anchor\"><svg width=\"24\" height=\"24\" viewbox=\"0 0 24 24\" version=\"1.1\" xmlns=\"http:\/\/www.w3.org\/2000\/svg\" aria-hidden=\"true\" focusable=\"false\"><path d=\"M22.23,5.924c-0.736,0.326-1.527,0.547-2.357,0.646c0.847-0.508,1.498-1.312,1.804-2.27 c-0.793,0.47-1.671,0.812-2.606,0.996C18.324,4.498,17.257,4,16.077,4c-2.266,0-4.103,1.837-4.103,4.103 c0,0.322,0.036,0.635,0.106,0.935C8.67,8.867,5.647,7.234,3.623,4.751C3.27,5.357,3.067,6.062,3.067,6.814 c0,1.424,0.724,2.679,1.825,3.415c-0.673-0.021-1.305-0.206-1.859-0.513c0,0.017,0,0.034,0,0.052c0,1.988,1.414,3.647,3.292,4.023 c-0.344,0.094-0.707,0.144-1.081,0.144c-0.264,0-0.521-0.026-0.772-0.074c0.522,1.63,2.038,2.816,3.833,2.85 c-1.404,1.1-3.174,1.756-5.096,1.756c-0.331,0-0.658-0.019-0.979-0.057c1.816,1.164,3.973,1.843,6.29,1.843 c7.547,0,11.675-6.252,11.675-11.675c0-0.178-0.004-0.355-0.012-0.531C20.985,7.47,21.68,6.747,22.23,5.924z\"><\/path><\/svg><span class=\"wp-block-social-link-label screen-reader-text\">Twitter<\/span><\/a><\/li>\n\n\n\n\n\n\n\n<li class=\"wp-social-link wp-social-link-instagram  wp-block-social-link\"><a href=\"http:\/\/instagram.com\/marajovivo\" class=\"wp-block-social-link-anchor\"><svg width=\"24\" height=\"24\" viewbox=\"0 0 24 24\" version=\"1.1\" xmlns=\"http:\/\/www.w3.org\/2000\/svg\" aria-hidden=\"true\" focusable=\"false\"><path d=\"M12,4.622c2.403,0,2.688,0.009,3.637,0.052c0.877,0.04,1.354,0.187,1.671,0.31c0.42,0.163,0.72,0.358,1.035,0.673 c0.315,0.315,0.51,0.615,0.673,1.035c0.123,0.317,0.27,0.794,0.31,1.671c0.043,0.949,0.052,1.234,0.052,3.637 s-0.009,2.688-0.052,3.637c-0.04,0.877-0.187,1.354-0.31,1.671c-0.163,0.42-0.358,0.72-0.673,1.035 c-0.315,0.315-0.615,0.51-1.035,0.673c-0.317,0.123-0.794,0.27-1.671,0.31c-0.949,0.043-1.233,0.052-3.637,0.052 s-2.688-0.009-3.637-0.052c-0.877-0.04-1.354-0.187-1.671-0.31c-0.42-0.163-0.72-0.358-1.035-0.673 c-0.315-0.315-0.51-0.615-0.673-1.035c-0.123-0.317-0.27-0.794-0.31-1.671C4.631,14.688,4.622,14.403,4.622,12 s0.009-2.688,0.052-3.637c0.04-0.877,0.187-1.354,0.31-1.671c0.163-0.42,0.358-0.72,0.673-1.035 c0.315-0.315,0.615-0.51,1.035-0.673c0.317-0.123,0.794-0.27,1.671-0.31C9.312,4.631,9.597,4.622,12,4.622 M12,3 C9.556,3,9.249,3.01,8.289,3.054C7.331,3.098,6.677,3.25,6.105,3.472C5.513,3.702,5.011,4.01,4.511,4.511 c-0.5,0.5-0.808,1.002-1.038,1.594C3.25,6.677,3.098,7.331,3.054,8.289C3.01,9.249,3,9.556,3,12c0,2.444,0.01,2.751,0.054,3.711 c0.044,0.958,0.196,1.612,0.418,2.185c0.23,0.592,0.538,1.094,1.038,1.594c0.5,0.5,1.002,0.808,1.594,1.038 c0.572,0.222,1.227,0.375,2.185,0.418C9.249,20.99,9.556,21,12,21s2.751-0.01,3.711-0.054c0.958-0.044,1.612-0.196,2.185-0.418 c0.592-0.23,1.094-0.538,1.594-1.038c0.5-0.5,0.808-1.002,1.038-1.594c0.222-0.572,0.375-1.227,0.418-2.185 C20.99,14.751,21,14.444,21,12s-0.01-2.751-0.054-3.711c-0.044-0.958-0.196-1.612-0.418-2.185c-0.23-0.592-0.538-1.094-1.038-1.594 c-0.5-0.5-1.002-0.808-1.594-1.038c-0.572-0.222-1.227-0.375-2.185-0.418C14.751,3.01,14.444,3,12,3L12,3z M12,7.378 c-2.552,0-4.622,2.069-4.622,4.622S9.448,16.622,12,16.622s4.622-2.069,4.622-4.622S14.552,7.378,12,7.378z M12,15 c-1.657,0-3-1.343-3-3s1.343-3,3-3s3,1.343,3,3S13.657,15,12,15z M16.804,6.116c-0.596,0-1.08,0.484-1.08,1.08 s0.484,1.08,1.08,1.08c0.596,0,1.08-0.484,1.08-1.08S17.401,6.116,16.804,6.116z\"><\/path><\/svg><span class=\"wp-block-social-link-label screen-reader-text\">Instagram<\/span><\/a><\/li><\/ul>\n\n\n\n<div style=\"height:100px\" aria-hidden=\"true\" class=\"wp-block-spacer\"><\/div>\n\n\n\n<hr class=\"wp-block-separator has-css-opacity is-style-wide\"\/>\n\n\n\n<hr class=\"wp-block-separator has-text-color has-white-color has-css-opacity has-white-background-color has-background\"\/>\n\n\n\n<hr class=\"wp-block-separator has-text-color has-white-color has-css-opacity has-white-background-color has-background\"\/>\n\n\n\n<h2 class=\"wp-block-heading\" style=\"font-size:30px\">Observat\u00f3rio do Maraj\u00f3<\/h2>\n\n\n<div class=\"wp-block-image\">\n<figure class=\"aligncenter size-large is-resized\"><img loading=\"lazy\" decoding=\"async\" src=\"https:\/\/peabiru.org.br\/wp-content\/uploads\/2020\/06\/obmaraj-1.png?w=640\" alt=\"\" class=\"wp-image-8250\" width=\"251\" height=\"261\" srcset=\"https:\/\/peabiru.org.br\/wp-content\/uploads\/2020\/06\/obmaraj-1.png 640w, https:\/\/peabiru.org.br\/wp-content\/uploads\/2020\/06\/obmaraj-1-288x300.png 288w\" sizes=\"auto, (max-width: 251px) 100vw, 251px\" \/><\/figure>\n<\/div>\n\n\n<hr class=\"wp-block-separator has-text-color has-white-color has-css-opacity has-white-background-color has-background\"\/>\n\n\n\n<p>O Observat\u00f3rio do Maraj\u00f3 surgiu com a proposta de revelar a verdadeira urbaniza\u00e7\u00e3o do territ\u00f3rio marajoara e contribuir para fortalecimento da popula\u00e7\u00e3o local. A iniciativa proporciona instrumentos que aumentam a participa\u00e7\u00e3o popular nas tomadas de decis\u00f5es sociopol\u00edticas, sendo aliados ao fortalecimento das pol\u00edticas p\u00fablicas locais. <\/p>\n\n\n\n<p>Diante do cen\u00e1rio de pandemia do Novo Coronav\u00edrus, a organiza\u00e7\u00e3o levantou a campanha <strong>\u201cRede Mulheres Marajoaras em Movimento\u201d<\/strong>. A meta da campanha buscava assegurar suporte&nbsp;para as mulheres marajoaras que se mudaram para as periferias de Bel\u00e9m, repassando-lhes o valor de R$ 400,00 reais pelo per\u00edodo de dois meses (junho e julho). <\/p>\n\n\n\n<p>A meta foi alcan\u00e7ada, gra\u00e7as aos 93 apoiadores que ajudar\u00e3o 30 mulheres. Al\u00e9m da campanha, o Observat\u00f3rio tem trabalhado na divulga\u00e7\u00e3o de dados estat\u00edsticos que atualizam a situa\u00e7\u00e3o local a cerca das contamina\u00e7\u00f5es por COVID19 e tamb\u00e9m tem promovido debates em suas redes sociais para sensibilizar a popula\u00e7\u00e3o em geral da gravidade vivida na regi\u00e3o. <\/p>\n\n\n\n<p>O Observat\u00f3rio do Maraj\u00f3 produziu publica\u00e7\u00e3o especial sobre os primeiros 40 dias de Maraj\u00f3 com coronav\u00edrus. O documento traz informa\u00e7\u00f5es do Maraj\u00f3 e dos seus 16 munic\u00edpios relacionadas ao contexto social (dados de saneamento b\u00e1sico, acesso \u00e0 \u00e1gua e \u00e0 sa\u00fade), \u00e0 evolu\u00e7\u00e3o do coronav\u00edrus na regi\u00e3o e \u00e0 transpar\u00eancia e \u00e0 comunica\u00e7\u00e3o das prefeituras do Maraj\u00f3 nesse momento! A publica\u00e7\u00e3o contou com colabora\u00e7\u00f5es do Programa de Direitos Humanos, Inf\u00e2ncias e Diversidade do Arquip\u00e9lago do Maraj\u00f3 (DIDHAM\/UFPA), do Instituto de Governo Aberto e do Instituto \u00c1gua e Saneamento. <\/p>\n\n\n\n<p>O documento est\u00e1 dispon\u00edvel para acesso no site do Observat\u00f3rio (Link abaixo); <\/p>\n\n\n\n<p class=\"has-text-align-center has-background\" style=\"background-color:#eeeeee\"><strong>Cadernos do Maraj\u00f3<\/strong>: <br><strong><a href=\"https:\/\/www.observatoriodomarajo.org\/40diasmarajocovid19\">Primeiros 40 dias de Maraj\u00f3 com Coronav\u00edrus<\/a><\/strong><\/p>\n\n\n\n<hr class=\"wp-block-separator has-text-color has-white-color has-css-opacity has-white-background-color has-background\"\/>\n\n\n\n<p><strong>Acompanhe Observat\u00f3rio do Maraj\u00f3 nas redes sociais<\/strong><\/p>\n\n\n\n<p><\/p>\n\n\n\n<ul class=\"wp-block-social-links alignleft is-layout-flex wp-block-social-links-is-layout-flex\"><li class=\"wp-social-link wp-social-link-wordpress  wp-block-social-link\"><a href=\"https:\/\/www.observatoriodomarajo.org\/%20\" class=\"wp-block-social-link-anchor\"><svg width=\"24\" height=\"24\" viewbox=\"0 0 24 24\" version=\"1.1\" xmlns=\"http:\/\/www.w3.org\/2000\/svg\" aria-hidden=\"true\" focusable=\"false\"><path d=\"M12.158,12.786L9.46,20.625c0.806,0.237,1.657,0.366,2.54,0.366c1.047,0,2.051-0.181,2.986-0.51 c-0.024-0.038-0.046-0.079-0.065-0.124L12.158,12.786z M3.009,12c0,3.559,2.068,6.634,5.067,8.092L3.788,8.341 C3.289,9.459,3.009,10.696,3.009,12z M18.069,11.546c0-1.112-0.399-1.881-0.741-2.48c-0.456-0.741-0.883-1.368-0.883-2.109 c0-0.826,0.627-1.596,1.51-1.596c0.04,0,0.078,0.005,0.116,0.007C16.472,3.904,14.34,3.009,12,3.009 c-3.141,0-5.904,1.612-7.512,4.052c0.211,0.007,0.41,0.011,0.579,0.011c0.94,0,2.396-0.114,2.396-0.114 C7.947,6.93,8.004,7.642,7.52,7.699c0,0-0.487,0.057-1.029,0.085l3.274,9.739l1.968-5.901l-1.401-3.838 C9.848,7.756,9.389,7.699,9.389,7.699C8.904,7.67,8.961,6.93,9.446,6.958c0,0,1.484,0.114,2.368,0.114 c0.94,0,2.397-0.114,2.397-0.114c0.485-0.028,0.542,0.684,0.057,0.741c0,0-0.488,0.057-1.029,0.085l3.249,9.665l0.897-2.996 C17.841,13.284,18.069,12.316,18.069,11.546z M19.889,7.686c0.039,0.286,0.06,0.593,0.06,0.924c0,0.912-0.171,1.938-0.684,3.22 l-2.746,7.94c2.673-1.558,4.47-4.454,4.47-7.771C20.991,10.436,20.591,8.967,19.889,7.686z M12,22C6.486,22,2,17.514,2,12 C2,6.486,6.486,2,12,2c5.514,0,10,4.486,10,10C22,17.514,17.514,22,12,22z\"><\/path><\/svg><span class=\"wp-block-social-link-label screen-reader-text\">WordPress<\/span><\/a><\/li>\n\n\n\n\n\n<li class=\"wp-social-link wp-social-link-instagram  wp-block-social-link\"><a href=\"https:\/\/%20https:\/\/www.instagram.com\/obsdomarajo\/\" class=\"wp-block-social-link-anchor\"><svg width=\"24\" height=\"24\" viewbox=\"0 0 24 24\" version=\"1.1\" xmlns=\"http:\/\/www.w3.org\/2000\/svg\" aria-hidden=\"true\" focusable=\"false\"><path d=\"M12,4.622c2.403,0,2.688,0.009,3.637,0.052c0.877,0.04,1.354,0.187,1.671,0.31c0.42,0.163,0.72,0.358,1.035,0.673 c0.315,0.315,0.51,0.615,0.673,1.035c0.123,0.317,0.27,0.794,0.31,1.671c0.043,0.949,0.052,1.234,0.052,3.637 s-0.009,2.688-0.052,3.637c-0.04,0.877-0.187,1.354-0.31,1.671c-0.163,0.42-0.358,0.72-0.673,1.035 c-0.315,0.315-0.615,0.51-1.035,0.673c-0.317,0.123-0.794,0.27-1.671,0.31c-0.949,0.043-1.233,0.052-3.637,0.052 s-2.688-0.009-3.637-0.052c-0.877-0.04-1.354-0.187-1.671-0.31c-0.42-0.163-0.72-0.358-1.035-0.673 c-0.315-0.315-0.51-0.615-0.673-1.035c-0.123-0.317-0.27-0.794-0.31-1.671C4.631,14.688,4.622,14.403,4.622,12 s0.009-2.688,0.052-3.637c0.04-0.877,0.187-1.354,0.31-1.671c0.163-0.42,0.358-0.72,0.673-1.035 c0.315-0.315,0.615-0.51,1.035-0.673c0.317-0.123,0.794-0.27,1.671-0.31C9.312,4.631,9.597,4.622,12,4.622 M12,3 C9.556,3,9.249,3.01,8.289,3.054C7.331,3.098,6.677,3.25,6.105,3.472C5.513,3.702,5.011,4.01,4.511,4.511 c-0.5,0.5-0.808,1.002-1.038,1.594C3.25,6.677,3.098,7.331,3.054,8.289C3.01,9.249,3,9.556,3,12c0,2.444,0.01,2.751,0.054,3.711 c0.044,0.958,0.196,1.612,0.418,2.185c0.23,0.592,0.538,1.094,1.038,1.594c0.5,0.5,1.002,0.808,1.594,1.038 c0.572,0.222,1.227,0.375,2.185,0.418C9.249,20.99,9.556,21,12,21s2.751-0.01,3.711-0.054c0.958-0.044,1.612-0.196,2.185-0.418 c0.592-0.23,1.094-0.538,1.594-1.038c0.5-0.5,0.808-1.002,1.038-1.594c0.222-0.572,0.375-1.227,0.418-2.185 C20.99,14.751,21,14.444,21,12s-0.01-2.751-0.054-3.711c-0.044-0.958-0.196-1.612-0.418-2.185c-0.23-0.592-0.538-1.094-1.038-1.594 c-0.5-0.5-1.002-0.808-1.594-1.038c-0.572-0.222-1.227-0.375-2.185-0.418C14.751,3.01,14.444,3,12,3L12,3z M12,7.378 c-2.552,0-4.622,2.069-4.622,4.622S9.448,16.622,12,16.622s4.622-2.069,4.622-4.622S14.552,7.378,12,7.378z M12,15 c-1.657,0-3-1.343-3-3s1.343-3,3-3s3,1.343,3,3S13.657,15,12,15z M16.804,6.116c-0.596,0-1.08,0.484-1.08,1.08 s0.484,1.08,1.08,1.08c0.596,0,1.08-0.484,1.08-1.08S17.401,6.116,16.804,6.116z\"><\/path><\/svg><span class=\"wp-block-social-link-label screen-reader-text\">Instagram<\/span><\/a><\/li>\n\n\n\n\n\n<li class=\"wp-social-link wp-social-link-twitter  wp-block-social-link\"><a href=\"https:\/\/twitter.com\/obsdomarajo\" class=\"wp-block-social-link-anchor\"><svg width=\"24\" height=\"24\" viewbox=\"0 0 24 24\" version=\"1.1\" xmlns=\"http:\/\/www.w3.org\/2000\/svg\" aria-hidden=\"true\" focusable=\"false\"><path d=\"M22.23,5.924c-0.736,0.326-1.527,0.547-2.357,0.646c0.847-0.508,1.498-1.312,1.804-2.27 c-0.793,0.47-1.671,0.812-2.606,0.996C18.324,4.498,17.257,4,16.077,4c-2.266,0-4.103,1.837-4.103,4.103 c0,0.322,0.036,0.635,0.106,0.935C8.67,8.867,5.647,7.234,3.623,4.751C3.27,5.357,3.067,6.062,3.067,6.814 c0,1.424,0.724,2.679,1.825,3.415c-0.673-0.021-1.305-0.206-1.859-0.513c0,0.017,0,0.034,0,0.052c0,1.988,1.414,3.647,3.292,4.023 c-0.344,0.094-0.707,0.144-1.081,0.144c-0.264,0-0.521-0.026-0.772-0.074c0.522,1.63,2.038,2.816,3.833,2.85 c-1.404,1.1-3.174,1.756-5.096,1.756c-0.331,0-0.658-0.019-0.979-0.057c1.816,1.164,3.973,1.843,6.29,1.843 c7.547,0,11.675-6.252,11.675-11.675c0-0.178-0.004-0.355-0.012-0.531C20.985,7.47,21.68,6.747,22.23,5.924z\"><\/path><\/svg><span class=\"wp-block-social-link-label screen-reader-text\">Twitter<\/span><\/a><\/li><\/ul>\n\n\n\n<p><\/p>\n\n\n\n<div style=\"height:100px\" aria-hidden=\"true\" class=\"wp-block-spacer\"><\/div>","protected":false},"excerpt":{"rendered":"<p>O Instituto Peabiru est\u00e1 colaborando com organiza\u00e7\u00f5es e movimentos locais dos territ\u00f3rios em que atua para dar visibilidade aos contextos e demandas dessas localidades na pandemia de Covid-19.<\/p>","protected":false},"author":2,"featured_media":1832,"parent":0,"menu_order":0,"comment_status":"closed","ping_status":"closed","template":"template-fullwidth.php","meta":{"advanced_seo_description":"","jetpack_seo_html_title":"","jetpack_seo_noindex":false,"footnotes":""},"class_list":["post-8158","page","type-page","status-publish","has-post-thumbnail","hentry"],"jetpack_sharing_enabled":true,"_links":{"self":[{"href":"https:\/\/peabiru.org.br\/en\/wp-json\/wp\/v2\/pages\/8158","targetHints":{"allow":["GET"]}}],"collection":[{"href":"https:\/\/peabiru.org.br\/en\/wp-json\/wp\/v2\/pages"}],"about":[{"href":"https:\/\/peabiru.org.br\/en\/wp-json\/wp\/v2\/types\/page"}],"author":[{"embeddable":true,"href":"https:\/\/peabiru.org.br\/en\/wp-json\/wp\/v2\/users\/2"}],"replies":[{"embeddable":true,"href":"https:\/\/peabiru.org.br\/en\/wp-json\/wp\/v2\/comments?post=8158"}],"version-history":[{"count":2,"href":"https:\/\/peabiru.org.br\/en\/wp-json\/wp\/v2\/pages\/8158\/revisions"}],"predecessor-version":[{"id":14653,"href":"https:\/\/peabiru.org.br\/en\/wp-json\/wp\/v2\/pages\/8158\/revisions\/14653"}],"wp:featuredmedia":[{"embeddable":true,"href":"https:\/\/peabiru.org.br\/en\/wp-json\/wp\/v2\/media\/1832"}],"wp:attachment":[{"href":"https:\/\/peabiru.org.br\/en\/wp-json\/wp\/v2\/media?parent=8158"}],"curies":[{"name":"wp","href":"https:\/\/api.w.org\/{rel}","templated":true}]}}